{"id":10810,"date":"2019-10-06T21:55:54","date_gmt":"2019-10-06T19:55:54","guid":{"rendered":"https:\/\/hajimekarate.com\/comprar\/kama-de-madeira\/"},"modified":"2026-04-10T13:12:59","modified_gmt":"2026-04-10T11:12:59","slug":"kama-de-madera","status":"publish","type":"product","link":"https:\/\/hajimekarate.com\/pt-pt\/comprar\/kama-de-madera\/","title":{"rendered":"Kama com Ha em Madeira Linha Miyabi"},"content":{"rendered":"<p><span style=\"font-weight: 400;\">A Kama \u00e9 um utens\u00edlio de Okinawa (Jap\u00e3o) que teve a sua origem na agricultura. \u00c9 uma ferramenta agr\u00edcola, uma foice, que foi adaptada para uma arma de Kobudo. Diz-se que a t\u00e9cnica da Kama (Kamajutsu) foi desenvolvida pelo facto de ter sido proibida a posse de armas no arquip\u00e9lago das ilhas Ryukyu. \u00c9 uma arma adaptada tanto para a defesa como para o ataque, uma vez que permite bloquear, cortar ou esfaquear. <\/span><\/p>\n<p>Fabricada em madeira de faia de primeira qualidade. A Tsuka (pega) foi concebida para n\u00e3o escorregar da m\u00e3o e para que tenha uma boa pega. C\u00f3nicas com um di\u00e2metro de 2,4 cm a 2,9 cm. Comprimento total: 38 cm. Lixada \u00e0 m\u00e3o e aplica\u00e7\u00e3o posterior de uma camada de \u00f3leo de linha\u00e7a Muito leves, ideais para iniciantes.<\/p>\n","protected":false},"excerpt":{"rendered":"<p>Madeira de faia de primeira qualidade. C\u00f3nicas com um diametro de 2,4 cm a 2,9 cm. Comprimento total: 38 cm. Peso do par: 400 gr.<\/p>\n<p><em>* Produto artesanal feito por encomenda, por isso, por vezes, se n\u00e3o tivermos stock, pode demorar alguns dias.<br \/>\n<\/em><em>** Produto n\u00e3o dispon\u00edvel fora da UE.<\/p>\n<p>IMPORTANTE: Todas as nossas armas e utens\u00edlios s\u00e3o vendidos como artigos de cole\u00e7\u00e3o e \u00e9 proibida a sua utiliza\u00e7\u00e3o ou transporte como armas.<br \/>\n<\/em><\/p>\n","protected":false},"featured_media":10073,"template":"","meta":{"_joinchat":[]},"product_brand":[],"product_cat":[800,1133,1143,1140],"product_tag":[2621],"class_list":{"0":"post-10810","1":"product","2":"type-product","3":"status-publish","4":"has-post-thumbnail","6":"product_cat-armas-e-utensilios","7":"product_cat-armas-e-utensilios-da-linha-miyabi","8":"product_cat-de-madeira","9":"product_cat-kobudo-pt-pt","10":"product_tag-club-05-pt","12":"first","13":"onbackorder","14":"taxable","15":"shipping-taxable","16":"purchasable","17":"product-type-simple"},"_links":{"self":[{"href":"https:\/\/hajimekarate.com\/pt-pt\/wp-json\/wp\/v2\/product\/10810","targetHints":{"allow":["GET"]}}],"collection":[{"href":"https:\/\/hajimekarate.com\/pt-pt\/wp-json\/wp\/v2\/product"}],"about":[{"href":"https:\/\/hajimekarate.com\/pt-pt\/wp-json\/wp\/v2\/types\/product"}],"wp:featuredmedia":[{"embeddable":true,"href":"https:\/\/hajimekarate.com\/pt-pt\/wp-json\/wp\/v2\/media\/10073"}],"wp:attachment":[{"href":"https:\/\/hajimekarate.com\/pt-pt\/wp-json\/wp\/v2\/media?parent=10810"}],"wp:term":[{"taxonomy":"product_brand","embeddable":true,"href":"https:\/\/hajimekarate.com\/pt-pt\/wp-json\/wp\/v2\/product_brand?post=10810"},{"taxonomy":"product_cat","embeddable":true,"href":"https:\/\/hajimekarate.com\/pt-pt\/wp-json\/wp\/v2\/product_cat?post=10810"},{"taxonomy":"product_tag","embeddable":true,"href":"https:\/\/hajimekarate.com\/pt-pt\/wp-json\/wp\/v2\/product_tag?post=10810"}],"curies":[{"name":"wp","href":"https:\/\/api.w.org\/{rel}","templated":true}]}}