{"id":10808,"date":"2019-10-06T21:55:55","date_gmt":"2019-10-06T19:55:55","guid":{"rendered":"https:\/\/hajimekarate.com\/comprar\/kama-metal-sem-fio\/"},"modified":"2026-04-13T10:57:10","modified_gmt":"2026-04-13T08:57:10","slug":"kama-metalica-sin-filo","status":"publish","type":"product","link":"https:\/\/hajimekarate.com\/pt-pt\/comprar\/kama-metalica-sin-filo\/","title":{"rendered":"Kama com Ha Met\u00e1lica sem Afiar Linha Miyabi"},"content":{"rendered":"<p><span style=\"font-weight: 400;\">A Kama \u00e9 um utens\u00edlio de Okinawa (Jap\u00e3o) que teve a sua origem na agricultura. \u00c9 uma ferramenta agr\u00edcola, uma foice, que foi adaptada para uma arma de Kobudo. Diz-se que a t\u00e9cnica da Kama (Kamajutsu) foi desenvolvida pelo facto de ter sido proibida a posse de armas no arquip\u00e9lago das ilhas Ryukyu. \u00c9 uma arma adaptada tanto para a defesa como para o ataque, uma vez que permite bloquear, cortar ou esfaquear. <\/span><span style=\"font-weight: 400;\">Os tamanhos dispon\u00edveis s\u00e3o: M (38 cm de pega e 19 cm de l\u00e2mina) e L (45,5 cm de pega e 19 cm de l\u00e2mina). Fabricada artesanalmente no Jap\u00e3o em madeira de faia. <\/span><\/p>\n<p>A Tsuka (pega) foi concebida em madeira de faia de primeira qualidade para n\u00e3o escorregar da m\u00e3o e para que tenha uma boa pega, de forma c\u00f3nica com um di\u00e2metro de 2,5 cm a 2,9 cm. Ha (l\u00e2mina) em a\u00e7o carbono polido, muito resistente, com 19 cm de comprimento e virola, aro de press\u00e3o, em ferro polido com pinos de 4 mm, o que torna a uni\u00e3o \u00e0 Tsuka (pega) s\u00f3lida, fazendo esta pe\u00e7a \u00fanica.<\/p>\n","protected":false},"excerpt":{"rendered":"<p>Sem afiar. Tsuka (pega) c\u00f3nica com um di\u00e2metro de 2,5 cm a 2,9 cm, dois tamanhos dispon\u00edveis. Ha (l\u00e2mina) com 19 cm de comprimento. Par.<\/p>\n<p><em>* Produto artesanal feito por encomenda, por isso, por vezes, se n\u00e3o tivermos stock, pode demorar alguns dias.<br \/>\n<\/em><em>** Produto n\u00e3o dispon\u00edvel fora da UE.<\/em><\/p>\n<p>IMPORTANTE: Todas as nossas armas e utens\u00edlios s\u00e3o vendidos como artigos de cole\u00e7\u00e3o e \u00e9 proibida a sua utiliza\u00e7\u00e3o ou transporte como armas.<\/p>\n","protected":false},"featured_media":10082,"template":"","meta":{"_joinchat":[]},"product_brand":[],"product_cat":[2350,800,1133,1143,1140],"product_tag":[],"class_list":{"0":"post-10808","1":"product","2":"type-product","3":"status-publish","4":"has-post-thumbnail","6":"product_cat-ferramentas-custos","7":"product_cat-armas-e-utensilios","8":"product_cat-armas-e-utensilios-da-linha-miyabi","9":"product_cat-de-madeira","10":"product_cat-kobudo-pt-pt","11":"product_shipping_class-tools_metal","13":"first","14":"onbackorder","15":"taxable","16":"shipping-taxable","17":"purchasable","18":"product-type-simple"},"_links":{"self":[{"href":"https:\/\/hajimekarate.com\/pt-pt\/wp-json\/wp\/v2\/product\/10808","targetHints":{"allow":["GET"]}}],"collection":[{"href":"https:\/\/hajimekarate.com\/pt-pt\/wp-json\/wp\/v2\/product"}],"about":[{"href":"https:\/\/hajimekarate.com\/pt-pt\/wp-json\/wp\/v2\/types\/product"}],"wp:featuredmedia":[{"embeddable":true,"href":"https:\/\/hajimekarate.com\/pt-pt\/wp-json\/wp\/v2\/media\/10082"}],"wp:attachment":[{"href":"https:\/\/hajimekarate.com\/pt-pt\/wp-json\/wp\/v2\/media?parent=10808"}],"wp:term":[{"taxonomy":"product_brand","embeddable":true,"href":"https:\/\/hajimekarate.com\/pt-pt\/wp-json\/wp\/v2\/product_brand?post=10808"},{"taxonomy":"product_cat","embeddable":true,"href":"https:\/\/hajimekarate.com\/pt-pt\/wp-json\/wp\/v2\/product_cat?post=10808"},{"taxonomy":"product_tag","embeddable":true,"href":"https:\/\/hajimekarate.com\/pt-pt\/wp-json\/wp\/v2\/product_tag?post=10808"}],"curies":[{"name":"wp","href":"https:\/\/api.w.org\/{rel}","templated":true}]}}