{"id":10807,"date":"2019-10-06T21:55:56","date_gmt":"2019-10-06T19:55:56","guid":{"rendered":"https:\/\/hajimekarate.com\/comprar\/muge-sosetsukon\/"},"modified":"2026-04-15T12:39:49","modified_gmt":"2026-04-15T10:39:49","slug":"muge-sosetsukon","status":"publish","type":"product","link":"https:\/\/hajimekarate.com\/pt-pt\/comprar\/muge-sosetsukon\/","title":{"rendered":"Muge Sosetsukon Linha Miyabi"},"content":{"rendered":"<p>Fabricado artesanalmente em madeira de pinho de primeira qualidade, com um comprimento de 38 cm. A corda de nylon \u00e9 extra forte e a pega \u00e9 especialmente estudada para que os dedos n\u00e3o sofram cortes ao apert\u00e1-la. Lixado \u00e0 m\u00e3o e aplica\u00e7\u00e3o posterior de uma camada de \u00f3leo de linha\u00e7a. Respeitando a sua forma original ao m\u00e1ximo.<\/p>\n","protected":false},"excerpt":{"rendered":"<p>Fabricado artesanalmente. Em madeira de pinho de primeira qualidade. 38 cm de comprimento com uma corda de nylon extra forte.<\/p>\n<p><em>* Produto artesanal feito por encomenda, por isso, por vezes, se n\u00e3o tivermos stock, pode demorar alguns dias.<\/em><\/p>\n<p>&nbsp;<\/p>\n<p>IMPORTANTE: Todas as nossas armas e utens\u00edlios s\u00e3o vendidos como artigos de cole\u00e7\u00e3o e \u00e9 proibida a sua utiliza\u00e7\u00e3o ou transporte como armas.<\/p>\n","protected":false},"featured_media":10106,"template":"","meta":{"_joinchat":[]},"product_brand":[],"product_cat":[800,1133,1143,1140],"product_tag":[2621],"class_list":{"0":"post-10807","1":"product","2":"type-product","3":"status-publish","4":"has-post-thumbnail","6":"product_cat-armas-e-utensilios","7":"product_cat-armas-e-utensilios-da-linha-miyabi","8":"product_cat-de-madeira","9":"product_cat-kobudo-pt-pt","10":"product_tag-club-05-pt","12":"first","13":"onbackorder","14":"taxable","15":"shipping-taxable","16":"purchasable","17":"product-type-simple"},"_links":{"self":[{"href":"https:\/\/hajimekarate.com\/pt-pt\/wp-json\/wp\/v2\/product\/10807","targetHints":{"allow":["GET"]}}],"collection":[{"href":"https:\/\/hajimekarate.com\/pt-pt\/wp-json\/wp\/v2\/product"}],"about":[{"href":"https:\/\/hajimekarate.com\/pt-pt\/wp-json\/wp\/v2\/types\/product"}],"wp:featuredmedia":[{"embeddable":true,"href":"https:\/\/hajimekarate.com\/pt-pt\/wp-json\/wp\/v2\/media\/10106"}],"wp:attachment":[{"href":"https:\/\/hajimekarate.com\/pt-pt\/wp-json\/wp\/v2\/media?parent=10807"}],"wp:term":[{"taxonomy":"product_brand","embeddable":true,"href":"https:\/\/hajimekarate.com\/pt-pt\/wp-json\/wp\/v2\/product_brand?post=10807"},{"taxonomy":"product_cat","embeddable":true,"href":"https:\/\/hajimekarate.com\/pt-pt\/wp-json\/wp\/v2\/product_cat?post=10807"},{"taxonomy":"product_tag","embeddable":true,"href":"https:\/\/hajimekarate.com\/pt-pt\/wp-json\/wp\/v2\/product_tag?post=10807"}],"curies":[{"name":"wp","href":"https:\/\/api.w.org\/{rel}","templated":true}]}}