{"id":10803,"date":"2019-10-06T21:55:57","date_gmt":"2019-10-06T19:55:57","guid":{"rendered":"https:\/\/hajimekarate.com\/comprar\/sosetsukon-aneis\/"},"modified":"2026-04-22T15:21:33","modified_gmt":"2026-04-22T13:21:33","slug":"sansetsukon-anillas","status":"publish","type":"product","link":"https:\/\/hajimekarate.com\/pt-pt\/comprar\/sansetsukon-anillas\/","title":{"rendered":"Sosetsukon Articulado com Corrente Linha Miyabi"},"content":{"rendered":"<p><span style=\"font-weight: 400;\">\u00c9 um dos utens\u00edlios oriundos da China e introduzidos no Kobudo de Okinawa pelo mestre Sinko Matayoshi. Este utens\u00edlio tamb\u00e9m \u00e9 conhecido como &#8220;Bast\u00e3o do Drag\u00e3o Enrolado&#8221; na China ou como &#8220;Barra Tripla&#8221; em pa\u00edses de l\u00edngua espanhola.<\/span><\/p>\n<p><span style=\"font-weight: 400;\">\u00c9 composto por tr\u00eas bast\u00f5es unidos por correntes ou cordas. Fabricado artesanalmente em madeira de faia.<\/span><span style=\"font-weight: 400;\">Medidas padronizadas, embora, tradicionalmente, a medida personalizada do Sosetsukon em Okinawa seja o comprimento dos bra\u00e7os para cada bast\u00e3o das pontas e a largura dos ombros para o bast\u00e3o central. Muito eficaz no trabalho das tr\u00eas dist\u00e2ncias.<\/span><\/p>\n<p>Di\u00e2metro de 30 mm, o bast\u00e3o central mede 60 cm e os das pontas 64 cm. Argolas com 35 mm e um comprimento total de cada corrente de 9 cm. Ideal para Kata e contacto.<\/p>\n","protected":false},"excerpt":{"rendered":"<p>Fabrico artesanal. Madeira de faia. 30 mm de di\u00e2metro. Com argolas. O bast\u00e3o central mede 60 cm e os das pontas 64 cm. Peso: 1,13 kg.<\/p>\n<p><em>* Produto artesanal feito por encomenda, por isso, por vezes, se n\u00e3o tivermos stock, pode demorar alguns dias.<\/p>\n<p>IMPORTANTE: Todas as nossas armas e utens\u00edlios s\u00e3o vendidos como artigos de cole\u00e7\u00e3o e \u00e9 proibida a sua utiliza\u00e7\u00e3o ou transporte como armas.<br \/>\n<\/em><\/p>\n","protected":false},"featured_media":10169,"template":"","meta":{"_joinchat":[]},"product_brand":[],"product_cat":[800,1133,1143,1140],"product_tag":[2621],"class_list":{"0":"post-10803","1":"product","2":"type-product","3":"status-publish","4":"has-post-thumbnail","6":"product_cat-armas-e-utensilios","7":"product_cat-armas-e-utensilios-da-linha-miyabi","8":"product_cat-de-madeira","9":"product_cat-kobudo-pt-pt","10":"product_tag-club-05-pt","11":"product_shipping_class-tools_metal","13":"first","14":"onbackorder","15":"taxable","16":"shipping-taxable","17":"purchasable","18":"product-type-simple"},"_links":{"self":[{"href":"https:\/\/hajimekarate.com\/pt-pt\/wp-json\/wp\/v2\/product\/10803","targetHints":{"allow":["GET"]}}],"collection":[{"href":"https:\/\/hajimekarate.com\/pt-pt\/wp-json\/wp\/v2\/product"}],"about":[{"href":"https:\/\/hajimekarate.com\/pt-pt\/wp-json\/wp\/v2\/types\/product"}],"wp:featuredmedia":[{"embeddable":true,"href":"https:\/\/hajimekarate.com\/pt-pt\/wp-json\/wp\/v2\/media\/10169"}],"wp:attachment":[{"href":"https:\/\/hajimekarate.com\/pt-pt\/wp-json\/wp\/v2\/media?parent=10803"}],"wp:term":[{"taxonomy":"product_brand","embeddable":true,"href":"https:\/\/hajimekarate.com\/pt-pt\/wp-json\/wp\/v2\/product_brand?post=10803"},{"taxonomy":"product_cat","embeddable":true,"href":"https:\/\/hajimekarate.com\/pt-pt\/wp-json\/wp\/v2\/product_cat?post=10803"},{"taxonomy":"product_tag","embeddable":true,"href":"https:\/\/hajimekarate.com\/pt-pt\/wp-json\/wp\/v2\/product_tag?post=10803"}],"curies":[{"name":"wp","href":"https:\/\/api.w.org\/{rel}","templated":true}]}}