{"id":10801,"date":"2019-10-06T21:55:58","date_gmt":"2019-10-06T19:55:58","guid":{"rendered":"https:\/\/hajimekarate.com\/comprar\/tanto-de-madeira\/"},"modified":"2026-01-19T12:14:50","modified_gmt":"2026-01-19T11:14:50","slug":"tanto-de-madera","status":"publish","type":"product","link":"https:\/\/hajimekarate.com\/pt-pt\/comprar\/tanto-de-madera\/","title":{"rendered":"Tanto de madeira"},"content":{"rendered":"<p><span style=\"font-weight: 400;\">O tanto japon\u00eas \u00e9 uma espada curta semelhante a uma adaga. Pode ser confundida com uma mini katana, mas o desenho da l\u00e2mina e do cabo \u00e9 muito simples. <\/span><\/p>\n<p>Feito a m\u00e3o. 120 gramas. Agarre firme. Altamente equilibrado.<\/p>\n","protected":false},"excerpt":{"rendered":"<p>Artesanato. O Torii simboliza um portal entre o mundano e o sagrado. 120 gramos.<\/p>\n<p><em>*Produto artesanal feito por encomenda, por isso, por vezes, se n\u00e3o tivermos stock, pode demorar alguns dias.<\/em><\/p>\n<p>IMPORTANTE: Todas as nossas armas e utens\u00edlios s\u00e3o vendidos como artigos de cole\u00e7\u00e3o e \u00e9 proibida a sua utiliza\u00e7\u00e3o ou transporte como armas.<\/p>\n","protected":false},"featured_media":10199,"template":"","meta":{"_joinchat":[]},"product_brand":[],"product_cat":[800,1133,1143,1140],"product_tag":[2621],"class_list":{"0":"post-10801","1":"product","2":"type-product","3":"status-publish","4":"has-post-thumbnail","6":"product_cat-armas-e-utensilios","7":"product_cat-armas-e-utensilios-da-linha-miyabi","8":"product_cat-de-madeira","9":"product_cat-kobudo-pt-pt","10":"product_tag-club-05-pt","12":"first","13":"outofstock","14":"taxable","15":"shipping-taxable","16":"purchasable","17":"product-type-simple"},"_links":{"self":[{"href":"https:\/\/hajimekarate.com\/pt-pt\/wp-json\/wp\/v2\/product\/10801","targetHints":{"allow":["GET"]}}],"collection":[{"href":"https:\/\/hajimekarate.com\/pt-pt\/wp-json\/wp\/v2\/product"}],"about":[{"href":"https:\/\/hajimekarate.com\/pt-pt\/wp-json\/wp\/v2\/types\/product"}],"wp:featuredmedia":[{"embeddable":true,"href":"https:\/\/hajimekarate.com\/pt-pt\/wp-json\/wp\/v2\/media\/10199"}],"wp:attachment":[{"href":"https:\/\/hajimekarate.com\/pt-pt\/wp-json\/wp\/v2\/media?parent=10801"}],"wp:term":[{"taxonomy":"product_brand","embeddable":true,"href":"https:\/\/hajimekarate.com\/pt-pt\/wp-json\/wp\/v2\/product_brand?post=10801"},{"taxonomy":"product_cat","embeddable":true,"href":"https:\/\/hajimekarate.com\/pt-pt\/wp-json\/wp\/v2\/product_cat?post=10801"},{"taxonomy":"product_tag","embeddable":true,"href":"https:\/\/hajimekarate.com\/pt-pt\/wp-json\/wp\/v2\/product_tag?post=10801"}],"curies":[{"name":"wp","href":"https:\/\/api.w.org\/{rel}","templated":true}]}}