{"id":10798,"date":"2019-10-06T21:56:00","date_gmt":"2019-10-06T19:56:00","guid":{"rendered":"https:\/\/hajimekarate.com\/comprar\/tonha-tamanho-meio\/"},"modified":"2024-03-28T17:38:21","modified_gmt":"2024-03-28T16:38:21","slug":"tonfa-mediano","status":"publish","type":"product","link":"https:\/\/hajimekarate.com\/pt-pt\/comprar\/tonfa-mediano\/","title":{"rendered":"Tonha tamanho meio"},"content":{"rendered":"[vc_row type=&#8221;in_container&#8221; full_screen_row_position=&#8221;middle&#8221; column_margin=&#8221;default&#8221; column_direction=&#8221;default&#8221; column_direction_tablet=&#8221;default&#8221; column_direction_phone=&#8221;default&#8221; scene_position=&#8221;center&#8221; text_color=&#8221;dark&#8221; text_align=&#8221;left&#8221; row_border_radius=&#8221;none&#8221; row_border_radius_applies=&#8221;bg&#8221; overflow=&#8221;visible&#8221; overlay_strength=&#8221;0.3&#8243; gradient_direction=&#8221;left_to_right&#8221; shape_divider_position=&#8221;bottom&#8221; bg_image_animation=&#8221;none&#8221;][vc_column column_padding=&#8221;no-extra-padding&#8221; column_padding_tablet=&#8221;inherit&#8221; column_padding_phone=&#8221;inherit&#8221; column_padding_position=&#8221;all&#8221; column_element_direction_desktop=&#8221;default&#8221; column_element_spacing=&#8221;default&#8221; desktop_text_alignment=&#8221;default&#8221; tablet_text_alignment=&#8221;default&#8221; phone_text_alignment=&#8221;default&#8221; background_color_opacity=&#8221;1&#8243; background_hover_color_opacity=&#8221;1&#8243; column_backdrop_filter=&#8221;none&#8221; column_shadow=&#8221;none&#8221; column_border_radius=&#8221;none&#8221; column_link_target=&#8221;_self&#8221; column_position=&#8221;default&#8221; gradient_direction=&#8221;left_to_right&#8221; overlay_strength=&#8221;0.3&#8243; width=&#8221;1\/1&#8243; tablet_width_inherit=&#8221;default&#8221; animation_type=&#8221;default&#8221; bg_image_animation=&#8221;none&#8221; border_type=&#8221;simple&#8221; column_border_width=&#8221;none&#8221; column_border_style=&#8221;solid&#8221;][vc_column_text]<span style=\"font-weight: 400;\">A tonfa \u00e9 uma ferramenta origin\u00e1ria da China e de Okinawa, originalmente um instrumento com uma pega para girar a roda do moinho, que mais tarde evoluiu para o moderno cassetete da pol\u00edcia. O cabo n\u00e3o centralizado deste bast\u00e3o de madeira torna-o uma arma muito vers\u00e1til com dois comprimentos diferentes dependendo da situa\u00e7\u00e3o. Pode ser usado para golpear, defender ou desarmar o oponente. E \u00e9 altamente pr\u00e1tico. \u00c9 tradicionalmente usado em pares para poder fazer ataques simult\u00e2neos. Mas seu manuseio exige muito treinamento e habilidade para saber como us\u00e1-lo corretamente. <\/span><\/p>\n<p>Feita \u00e0 m\u00e3o com madeira de faia de primeira qualidade. O cabo \u00e9 muito bem estudado para caber na m\u00e3o. Lixado \u00e0 m\u00e3o e uma camada de \u00f3leo de linho, para lhes dar beleza e durabilidade. Ideal para kata e contato. Di\u00e2metro 3 cm. Medidas: 49 cm de comprimento e 8,5 cm de ader\u00eancia. Pareja[\/vc_column_text][\/vc_column][\/vc_row]\n","protected":false},"excerpt":{"rendered":"<p>Artesanato. Beech. Medidas: 49 cm de comprimento e 8,5 cm de ader\u00eancia. Peso par: 770 gr.<\/p>\n<p><em>*Produto artesanal feito por encomenda, por isso, por vezes, se n\u00e3o tivermos stock, pode demorar alguns dias.<\/em><\/p>\n<p>NOTA IMPORTANTE: Todas as nossas ferramentas s\u00e3o vendidas como artigos de cole\u00e7\u00e3o e n\u00e3o podem ser utilizadas ou transportadas como armas.<\/p>\n","protected":false},"featured_media":10217,"template":"","meta":{"_joinchat":[]},"product_brand":[],"product_cat":[800,1133,1143,1140],"product_tag":[2621],"class_list":{"0":"post-10798","1":"product","2":"type-product","3":"status-publish","4":"has-post-thumbnail","6":"product_cat-armas-e-utensilios","7":"product_cat-armas-e-utensilios-da-linha-miyabi","8":"product_cat-de-madeira","9":"product_cat-kobudo-pt-pt","10":"product_tag-club-05-pt","12":"first","13":"onbackorder","14":"taxable","15":"shipping-taxable","16":"purchasable","17":"product-type-simple"},"_links":{"self":[{"href":"https:\/\/hajimekarate.com\/pt-pt\/wp-json\/wp\/v2\/product\/10798","targetHints":{"allow":["GET"]}}],"collection":[{"href":"https:\/\/hajimekarate.com\/pt-pt\/wp-json\/wp\/v2\/product"}],"about":[{"href":"https:\/\/hajimekarate.com\/pt-pt\/wp-json\/wp\/v2\/types\/product"}],"wp:featuredmedia":[{"embeddable":true,"href":"https:\/\/hajimekarate.com\/pt-pt\/wp-json\/wp\/v2\/media\/10217"}],"wp:attachment":[{"href":"https:\/\/hajimekarate.com\/pt-pt\/wp-json\/wp\/v2\/media?parent=10798"}],"wp:term":[{"taxonomy":"product_brand","embeddable":true,"href":"https:\/\/hajimekarate.com\/pt-pt\/wp-json\/wp\/v2\/product_brand?post=10798"},{"taxonomy":"product_cat","embeddable":true,"href":"https:\/\/hajimekarate.com\/pt-pt\/wp-json\/wp\/v2\/product_cat?post=10798"},{"taxonomy":"product_tag","embeddable":true,"href":"https:\/\/hajimekarate.com\/pt-pt\/wp-json\/wp\/v2\/product_tag?post=10798"}],"curies":[{"name":"wp","href":"https:\/\/api.w.org\/{rel}","templated":true}]}}