{"id":10641,"date":"2019-10-06T21:56:01","date_gmt":"2019-10-06T19:56:01","guid":{"rendered":"https:\/\/hajimekarate.com\/comprar\/yawara\/"},"modified":"2026-01-28T11:56:50","modified_gmt":"2026-01-28T10:56:50","slug":"yawara","status":"publish","type":"product","link":"https:\/\/hajimekarate.com\/pt-pt\/comprar\/yawara\/","title":{"rendered":"Yawara"},"content":{"rendered":"<p>Fabrico artesanal. Madeira de faia. Peso: 0,05 g. 11,3 x 2.5 cm di\u00e1metro. Personaliza\u00e7\u00e3o dispon\u00edvel. Informa\u00e7\u00f5es em info@hajimekarate.com<\/p>\n","protected":false},"excerpt":{"rendered":"<p>Fabrico artesanal. Madeira de faia. Peso: 0,05 g. 11,3 x 2.5 cm di\u00e1metro. Personaliza\u00e7\u00e3o dispon\u00edvel. Informa\u00e7\u00f5es em info@hajimekarate.com<\/p>\n<p><em>*Produto artesanal feito por encomenda, por isso, por vezes, se n\u00e3o tivermos stock, pode demorar alguns dias.<\/p>\n<p>NOTA IMPORTANTE: Todas as nossas ferramentas s\u00e3o vendidas como artigos de cole\u00e7\u00e3o e n\u00e3o podem ser utilizadas ou transportadas como armas.<br \/>\n<\/em><\/p>\n","protected":false},"featured_media":10235,"template":"","meta":{"_joinchat":[]},"product_brand":[],"product_cat":[800,1133,1143,1140],"product_tag":[2621],"class_list":{"0":"post-10641","1":"product","2":"type-product","3":"status-publish","4":"has-post-thumbnail","6":"product_cat-armas-e-utensilios","7":"product_cat-armas-e-utensilios-da-linha-miyabi","8":"product_cat-de-madeira","9":"product_cat-kobudo-pt-pt","10":"product_tag-club-05-pt","12":"first","13":"onbackorder","14":"taxable","15":"shipping-taxable","16":"purchasable","17":"product-type-simple"},"_links":{"self":[{"href":"https:\/\/hajimekarate.com\/pt-pt\/wp-json\/wp\/v2\/product\/10641","targetHints":{"allow":["GET"]}}],"collection":[{"href":"https:\/\/hajimekarate.com\/pt-pt\/wp-json\/wp\/v2\/product"}],"about":[{"href":"https:\/\/hajimekarate.com\/pt-pt\/wp-json\/wp\/v2\/types\/product"}],"wp:featuredmedia":[{"embeddable":true,"href":"https:\/\/hajimekarate.com\/pt-pt\/wp-json\/wp\/v2\/media\/10235"}],"wp:attachment":[{"href":"https:\/\/hajimekarate.com\/pt-pt\/wp-json\/wp\/v2\/media?parent=10641"}],"wp:term":[{"taxonomy":"product_brand","embeddable":true,"href":"https:\/\/hajimekarate.com\/pt-pt\/wp-json\/wp\/v2\/product_brand?post=10641"},{"taxonomy":"product_cat","embeddable":true,"href":"https:\/\/hajimekarate.com\/pt-pt\/wp-json\/wp\/v2\/product_cat?post=10641"},{"taxonomy":"product_tag","embeddable":true,"href":"https:\/\/hajimekarate.com\/pt-pt\/wp-json\/wp\/v2\/product_tag?post=10641"}],"curies":[{"name":"wp","href":"https:\/\/api.w.org\/{rel}","templated":true}]}}