{"id":10639,"date":"2019-10-06T21:56:02","date_gmt":"2019-10-06T19:56:02","guid":{"rendered":"https:\/\/hajimekarate.com\/comprar\/nunti-bo-203-cm\/"},"modified":"2026-04-16T11:20:05","modified_gmt":"2026-04-16T09:20:05","slug":"nunti-bo-203-cm","status":"publish","type":"product","link":"https:\/\/hajimekarate.com\/pt-pt\/comprar\/nunti-bo-203-cm\/","title":{"rendered":"Nunti Bo 203 cm Linha Miyabi"},"content":{"rendered":"<p><span style=\"font-weight: 400;\">O Nunti Bo \u00e9 uma lan\u00e7a tradicional de Okinawa com ganchos. Esta arma foi originalmente desenvolvida a partir de um arp\u00e3o de pescadores, uma vara com uma ponta met\u00e1lica afiada na ponta para apanhar peixe grande e um gancho para o trazer ou arrastar.<\/span><\/p>\n<p><span style=\"font-weight: 400;\">O Nunti Bo moderno tem cerca de 2 metros de comprimento, com uma haste, Bo, de madeira e uma ponta, Manji Sai, em metal. A ponta da arma, chamada Manji Sai, \u00e9 um Sai com uma ponta lateral virada para cima e outra ponta lateral virada para baixo na forma de um Manji, um antigo s\u00edmbolo sagrado japon\u00eas, que representa sorte, boa fortuna, prosperidade e eternidade. Por conseguinte, algumas t\u00e9cnicas com o Nunti Bo s\u00e3o id\u00eanticas \u00e0s t\u00e9cnicas com os Sai. As t\u00e9cnicas b\u00e1sicas incluem defesas, empurr\u00f5es, desvios, ataques e controlo.<\/span><\/p>\n","protected":false},"excerpt":{"rendered":"<p>Fusiforme, feito em madeira de nogueira de primeira qualidade e ferro. O Bo, haste, \u00e9 lixado \u00e0 m\u00e3o e com uma aplica\u00e7\u00e3o posterior de uma camada de \u00f3leo de linha\u00e7a. 203 cm. Peso: 1,82 kg<\/p>\n<p><em>* Produto artesanal feito por encomenda, por isso, por vezes, se n\u00e3o tivermos stock, pode demorar alguns dias.<\/p>\n<p>IMPORTANTE: Todas as nossas armas e utens\u00edlios s\u00e3o vendidos como artigos de cole\u00e7\u00e3o e \u00e9 proibida a sua utiliza\u00e7\u00e3o ou transporte como armas.<br \/>\n<\/em><\/p>\n","protected":false},"featured_media":10127,"template":"","meta":{"_joinchat":[]},"product_brand":[],"product_cat":[2350,800,1133,1140,1145],"product_tag":[2621],"class_list":{"0":"post-10639","1":"product","2":"type-product","3":"status-publish","4":"has-post-thumbnail","6":"product_cat-ferramentas-custos","7":"product_cat-armas-e-utensilios","8":"product_cat-armas-e-utensilios-da-linha-miyabi","9":"product_cat-kobudo-pt-pt","10":"product_cat-metal-pt-pt","11":"product_tag-club-05-pt","12":"product_shipping_class-tools_metal","14":"first","15":"onbackorder","16":"taxable","17":"shipping-taxable","18":"purchasable","19":"product-type-simple"},"_links":{"self":[{"href":"https:\/\/hajimekarate.com\/pt-pt\/wp-json\/wp\/v2\/product\/10639","targetHints":{"allow":["GET"]}}],"collection":[{"href":"https:\/\/hajimekarate.com\/pt-pt\/wp-json\/wp\/v2\/product"}],"about":[{"href":"https:\/\/hajimekarate.com\/pt-pt\/wp-json\/wp\/v2\/types\/product"}],"wp:featuredmedia":[{"embeddable":true,"href":"https:\/\/hajimekarate.com\/pt-pt\/wp-json\/wp\/v2\/media\/10127"}],"wp:attachment":[{"href":"https:\/\/hajimekarate.com\/pt-pt\/wp-json\/wp\/v2\/media?parent=10639"}],"wp:term":[{"taxonomy":"product_brand","embeddable":true,"href":"https:\/\/hajimekarate.com\/pt-pt\/wp-json\/wp\/v2\/product_brand?post=10639"},{"taxonomy":"product_cat","embeddable":true,"href":"https:\/\/hajimekarate.com\/pt-pt\/wp-json\/wp\/v2\/product_cat?post=10639"},{"taxonomy":"product_tag","embeddable":true,"href":"https:\/\/hajimekarate.com\/pt-pt\/wp-json\/wp\/v2\/product_tag?post=10639"}],"curies":[{"name":"wp","href":"https:\/\/api.w.org\/{rel}","templated":true}]}}