{"id":10638,"date":"2019-10-06T21:56:06","date_gmt":"2019-10-06T19:56:06","guid":{"rendered":"https:\/\/hajimekarate.com\/comprar\/shimotsuki-no-kama\/"},"modified":"2026-04-23T16:07:27","modified_gmt":"2026-04-23T14:07:27","slug":"shimotsuki-no-kama","status":"publish","type":"product","link":"https:\/\/hajimekarate.com\/pt-pt\/comprar\/shimotsuki-no-kama\/","title":{"rendered":"Shimotsuki Kama Linha Toku"},"content":{"rendered":"<p>Fabrico artesanal. \u00c9 um Kama que na extremidade da Tsuka (pega) tem uma corda. Na base da Tsuka (pega) existe um pequeno orif\u00edcio atrav\u00e9s do qual \u00e9 inserida uma corda, que se prende com n\u00f3s, na outra extremidade da corda \u00e9 feito um n\u00f3 deslizante que se usa para prender ao pulso. O seu uso e aprendizagem est\u00e3o reservados para gradua\u00e7\u00f5es elevadas, pois \u00e9 das armas mais perigosas. Muito eficaz para dist\u00e2ncias longas e curtas. Fornecemos com Tsuka (pega) cil\u00edndrica em faia e Ha (l\u00e2mina) de metal sem afia\u00e7\u00e3o.<\/p>\n","protected":false},"excerpt":{"rendered":"<p>Fabrico artesanal. Tsuka (pega) cil\u00edndrica em faia e Ha (l\u00e2mina) de metal sem afia\u00e7\u00e3o.<\/p>\n<p><em>* Produto artesanal feito por encomenda, por isso, por vezes, se n\u00e3o tivermos stock, pode demorar alguns dias.<br \/>** Produto n\u00e3o dispon\u00edvel fora da UE.<\/p>\n<p>IMPORTANTE: Todas as nossas armas e utens\u00edlios s\u00e3o vendidos como artigos de cole\u00e7\u00e3o e \u00e9 proibida a sua utiliza\u00e7\u00e3o ou transporte como armas.<br \/>\n<\/em><\/p>\n","protected":false},"featured_media":10163,"template":"","meta":{"_joinchat":[]},"product_brand":[],"product_cat":[800,1148,1151],"product_tag":[2621],"class_list":{"0":"post-10638","1":"product","2":"type-product","3":"status-publish","4":"has-post-thumbnail","6":"product_cat-armas-e-utensilios","7":"product_cat-armas-e-utensilios-da-linha-toku","8":"product_cat-kobudo-de-madeira","9":"product_tag-club-05-pt","11":"first","12":"onbackorder","13":"taxable","14":"shipping-taxable","15":"purchasable","16":"product-type-simple"},"_links":{"self":[{"href":"https:\/\/hajimekarate.com\/pt-pt\/wp-json\/wp\/v2\/product\/10638","targetHints":{"allow":["GET"]}}],"collection":[{"href":"https:\/\/hajimekarate.com\/pt-pt\/wp-json\/wp\/v2\/product"}],"about":[{"href":"https:\/\/hajimekarate.com\/pt-pt\/wp-json\/wp\/v2\/types\/product"}],"wp:featuredmedia":[{"embeddable":true,"href":"https:\/\/hajimekarate.com\/pt-pt\/wp-json\/wp\/v2\/media\/10163"}],"wp:attachment":[{"href":"https:\/\/hajimekarate.com\/pt-pt\/wp-json\/wp\/v2\/media?parent=10638"}],"wp:term":[{"taxonomy":"product_brand","embeddable":true,"href":"https:\/\/hajimekarate.com\/pt-pt\/wp-json\/wp\/v2\/product_brand?post=10638"},{"taxonomy":"product_cat","embeddable":true,"href":"https:\/\/hajimekarate.com\/pt-pt\/wp-json\/wp\/v2\/product_cat?post=10638"},{"taxonomy":"product_tag","embeddable":true,"href":"https:\/\/hajimekarate.com\/pt-pt\/wp-json\/wp\/v2\/product_tag?post=10638"}],"curies":[{"name":"wp","href":"https:\/\/api.w.org\/{rel}","templated":true}]}}