{"id":10629,"date":"2019-10-06T21:56:04","date_gmt":"2019-10-06T19:56:04","guid":{"rendered":"https:\/\/hajimekarate.com\/comprar\/seiryuto\/"},"modified":"2026-01-28T11:24:00","modified_gmt":"2026-01-28T10:24:00","slug":"seiryuto","status":"publish","type":"product","link":"https:\/\/hajimekarate.com\/pt-pt\/comprar\/seiryuto\/","title":{"rendered":"Seiryuto"},"content":{"rendered":"<p><span style=\"font-weight: 400;\">O seiryuto \u00e9 um fac\u00e3o com cabo de madeira e l\u00e2mina de a\u00e7o. \u00c9 utilizado em Okinawan kobudo. O seiryuto \u00e9 segurado com uma m\u00e3o e o timbei com a outra.<\/span><\/p>\n<p><span style=\"font-weight: 400;\">Na progress\u00e3o do tradicional Okinawan kobudo, seiryuto e timbei s\u00e3o a d\u00e9cima arma estudada e s\u00f3 s\u00e3o ensinados a partir do 4\u00ba dan.<\/span><\/p>\n<p>&nbsp;<\/p>\n","protected":false},"excerpt":{"rendered":"<p>Peso: 530 gramas, l\u00e2mina de 43 cm, cabo de 15 cm.<br \/>\n<em>*Produto artesanal feito por encomenda, pelo que, por vezes, se n\u00e3o tivermos em stock, pode demorar alguns dias. <\/p>\n<p>NOTA IMPORTANTE: Todas as nossas ferramentas s\u00e3o vendidas como objetos de cole\u00e7\u00e3o, sendo proibida a sua utiliza\u00e7\u00e3o ou porte como arma.<br \/><\/em><\/p>\n","protected":false},"featured_media":10166,"template":"","meta":{"_joinchat":[]},"product_brand":[],"product_cat":[800,1133,1140,1145],"product_tag":[2621],"class_list":{"0":"post-10629","1":"product","2":"type-product","3":"status-publish","4":"has-post-thumbnail","6":"product_cat-armas-e-utensilios","7":"product_cat-armas-e-utensilios-da-linha-miyabi","8":"product_cat-kobudo-pt-pt","9":"product_cat-metal-pt-pt","10":"product_tag-club-05-pt","12":"first","13":"onbackorder","14":"taxable","15":"shipping-taxable","16":"purchasable","17":"product-type-simple"},"_links":{"self":[{"href":"https:\/\/hajimekarate.com\/pt-pt\/wp-json\/wp\/v2\/product\/10629","targetHints":{"allow":["GET"]}}],"collection":[{"href":"https:\/\/hajimekarate.com\/pt-pt\/wp-json\/wp\/v2\/product"}],"about":[{"href":"https:\/\/hajimekarate.com\/pt-pt\/wp-json\/wp\/v2\/types\/product"}],"wp:featuredmedia":[{"embeddable":true,"href":"https:\/\/hajimekarate.com\/pt-pt\/wp-json\/wp\/v2\/media\/10166"}],"wp:attachment":[{"href":"https:\/\/hajimekarate.com\/pt-pt\/wp-json\/wp\/v2\/media?parent=10629"}],"wp:term":[{"taxonomy":"product_brand","embeddable":true,"href":"https:\/\/hajimekarate.com\/pt-pt\/wp-json\/wp\/v2\/product_brand?post=10629"},{"taxonomy":"product_cat","embeddable":true,"href":"https:\/\/hajimekarate.com\/pt-pt\/wp-json\/wp\/v2\/product_cat?post=10629"},{"taxonomy":"product_tag","embeddable":true,"href":"https:\/\/hajimekarate.com\/pt-pt\/wp-json\/wp\/v2\/product_tag?post=10629"}],"curies":[{"name":"wp","href":"https:\/\/api.w.org\/{rel}","templated":true}]}}