{"id":10619,"date":"2019-10-06T21:56:09","date_gmt":"2019-10-06T19:56:09","guid":{"rendered":"https:\/\/hajimekarate.com\/comprar\/sosetsukon-de-contacto-conico-liso\/"},"modified":"2026-04-27T11:46:08","modified_gmt":"2026-04-27T09:46:08","slug":"sosetsukon-de-contacto-conico-liso-2","status":"publish","type":"product","link":"https:\/\/hajimekarate.com\/pt-pt\/comprar\/sosetsukon-de-contacto-conico-liso-2\/","title":{"rendered":"Sosetsukon\/Nunchaku C\u00f3nico Linha Toku"},"content":{"rendered":"[vc_row type=&#8221;in_container&#8221; full_screen_row_position=&#8221;middle&#8221; column_margin=&#8221;default&#8221; column_direction=&#8221;default&#8221; column_direction_tablet=&#8221;default&#8221; column_direction_phone=&#8221;default&#8221; scene_position=&#8221;center&#8221; text_color=&#8221;dark&#8221; text_align=&#8221;left&#8221; row_border_radius=&#8221;none&#8221; row_border_radius_applies=&#8221;bg&#8221; overflow=&#8221;visible&#8221; overlay_strength=&#8221;0.3&#8243; gradient_direction=&#8221;left_to_right&#8221; shape_divider_position=&#8221;bottom&#8221; bg_image_animation=&#8221;none&#8221;][vc_column column_padding=&#8221;no-extra-padding&#8221; column_padding_tablet=&#8221;inherit&#8221; column_padding_phone=&#8221;inherit&#8221; column_padding_position=&#8221;all&#8221; column_element_spacing=&#8221;default&#8221; background_color_opacity=&#8221;1&#8243; background_hover_color_opacity=&#8221;1&#8243; column_shadow=&#8221;none&#8221; column_border_radius=&#8221;none&#8221; column_link_target=&#8221;_self&#8221; column_position=&#8221;default&#8221; gradient_direction=&#8221;left_to_right&#8221; overlay_strength=&#8221;0.3&#8243; width=&#8221;1\/1&#8243; tablet_width_inherit=&#8221;default&#8221; tablet_text_alignment=&#8221;default&#8221; phone_text_alignment=&#8221;default&#8221; animation_type=&#8221;default&#8221; bg_image_animation=&#8221;none&#8221; border_type=&#8221;simple&#8221; column_border_width=&#8221;none&#8221; column_border_style=&#8221;solid&#8221;][vc_column_text]Fabrico artesanal. O Sosetsukon\/Nunchaku \u00e9 um dos utens\u00edlios tradicionais das artes marciais de Okinawa, que consiste em dois paus unidos por uma corrente ou corda. As duas sec\u00e7\u00f5es deste utens\u00edlio s\u00e3o geralmente feitas de madeira, a uni\u00e3o destas duas partes \u00e9 feita por uma corrente met\u00e1lica ou por uma corda.<\/p>\n<p>O Sosetsukon\/Nunchaku \u00e9 mais utilizado em artes marciais como o Kobudo de Okinawa e o Karat\u00e9, \u00e9 usado como utens\u00edlio de treino, pois permite o desenvolvimento de movimentos mais r\u00e1pidos das m\u00e3os e melhora a postura.<\/p>\n<p>Existem v\u00e1rias teorias sobre a sua origem, mas tal como as Tonfas, trata-se de um utens\u00edlio agr\u00edcola transformado numa arma de Kobudo. Ap\u00f3s a proibi\u00e7\u00e3o em 1609 do uso de armas pelos camponeses e face aos cont\u00ednuos ataques dos Samurais, estes passaram a utilizar utens\u00edlios de trabalho para se defenderem. O objetivo desta arma \u00e9 quebrar a atitude do advers\u00e1rio ou de v\u00e1rias pessoas e assim acalmar a situa\u00e7\u00e3o de conflito, n\u00e3o \u00e9 para atacar voluntariamente. \u00c9 por esta raz\u00e3o que o Kata de Sosetsukon\/Nunchaku come\u00e7a sempre com defesas. Existem v\u00e1rias formas, redonda, quadrada, hexagonal, embora a mais popular seja a octogonal como a que temos na Hajime Karate.[\/vc_column_text][\/vc_column][\/vc_row]\n","protected":false},"excerpt":{"rendered":"<p>Fabrico artesanal. Fusiforme\/c\u00f3nico.<\/p>\n<p><em>* Produto artesanal feito por encomenda, por isso, por vezes, se n\u00e3o tivermos stock, pode demorar alguns dias.<\/p>\n<p>IMPORTANTE: Todas as nossas armas e utens\u00edlios s\u00e3o vendidos como artigos de cole\u00e7\u00e3o e \u00e9 proibida a sua utiliza\u00e7\u00e3o ou transporte como armas.<br \/>\n<\/em><\/p>\n","protected":false},"featured_media":10172,"template":"","meta":{"_joinchat":[]},"product_brand":[],"product_cat":[800,1148,1151],"product_tag":[2621],"class_list":{"0":"post-10619","1":"product","2":"type-product","3":"status-publish","4":"has-post-thumbnail","6":"product_cat-armas-e-utensilios","7":"product_cat-armas-e-utensilios-da-linha-toku","8":"product_cat-kobudo-de-madeira","9":"product_tag-club-05-pt","11":"first","12":"onbackorder","13":"taxable","14":"shipping-taxable","15":"purchasable","16":"product-type-simple"},"_links":{"self":[{"href":"https:\/\/hajimekarate.com\/pt-pt\/wp-json\/wp\/v2\/product\/10619","targetHints":{"allow":["GET"]}}],"collection":[{"href":"https:\/\/hajimekarate.com\/pt-pt\/wp-json\/wp\/v2\/product"}],"about":[{"href":"https:\/\/hajimekarate.com\/pt-pt\/wp-json\/wp\/v2\/types\/product"}],"wp:featuredmedia":[{"embeddable":true,"href":"https:\/\/hajimekarate.com\/pt-pt\/wp-json\/wp\/v2\/media\/10172"}],"wp:attachment":[{"href":"https:\/\/hajimekarate.com\/pt-pt\/wp-json\/wp\/v2\/media?parent=10619"}],"wp:term":[{"taxonomy":"product_brand","embeddable":true,"href":"https:\/\/hajimekarate.com\/pt-pt\/wp-json\/wp\/v2\/product_brand?post=10619"},{"taxonomy":"product_cat","embeddable":true,"href":"https:\/\/hajimekarate.com\/pt-pt\/wp-json\/wp\/v2\/product_cat?post=10619"},{"taxonomy":"product_tag","embeddable":true,"href":"https:\/\/hajimekarate.com\/pt-pt\/wp-json\/wp\/v2\/product_tag?post=10619"}],"curies":[{"name":"wp","href":"https:\/\/api.w.org\/{rel}","templated":true}]}}