{"id":10617,"date":"2019-10-06T21:56:09","date_gmt":"2019-10-06T19:56:09","guid":{"rendered":"https:\/\/hajimekarate.com\/comprar\/eku-madeira-de-faia\/"},"modified":"2026-02-19T11:55:40","modified_gmt":"2026-02-19T10:55:40","slug":"eku-de-madera-de-haya","status":"publish","type":"product","link":"https:\/\/hajimekarate.com\/pt-pt\/comprar\/eku-de-madera-de-haya\/","title":{"rendered":"Eku em Faia Linha Toku"},"content":{"rendered":"<p><span style=\"font-weight: 400;\">A origem do Eku ou do Oar \u00e9 muito antiga. Foi idealizado por pescadores de Okinawa para se protegerem de uma poss\u00edvel invas\u00e3o chinesa, adaptando os remos num utens\u00edlio de autodefesa. O resultado foi criarem um excelente utens\u00edlio para cortar o ar e com alto poder destrutivo. A utiliza\u00e7\u00e3o deste utens\u00edlio \u00e9 semelhante \u00e0 do B\u014d, embora devido ao seu formato, com o centro de gravidade deslocado, e ao facto de ser mais pesado, seja mais dif\u00edcil de manejar. Foi originalmente concebido para lutar na praia, uma vez que o lado plano permitia tapar a visibilidade do advers\u00e1rio, permitia fazer outro tipo de ataques, nomeadamente atirar areia para os olhos. <\/span><\/p>\n<p>\u00c9 constitu\u00eddo por uma vara ou pega central com cerca de 3 cm de di\u00e2metro e um p\u00e1 com cerca de 10 cm de largura, de um lado c\u00f4ncava e lisa e do outro convexa com duas faces. O seu comprimento \u00e9 de 1,70 m, aproximadamente. Normalmente \u00e9 feito em faia, carvalho, entre outras madeira. Este Eku \u00e9 fabricado em madeira de faia.<\/p>\n","protected":false},"excerpt":{"rendered":"<p>Fabrico artesanal. Madeira de faia.<\/p>\n<p><em>* Produto artesanal feito por encomenda, por isso, por vezes, se n\u00e3o tivermos stock, pode demorar alguns dias.<\/p>\n<p>IMPORTANTE: Todas as nossas armas e utens\u00edlios s\u00e3o vendidos como artigos de cole\u00e7\u00e3o e \u00e9 proibida a sua utiliza\u00e7\u00e3o ou transporte como armas.<br \/>\n<\/em><\/p>\n","protected":false},"featured_media":9986,"template":"","meta":{"_joinchat":[]},"product_brand":[],"product_cat":[2350,800,1148,1151],"product_tag":[2621],"class_list":{"0":"post-10617","1":"product","2":"type-product","3":"status-publish","4":"has-post-thumbnail","6":"product_cat-ferramentas-custos","7":"product_cat-armas-e-utensilios","8":"product_cat-armas-e-utensilios-da-linha-toku","9":"product_cat-kobudo-de-madeira","10":"product_tag-club-05-pt","11":"product_shipping_class-tools_vol","13":"first","14":"onbackorder","15":"taxable","16":"shipping-taxable","17":"purchasable","18":"product-type-simple"},"_links":{"self":[{"href":"https:\/\/hajimekarate.com\/pt-pt\/wp-json\/wp\/v2\/product\/10617","targetHints":{"allow":["GET"]}}],"collection":[{"href":"https:\/\/hajimekarate.com\/pt-pt\/wp-json\/wp\/v2\/product"}],"about":[{"href":"https:\/\/hajimekarate.com\/pt-pt\/wp-json\/wp\/v2\/types\/product"}],"wp:featuredmedia":[{"embeddable":true,"href":"https:\/\/hajimekarate.com\/pt-pt\/wp-json\/wp\/v2\/media\/9986"}],"wp:attachment":[{"href":"https:\/\/hajimekarate.com\/pt-pt\/wp-json\/wp\/v2\/media?parent=10617"}],"wp:term":[{"taxonomy":"product_brand","embeddable":true,"href":"https:\/\/hajimekarate.com\/pt-pt\/wp-json\/wp\/v2\/product_brand?post=10617"},{"taxonomy":"product_cat","embeddable":true,"href":"https:\/\/hajimekarate.com\/pt-pt\/wp-json\/wp\/v2\/product_cat?post=10617"},{"taxonomy":"product_tag","embeddable":true,"href":"https:\/\/hajimekarate.com\/pt-pt\/wp-json\/wp\/v2\/product_tag?post=10617"}],"curies":[{"name":"wp","href":"https:\/\/api.w.org\/{rel}","templated":true}]}}