{"id":10615,"date":"2019-10-06T21:56:10","date_gmt":"2019-10-06T19:56:10","guid":{"rendered":"https:\/\/hajimekarate.com\/comprar\/bo-madeira-rattan\/"},"modified":"2026-04-02T12:00:55","modified_gmt":"2026-04-02T10:00:55","slug":"bo-madera-rattan","status":"publish","type":"product","link":"https:\/\/hajimekarate.com\/pt-pt\/comprar\/bo-madera-rattan\/","title":{"rendered":"Bo em Rotim Linha Toku"},"content":{"rendered":"<p><span style=\"font-weight: 400;\">\u00c9 uma das armas mais importantes no Kobudo Okinawense. A primeira refer\u00eancia a este utens\u00edlio de que h\u00e1 registo data do s\u00e9culo XVII, num documento que faz refer\u00eancia \u00e0 sua descri\u00e7\u00e3o e uso. O seu nome vem da abreviatura <\/span><span style=\"font-weight: 400;\">de <\/span><i><span style=\"font-weight: 400;\">Rokushakub\u014d.<\/span><\/i><span style=\"font-weight: 400;\"> O termo <\/span><i><span style=\"font-weight: 400;\">B\u014d <\/span><\/i> <span style=\"font-weight: 400;\">\u00e9 geralmente usado para fazer refer\u00eancia a uma vara com cerca de 180 cm. A sua principal fun\u00e7\u00e3o era potenciar a for\u00e7a de um golpe, alavancado pela in\u00e9rcia do movimento do Artista Marcial. Ou mesmo para alcan\u00e7ar objetos. <\/span><\/p>\n<p><span style=\"font-weight: 400;\">A maioria das artes marciais que utilizam armas e utens\u00edlios incluem a t\u00e9cnica do <\/span><i><span style=\"font-weight: 400;\">B\u014d.<\/span><\/i> <span style=\"font-weight: 400;\">A sua origem remonta aos tempos antigos, quando os guerreiros samurais perdiam a ponta do Yari (lan\u00e7a Japonesa) e ficavam com um B\u00f5 rudimentar.<\/span> <\/p>\n<p><span style=\"font-weight: 400;\">O <\/span><i><span style=\"font-weight: 400;\">B\u014djutso \u00e9 <\/span><\/i><span style=\"font-weight: 400;\">a arte marcial japonesa dedicada \u00e0 utiliza\u00e7\u00e3o do<\/span> <span style=\"font-weight: 400;\">B\u014d. As t\u00e9cnicas utilizadas baseiam-se em prepara\u00e7\u00e3o, defesas, controlo, varrimentos, pegas, ataques, empurr\u00f5es ou imobiliza\u00e7\u00f5es e luxa\u00e7\u00f5es articulares.<\/span><\/p>\n<p>Geralmente para contacto a sua forma \u00e9 uniforme e com um di\u00e2metro de cerca de 3 cm, sendo fabricado em diferentes madeiras, para Kata a forma \u00e9 fusiforme, ou seja, o di\u00e2metro vai diminuindo para as extremidades. \u00c9 o mais popular em Kobudo e \u00e9 o que tem mais Katas.<\/p>\n","protected":false},"excerpt":{"rendered":"<p>Fabrico artesanal. Madeira de Rotim. Comprimento aproximadamente 1,80 m.<\/p>\n<p><em>* Produto artesanal feito por encomenda, por isso, por vezes, se n\u00e3o tivermos stock, pode demorar alguns dias.<\/p>\n<p>IMPORTANTE: Todas as nossas armas e utens\u00edlios s\u00e3o vendidos como artigos de cole\u00e7\u00e3o e \u00e9 proibida a sua utiliza\u00e7\u00e3o ou transporte como armas.<br \/>\n<\/em><\/p>\n","protected":false},"featured_media":10262,"template":"","meta":{"_joinchat":[]},"product_brand":[],"product_cat":[2350,800,1148,1151],"product_tag":[2621],"class_list":{"0":"post-10615","1":"product","2":"type-product","3":"status-publish","4":"has-post-thumbnail","6":"product_cat-ferramentas-custos","7":"product_cat-armas-e-utensilios","8":"product_cat-armas-e-utensilios-da-linha-toku","9":"product_cat-kobudo-de-madeira","10":"product_tag-club-05-pt","11":"product_shipping_class-tools_vol","13":"first","14":"onbackorder","15":"taxable","16":"shipping-taxable","17":"purchasable","18":"product-type-simple"},"_links":{"self":[{"href":"https:\/\/hajimekarate.com\/pt-pt\/wp-json\/wp\/v2\/product\/10615","targetHints":{"allow":["GET"]}}],"collection":[{"href":"https:\/\/hajimekarate.com\/pt-pt\/wp-json\/wp\/v2\/product"}],"about":[{"href":"https:\/\/hajimekarate.com\/pt-pt\/wp-json\/wp\/v2\/types\/product"}],"wp:featuredmedia":[{"embeddable":true,"href":"https:\/\/hajimekarate.com\/pt-pt\/wp-json\/wp\/v2\/media\/10262"}],"wp:attachment":[{"href":"https:\/\/hajimekarate.com\/pt-pt\/wp-json\/wp\/v2\/media?parent=10615"}],"wp:term":[{"taxonomy":"product_brand","embeddable":true,"href":"https:\/\/hajimekarate.com\/pt-pt\/wp-json\/wp\/v2\/product_brand?post=10615"},{"taxonomy":"product_cat","embeddable":true,"href":"https:\/\/hajimekarate.com\/pt-pt\/wp-json\/wp\/v2\/product_cat?post=10615"},{"taxonomy":"product_tag","embeddable":true,"href":"https:\/\/hajimekarate.com\/pt-pt\/wp-json\/wp\/v2\/product_tag?post=10615"}],"curies":[{"name":"wp","href":"https:\/\/api.w.org\/{rel}","templated":true}]}}