{"id":10609,"date":"2019-10-06T21:56:11","date_gmt":"2019-10-06T19:56:11","guid":{"rendered":"https:\/\/hajimekarate.com\/comprar\/jo-madeira-de-faia\/"},"modified":"2026-04-02T11:48:00","modified_gmt":"2026-04-02T09:48:00","slug":"jo-madera-de-haya","status":"publish","type":"product","link":"https:\/\/hajimekarate.com\/pt-pt\/comprar\/jo-madera-de-haya\/","title":{"rendered":"Jo em Faia 128 cm Linha Toku"},"content":{"rendered":"<p><span style=\"font-weight: 400;\">O Jo \u00e9 um bast\u00e3o de madeira que, segundo a lenda, foi criado no s\u00e9culo XVII pelo guerreiro samurai Katsuyoshi, ap\u00f3s ter sido derrotado, usando um Bo refor\u00e7ado com ferro, contra Musashi, que usava dois Bokken. Musashi foi o Samurai mais famoso. <\/span><\/p>\n<p><span style=\"font-weight: 400;\">Depois de um sonho inspirador, Katsuyoshi criou este utens\u00edlio mais curto que o Bo e desenvolveu diferentes t\u00e9cnicas com as quais finalmente conseguiu derrotar Musashi.<\/span><\/p>\n<p>Pode ser fabricado em diferentes tipos de madeira. Al\u00e9m do Kobudo \u00e9 tamb\u00e9m utilizado no Aikido.<\/p>\n","protected":false},"excerpt":{"rendered":"<p>Fabrico artesanal. Madeira de faia. 128 cm de comprimento e cerca de 2,6 a 8 cm de di\u00e2metro.<\/p>\n<p><em>* Produto artesanal feito por encomenda, por isso, por vezes, se n\u00e3o tivermos stock, pode demorar alguns dias.<\/em><\/p>\n<p>IMPORTANTE: Todas as nossas armas e utens\u00edlios s\u00e3o vendidos como artigos de cole\u00e7\u00e3o e \u00e9 proibida a sua utiliza\u00e7\u00e3o ou transporte como armas.<\/p>\n","protected":false},"featured_media":10067,"template":"","meta":{"_joinchat":[]},"product_brand":[],"product_cat":[2350,800,1148,1151],"product_tag":[2621],"class_list":{"0":"post-10609","1":"product","2":"type-product","3":"status-publish","4":"has-post-thumbnail","6":"product_cat-ferramentas-custos","7":"product_cat-armas-e-utensilios","8":"product_cat-armas-e-utensilios-da-linha-toku","9":"product_cat-kobudo-de-madeira","10":"product_tag-club-05-pt","11":"product_shipping_class-tools_vol","13":"first","14":"onbackorder","15":"taxable","16":"shipping-taxable","17":"purchasable","18":"product-type-simple"},"_links":{"self":[{"href":"https:\/\/hajimekarate.com\/pt-pt\/wp-json\/wp\/v2\/product\/10609","targetHints":{"allow":["GET"]}}],"collection":[{"href":"https:\/\/hajimekarate.com\/pt-pt\/wp-json\/wp\/v2\/product"}],"about":[{"href":"https:\/\/hajimekarate.com\/pt-pt\/wp-json\/wp\/v2\/types\/product"}],"wp:featuredmedia":[{"embeddable":true,"href":"https:\/\/hajimekarate.com\/pt-pt\/wp-json\/wp\/v2\/media\/10067"}],"wp:attachment":[{"href":"https:\/\/hajimekarate.com\/pt-pt\/wp-json\/wp\/v2\/media?parent=10609"}],"wp:term":[{"taxonomy":"product_brand","embeddable":true,"href":"https:\/\/hajimekarate.com\/pt-pt\/wp-json\/wp\/v2\/product_brand?post=10609"},{"taxonomy":"product_cat","embeddable":true,"href":"https:\/\/hajimekarate.com\/pt-pt\/wp-json\/wp\/v2\/product_cat?post=10609"},{"taxonomy":"product_tag","embeddable":true,"href":"https:\/\/hajimekarate.com\/pt-pt\/wp-json\/wp\/v2\/product_tag?post=10609"}],"curies":[{"name":"wp","href":"https:\/\/api.w.org\/{rel}","templated":true}]}}