{"id":10605,"date":"2019-10-06T21:56:12","date_gmt":"2019-10-06T19:56:12","guid":{"rendered":"https:\/\/hajimekarate.com\/comprar\/kuruma-bo-madera-rattan\/"},"modified":"2026-04-13T11:06:43","modified_gmt":"2026-04-13T09:06:43","slug":"kuruma-bo-madera-rattan","status":"publish","type":"product","link":"https:\/\/hajimekarate.com\/pt-pt\/comprar\/kuruma-bo-madera-rattan\/","title":{"rendered":"Kuruma Bo em Rotin Linha Toku"},"content":{"rendered":"<p>Fabrico artesanal. Rotim. Bo articulado. Com partes unidas por argolas. Um utens\u00edlio origin\u00e1rio da atividade agr\u00edcola tradicional. \u00c9 constitu\u00eddo por dois bast\u00f5es em madeira com tamanhos diferentes. Muito eficaz para dist\u00e2ncias m\u00e9dias e longas. As medidas est\u00e3o estandardizadas, mas \u00e9 poss\u00edvel fabricar medidas personalizadas.<\/p>\n","protected":false},"excerpt":{"rendered":"<p>Fabrico artesanal. Rotim. Bo articulado. Com partes unidas por argolas.<\/p>\n<p><em>* Produto artesanal feito por encomenda, por isso, por vezes, se n\u00e3o tivermos stock, pode demorar alguns dias.<\/em><\/p>\n<p>IMPORTANTE: Todas as nossas armas e utens\u00edlios s\u00e3o vendidos como artigos de cole\u00e7\u00e3o e \u00e9 proibida a sua utiliza\u00e7\u00e3o ou transporte como armas.<\/p>\n","protected":false},"featured_media":10094,"template":"","meta":{"_joinchat":[]},"product_brand":[],"product_cat":[2350,800,1148,1151],"product_tag":[2621],"class_list":{"0":"post-10605","1":"product","2":"type-product","3":"status-publish","4":"has-post-thumbnail","6":"product_cat-ferramentas-custos","7":"product_cat-armas-e-utensilios","8":"product_cat-armas-e-utensilios-da-linha-toku","9":"product_cat-kobudo-de-madeira","10":"product_tag-club-05-pt","11":"product_shipping_class-tools_vol","13":"first","14":"onbackorder","15":"taxable","16":"shipping-taxable","17":"purchasable","18":"product-type-simple"},"_links":{"self":[{"href":"https:\/\/hajimekarate.com\/pt-pt\/wp-json\/wp\/v2\/product\/10605","targetHints":{"allow":["GET"]}}],"collection":[{"href":"https:\/\/hajimekarate.com\/pt-pt\/wp-json\/wp\/v2\/product"}],"about":[{"href":"https:\/\/hajimekarate.com\/pt-pt\/wp-json\/wp\/v2\/types\/product"}],"wp:featuredmedia":[{"embeddable":true,"href":"https:\/\/hajimekarate.com\/pt-pt\/wp-json\/wp\/v2\/media\/10094"}],"wp:attachment":[{"href":"https:\/\/hajimekarate.com\/pt-pt\/wp-json\/wp\/v2\/media?parent=10605"}],"wp:term":[{"taxonomy":"product_brand","embeddable":true,"href":"https:\/\/hajimekarate.com\/pt-pt\/wp-json\/wp\/v2\/product_brand?post=10605"},{"taxonomy":"product_cat","embeddable":true,"href":"https:\/\/hajimekarate.com\/pt-pt\/wp-json\/wp\/v2\/product_cat?post=10605"},{"taxonomy":"product_tag","embeddable":true,"href":"https:\/\/hajimekarate.com\/pt-pt\/wp-json\/wp\/v2\/product_tag?post=10605"}],"curies":[{"name":"wp","href":"https:\/\/api.w.org\/{rel}","templated":true}]}}