{"id":10603,"date":"2019-10-06T21:56:13","date_gmt":"2019-10-06T19:56:13","guid":{"rendered":"https:\/\/hajimekarate.com\/comprar\/folha-do-ferro-de-kama\/"},"modified":"2026-04-09T11:27:17","modified_gmt":"2026-04-09T09:27:17","slug":"kama-hoja-de-hierro","status":"publish","type":"product","link":"https:\/\/hajimekarate.com\/pt-pt\/comprar\/kama-hoja-de-hierro\/","title":{"rendered":"Kama com Ha em Ferro Linha Toku"},"content":{"rendered":"<p>Fabrico artesanal. Tsuka (pega) em madeira de faia e Ha (l\u00e2mina) em ferro. Em Okinawa ensinava-se \u00e0queles alunos nos quais o Mestre reconhecia as qualidades necess\u00e1rias. \u00c9 composto por uma Tsuka (pega) de madeira em forma c\u00f3nica e mais estreita na extremidade e uma Ha (l\u00e2mina) met\u00e1lica. Para gradua\u00e7\u00f5es elevadas a l\u00e2mina pode ser afiada.<\/p>\n","protected":false},"excerpt":{"rendered":"<p>Fabrico artesanal. Tsuka (pega) em madeira de faia e Ha (l\u00e2mina) em ferro.<\/p>\n<p><em>* Produto artesanal feito por encomenda, por isso, por vezes, se n\u00e3o tivermos stock, pode demorar alguns dias.<br \/>\n** Produto n\u00e3o dispon\u00edvel fora da UE. IMPORTANTE: Todas as nossas armas e utens\u00edlios s\u00e3o vendidos como artigos de cole\u00e7\u00e3o e \u00e9 proibida a sua utiliza\u00e7\u00e3o ou transporte como armas.<br \/>\n<\/em><\/p>\n","protected":false},"featured_media":10076,"template":"","meta":{"_joinchat":[]},"product_brand":[],"product_cat":[800,1148,1151],"product_tag":[2621],"class_list":{"0":"post-10603","1":"product","2":"type-product","3":"status-publish","4":"has-post-thumbnail","6":"product_cat-armas-e-utensilios","7":"product_cat-armas-e-utensilios-da-linha-toku","8":"product_cat-kobudo-de-madeira","9":"product_tag-club-05-pt","10":"product_shipping_class-tools_metal","12":"first","13":"onbackorder","14":"taxable","15":"shipping-taxable","16":"purchasable","17":"product-type-simple"},"_links":{"self":[{"href":"https:\/\/hajimekarate.com\/pt-pt\/wp-json\/wp\/v2\/product\/10603","targetHints":{"allow":["GET"]}}],"collection":[{"href":"https:\/\/hajimekarate.com\/pt-pt\/wp-json\/wp\/v2\/product"}],"about":[{"href":"https:\/\/hajimekarate.com\/pt-pt\/wp-json\/wp\/v2\/types\/product"}],"wp:featuredmedia":[{"embeddable":true,"href":"https:\/\/hajimekarate.com\/pt-pt\/wp-json\/wp\/v2\/media\/10076"}],"wp:attachment":[{"href":"https:\/\/hajimekarate.com\/pt-pt\/wp-json\/wp\/v2\/media?parent=10603"}],"wp:term":[{"taxonomy":"product_brand","embeddable":true,"href":"https:\/\/hajimekarate.com\/pt-pt\/wp-json\/wp\/v2\/product_brand?post=10603"},{"taxonomy":"product_cat","embeddable":true,"href":"https:\/\/hajimekarate.com\/pt-pt\/wp-json\/wp\/v2\/product_cat?post=10603"},{"taxonomy":"product_tag","embeddable":true,"href":"https:\/\/hajimekarate.com\/pt-pt\/wp-json\/wp\/v2\/product_tag?post=10603"}],"curies":[{"name":"wp","href":"https:\/\/api.w.org\/{rel}","templated":true}]}}