{"id":10599,"date":"2019-10-06T21:56:14","date_gmt":"2019-10-06T19:56:14","guid":{"rendered":"https:\/\/hajimekarate.com\/comprar\/sansetukon-madeira-de-faia\/"},"modified":"2026-04-27T11:23:38","modified_gmt":"2026-04-27T09:23:38","slug":"sansetukon-madera-de-haya","status":"publish","type":"product","link":"https:\/\/hajimekarate.com\/pt-pt\/comprar\/sansetukon-madera-de-haya\/","title":{"rendered":"Sosetsukon Articulado com Corrente Linha Toku"},"content":{"rendered":"<p><span style=\"font-weight: 400;\">\u00c9 um dos utens\u00edlios oriundos da China e introduzidos no Kobudo de Okinawa pelo mestre Sinko Matayoshi. Este utens\u00edlio tamb\u00e9m \u00e9 conhecido como \u201cBast\u00e3o do Drag\u00e3o Enrolado\u201d na China ou como \u201cBarra Tripla\u201d em pa\u00edses de l\u00edngua espanhola.<\/span><\/p>\n<p><span style=\"font-weight: 400;\">\u00c9 composto por tr\u00eas bast\u00f5es unidos por correntes ou cordas. Fabricado artesanalmente em madeira de faia. <\/span><\/p>\n<p><span style=\"font-weight: 400;\">Fabrico artesanal. Medidas padronizadas, embora, tradicionalmente, a medida personalizada do Sosetsukon em Okinawa seja o comprimento dos bra\u00e7os para cada bast\u00e3o das pontas e a largura dos ombros para o bast\u00e3o central. Muito eficaz no trabalho das tr\u00eas dist\u00e2ncias.<\/span><\/p>\n<p>&nbsp;<\/p>\n","protected":false},"excerpt":{"rendered":"<p>Fabrico artesanal. Madeira de faia. Corrente que une cada bast\u00e3o a outro feita com argolas. <\/p>\n<p><em>* Produto artesanal feito por encomenda, por isso, por vezes, se n\u00e3o tivermos stock, pode demorar alguns dias.<\/em><\/p>\n<p>IMPORTANTE: Todas as nossas armas e utens\u00edlios s\u00e3o vendidos como artigos de cole\u00e7\u00e3o e \u00e9 proibida a sua utiliza\u00e7\u00e3o ou transporte como armas.<\/p>\n","protected":false},"featured_media":92769,"template":"","meta":{"_joinchat":[]},"product_brand":[],"product_cat":[800,1148,1151],"product_tag":[2621],"class_list":{"0":"post-10599","1":"product","2":"type-product","3":"status-publish","4":"has-post-thumbnail","6":"product_cat-armas-e-utensilios","7":"product_cat-armas-e-utensilios-da-linha-toku","8":"product_cat-kobudo-de-madeira","9":"product_tag-club-05-pt","10":"product_shipping_class-tools_vol","12":"first","13":"instock","14":"taxable","15":"shipping-taxable","16":"purchasable","17":"product-type-simple"},"_links":{"self":[{"href":"https:\/\/hajimekarate.com\/pt-pt\/wp-json\/wp\/v2\/product\/10599","targetHints":{"allow":["GET"]}}],"collection":[{"href":"https:\/\/hajimekarate.com\/pt-pt\/wp-json\/wp\/v2\/product"}],"about":[{"href":"https:\/\/hajimekarate.com\/pt-pt\/wp-json\/wp\/v2\/types\/product"}],"wp:featuredmedia":[{"embeddable":true,"href":"https:\/\/hajimekarate.com\/pt-pt\/wp-json\/wp\/v2\/media\/92769"}],"wp:attachment":[{"href":"https:\/\/hajimekarate.com\/pt-pt\/wp-json\/wp\/v2\/media?parent=10599"}],"wp:term":[{"taxonomy":"product_brand","embeddable":true,"href":"https:\/\/hajimekarate.com\/pt-pt\/wp-json\/wp\/v2\/product_brand?post=10599"},{"taxonomy":"product_cat","embeddable":true,"href":"https:\/\/hajimekarate.com\/pt-pt\/wp-json\/wp\/v2\/product_cat?post=10599"},{"taxonomy":"product_tag","embeddable":true,"href":"https:\/\/hajimekarate.com\/pt-pt\/wp-json\/wp\/v2\/product_tag?post=10599"}],"curies":[{"name":"wp","href":"https:\/\/api.w.org\/{rel}","templated":true}]}}