{"id":10597,"date":"2019-10-06T21:56:14","date_gmt":"2019-10-06T19:56:14","guid":{"rendered":"https:\/\/hajimekarate.com\/comprar\/ferro-do-cromo-de-sais\/"},"modified":"2026-04-17T12:21:21","modified_gmt":"2026-04-17T10:21:21","slug":"sais-hierro-cromado","status":"publish","type":"product","link":"https:\/\/hajimekarate.com\/pt-pt\/comprar\/sais-hierro-cromado\/","title":{"rendered":"Sai Artesanal Sem Soldadura Linha Miyabi"},"content":{"rendered":"[vc_row type=&#8221;in_container&#8221; full_screen_row_position=&#8221;middle&#8221; column_margin=&#8221;default&#8221; column_direction=&#8221;default&#8221; column_direction_tablet=&#8221;default&#8221; column_direction_phone=&#8221;default&#8221; scene_position=&#8221;center&#8221; text_color=&#8221;dark&#8221; text_align=&#8221;left&#8221; row_border_radius=&#8221;none&#8221; row_border_radius_applies=&#8221;bg&#8221; overflow=&#8221;visible&#8221; overlay_strength=&#8221;0.3&#8243; gradient_direction=&#8221;left_to_right&#8221; shape_divider_position=&#8221;bottom&#8221; bg_image_animation=&#8221;none&#8221;][vc_column column_padding=&#8221;no-extra-padding&#8221; column_padding_tablet=&#8221;inherit&#8221; column_padding_phone=&#8221;inherit&#8221; column_padding_position=&#8221;all&#8221; column_element_direction_desktop=&#8221;default&#8221; column_element_spacing=&#8221;default&#8221; desktop_text_alignment=&#8221;default&#8221; tablet_text_alignment=&#8221;default&#8221; phone_text_alignment=&#8221;default&#8221; background_color_opacity=&#8221;1&#8243; background_hover_color_opacity=&#8221;1&#8243; column_backdrop_filter=&#8221;none&#8221; column_shadow=&#8221;none&#8221; column_border_radius=&#8221;none&#8221; column_link_target=&#8221;_self&#8221; column_position=&#8221;default&#8221; gradient_direction=&#8221;left_to_right&#8221; overlay_strength=&#8221;0.3&#8243; width=&#8221;1\/1&#8243; tablet_width_inherit=&#8221;default&#8221; animation_type=&#8221;default&#8221; bg_image_animation=&#8221;none&#8221; border_type=&#8221;simple&#8221; column_border_width=&#8221;none&#8221; column_border_style=&#8221;solid&#8221;][vc_column_text]Medidas e pesos aproximados por tamanho:<\/p>\n<p class=\"p1\">Tamanho P<\/p>\n<ol>\n<li class=\"p2\">Tsuka Gashira (20 mm)<\/li>\n<li class=\"p2\">Gashira (82 mm)<\/li>\n<li class=\"p2\">Monouchi (301 mm)<\/li>\n<li class=\"p2\">Peso (0,56 kg)<\/li>\n<\/ol>\n<p class=\"p1\">Tamanho M<\/p>\n<ol>\n<li class=\"p2\">Tsuka Gashira (24 mm)<\/li>\n<li class=\"p2\">Gashira (95 mm)<\/li>\n<li class=\"p2\">Monouchi (340 mm)<\/li>\n<li class=\"p2\">Peso (0,65 kg)<\/li>\n<\/ol>\n<p class=\"p1\">Tamanho G<\/p>\n<ol>\n<li class=\"p2\">Tsuka Gashira (25 mm)<\/li>\n<li class=\"p2\">Gashira (101 mm)<\/li>\n<li class=\"p2\">Monouchi (410 mm)<\/li>\n<li class=\"p2\">Peso (0,9 kg)<\/li>\n<\/ol>\n<p><span style=\"font-weight: 400;\"><img loading=\"lazy\" decoding=\"async\" class=\"alignnone size-medium wp-image-84900\" src=\"https:\/\/hajimekarate.com\/wp-content\/uploads\/2019\/10\/partes-del-sai-300x300.jpg\" alt=\"\" width=\"300\" height=\"300\" srcset=\"https:\/\/hajimekarate.com\/wp-content\/uploads\/2019\/10\/partes-del-sai-300x300.jpg 300w, https:\/\/hajimekarate.com\/wp-content\/uploads\/2019\/10\/partes-del-sai-150x150.jpg 150w, https:\/\/hajimekarate.com\/wp-content\/uploads\/2019\/10\/partes-del-sai-70x70.jpg 70w, https:\/\/hajimekarate.com\/wp-content\/uploads\/2019\/10\/partes-del-sai-100x100.jpg 100w, https:\/\/hajimekarate.com\/wp-content\/uploads\/2019\/10\/partes-del-sai-140x140.jpg 140w, https:\/\/hajimekarate.com\/wp-content\/uploads\/2019\/10\/partes-del-sai-500x500.jpg 500w, https:\/\/hajimekarate.com\/wp-content\/uploads\/2019\/10\/partes-del-sai-350x350.jpg 350w, https:\/\/hajimekarate.com\/wp-content\/uploads\/2019\/10\/partes-del-sai-400x400.jpg 400w, https:\/\/hajimekarate.com\/wp-content\/uploads\/2019\/10\/partes-del-sai-600x600.jpg 600w, https:\/\/hajimekarate.com\/wp-content\/uploads\/2019\/10\/partes-del-sai-50x50.jpg 50w, https:\/\/hajimekarate.com\/wp-content\/uploads\/2019\/10\/partes-del-sai-80x80.jpg 80w, https:\/\/hajimekarate.com\/wp-content\/uploads\/2019\/10\/partes-del-sai.jpg 717w\" sizes=\"auto, (max-width: 300px) 100vw, 300px\" \/><br \/>\nExiste a teoria de que \u00e9 um dos instrumentos agr\u00edcolas que foi adaptado para arma, mas tamb\u00e9m que poder\u00e1 ter surgido originalmente como arma, introduzida em Okinawa no s\u00e9culo XVI para manter a ordem. <\/span><\/p>\n<p><span style=\"font-weight: 400;\">Este utens\u00edlio met\u00e1lico em forma de adaga \u00e9 fabricado artesanalmente e vendido aos pares. Tem um corpo central c\u00f3nico e numa extremidade uma cabe\u00e7a cil\u00edndrica e afunila-se na outra extremidade, terminando em ponta (originalmente afiada), tem ainda dois bra\u00e7os centrais que servem para agarrar, prender ou perfurar.  <\/span>[\/vc_column_text][\/vc_column][\/vc_row]\n","protected":false},"excerpt":{"rendered":"<p>S\u00e3o fabricados de forma totalmente artesanal em pe\u00e7as \u00fanicas sem soldadura. Pode escolher entre 3 tamanhos diferentes e dois modelos de acabamento: polido natural e preto microtexturado lacado no forno. S\u00e3o vendidos em pares e sempre por encomenda.  <\/p>\n<p><em>* Produto artesanal feito apenas por encomenda.<br \/>\n** Produto n\u00e3o dispon\u00edvel fora da UE.<\/em><\/p>\n<p>IMPORTANTE: Todas as nossas armas e utens\u00edlios s\u00e3o vendidos como artigos de cole\u00e7\u00e3o e \u00e9 proibida a sua utiliza\u00e7\u00e3o ou transporte como armas.<\/p>\n<p>MEDIDAS APROXIMADAS:<br \/>\nTamanho Pequeno &#8211; A: 30 cm \/ B: 7,8 cm<br \/>\nTamanho M\u00e9dio &#8211; A: 34 cm \/ B: 10 cm<br \/>\nTamanho M\u00e9dio Especial &#8211; A: 34 cm \/ B: 8,5 cm<br \/>\nTamanho Grande &#8211; A: 41 cm \/ B: 11,5 cm<br \/>\n<img loading=\"lazy\" decoding=\"async\" class=\"alignnone size-medium wp-image-85032\" src=\"https:\/\/hajimekarate.com\/wp-content\/uploads\/2023\/06\/Sai-A-B-OK-300x131.jpg\" alt=\"\" width=\"300\" height=\"131\" srcset=\"https:\/\/hajimekarate.com\/wp-content\/uploads\/2023\/06\/Sai-A-B-OK-300x131.jpg 300w, https:\/\/hajimekarate.com\/wp-content\/uploads\/2023\/06\/Sai-A-B-OK-1024x446.jpg 1024w, https:\/\/hajimekarate.com\/wp-content\/uploads\/2023\/06\/Sai-A-B-OK-768x335.jpg 768w, https:\/\/hajimekarate.com\/wp-content\/uploads\/2023\/06\/Sai-A-B-OK-600x261.jpg 600w, https:\/\/hajimekarate.com\/wp-content\/uploads\/2023\/06\/Sai-A-B-OK-80x35.jpg 80w, https:\/\/hajimekarate.com\/wp-content\/uploads\/2023\/06\/Sai-A-B-OK.jpg 1402w\" sizes=\"auto, (max-width: 300px) 100vw, 300px\" \/><\/p>\n","protected":false},"featured_media":84887,"template":"","meta":{"_joinchat":[]},"product_brand":[],"product_cat":[2350,800,1133,1140,1145],"product_tag":[2621],"class_list":{"0":"post-10597","1":"product","2":"type-product","3":"status-publish","4":"has-post-thumbnail","6":"product_cat-ferramentas-custos","7":"product_cat-armas-e-utensilios","8":"product_cat-armas-e-utensilios-da-linha-miyabi","9":"product_cat-kobudo-pt-pt","10":"product_cat-metal-pt-pt","11":"product_tag-club-05-pt","12":"product_shipping_class-tools_metal","14":"first","15":"onbackorder","16":"taxable","17":"shipping-taxable","18":"purchasable","19":"product-type-variable"},"_links":{"self":[{"href":"https:\/\/hajimekarate.com\/pt-pt\/wp-json\/wp\/v2\/product\/10597","targetHints":{"allow":["GET"]}}],"collection":[{"href":"https:\/\/hajimekarate.com\/pt-pt\/wp-json\/wp\/v2\/product"}],"about":[{"href":"https:\/\/hajimekarate.com\/pt-pt\/wp-json\/wp\/v2\/types\/product"}],"wp:featuredmedia":[{"embeddable":true,"href":"https:\/\/hajimekarate.com\/pt-pt\/wp-json\/wp\/v2\/media\/84887"}],"wp:attachment":[{"href":"https:\/\/hajimekarate.com\/pt-pt\/wp-json\/wp\/v2\/media?parent=10597"}],"wp:term":[{"taxonomy":"product_brand","embeddable":true,"href":"https:\/\/hajimekarate.com\/pt-pt\/wp-json\/wp\/v2\/product_brand?post=10597"},{"taxonomy":"product_cat","embeddable":true,"href":"https:\/\/hajimekarate.com\/pt-pt\/wp-json\/wp\/v2\/product_cat?post=10597"},{"taxonomy":"product_tag","embeddable":true,"href":"https:\/\/hajimekarate.com\/pt-pt\/wp-json\/wp\/v2\/product_tag?post=10597"}],"curies":[{"name":"wp","href":"https:\/\/api.w.org\/{rel}","templated":true}]}}