{"id":10595,"date":"2019-10-06T21:56:15","date_gmt":"2019-10-06T19:56:15","guid":{"rendered":"https:\/\/hajimekarate.com\/comprar\/tekko-ferro-cromado\/"},"modified":"2026-01-28T12:52:52","modified_gmt":"2026-01-28T11:52:52","slug":"tekko-hierro-cromado","status":"publish","type":"product","link":"https:\/\/hajimekarate.com\/pt-pt\/comprar\/tekko-hierro-cromado\/","title":{"rendered":"Tekko Ferro"},"content":{"rendered":"<p><span style=\"font-weight: 400;\">O tekko \u00e9 uma arma de punho que pode aumentar a for\u00e7a do seu empunhador. Trata-se de uma ferramenta met\u00e1lica feita de ferro cromado e trabalhada \u00e0 m\u00e3o. A sua origem remonta a quando o uso de armas foi proibido em Okinawa. Esta \u00e9 a raz\u00e3o pela qual os sapatos de cavalo foram usados como arma para proteger contra qualquer ataque surpresa. Depois de passar por diferentes transforma\u00e7\u00f5es, esta ferramenta deixou de ser utilizada e foi substitu\u00edda por outra vers\u00e3o feita a partir do estribo do cavalo, que, devido ao seu tamanho mais pequeno, era mais f\u00e1cil de esconder. O resultado \u00e9 uma barra, geralmente cil\u00edndrica, presa a uma placa semicircular, com v\u00e1rios pontos nos seus bordos. A medida aproximada \u00e9 a largura do punho.<\/span><\/p>\n<p>&nbsp;<\/p>\n","protected":false},"excerpt":{"rendered":"<p>Fabrico artesanal. Ferro matizado e polido.<\/p>\n<p><em>*Produto artesanal feito por encomenda, por isso, por vezes, se n\u00e3o tivermos stock, pode demorar alguns dias.<\/p>\n<p>NOTA IMPORTANTE: Todas as nossas ferramentas s\u00e3o vendidas como artigos de cole\u00e7\u00e3o e n\u00e3o podem ser utilizadas ou transportadas como armas.<br \/>\n<\/em><\/p>\n","protected":false},"featured_media":10208,"template":"","meta":{"_joinchat":[]},"product_brand":[],"product_cat":[800,1148,1152],"product_tag":[2621],"class_list":{"0":"post-10595","1":"product","2":"type-product","3":"status-publish","4":"has-post-thumbnail","6":"product_cat-armas-e-utensilios","7":"product_cat-armas-e-utensilios-da-linha-toku","8":"product_cat-kobudo-de-metal-pt-pt","9":"product_tag-club-05-pt","10":"product_shipping_class-tools_metal","12":"first","13":"onbackorder","14":"taxable","15":"shipping-taxable","16":"purchasable","17":"product-type-simple"},"_links":{"self":[{"href":"https:\/\/hajimekarate.com\/pt-pt\/wp-json\/wp\/v2\/product\/10595","targetHints":{"allow":["GET"]}}],"collection":[{"href":"https:\/\/hajimekarate.com\/pt-pt\/wp-json\/wp\/v2\/product"}],"about":[{"href":"https:\/\/hajimekarate.com\/pt-pt\/wp-json\/wp\/v2\/types\/product"}],"wp:featuredmedia":[{"embeddable":true,"href":"https:\/\/hajimekarate.com\/pt-pt\/wp-json\/wp\/v2\/media\/10208"}],"wp:attachment":[{"href":"https:\/\/hajimekarate.com\/pt-pt\/wp-json\/wp\/v2\/media?parent=10595"}],"wp:term":[{"taxonomy":"product_brand","embeddable":true,"href":"https:\/\/hajimekarate.com\/pt-pt\/wp-json\/wp\/v2\/product_brand?post=10595"},{"taxonomy":"product_cat","embeddable":true,"href":"https:\/\/hajimekarate.com\/pt-pt\/wp-json\/wp\/v2\/product_cat?post=10595"},{"taxonomy":"product_tag","embeddable":true,"href":"https:\/\/hajimekarate.com\/pt-pt\/wp-json\/wp\/v2\/product_tag?post=10595"}],"curies":[{"name":"wp","href":"https:\/\/api.w.org\/{rel}","templated":true}]}}