{"id":10593,"date":"2019-10-06T21:56:15","date_gmt":"2019-10-06T19:56:15","guid":{"rendered":"https:\/\/hajimekarate.com\/comprar\/techu-ferro-cromado\/"},"modified":"2026-04-28T12:47:17","modified_gmt":"2026-04-28T10:47:17","slug":"techu-hierro-cromado","status":"publish","type":"product","link":"https:\/\/hajimekarate.com\/pt-pt\/comprar\/techu-hierro-cromado\/","title":{"rendered":"Techu\/Tekko Ferro Cromado Linha Toku"},"content":{"rendered":"<p>Fabrico artesanal. Ferro cromado. Tem um corpo cil\u00edndrico de cerca de 8 a 10 mm de di\u00e2metro e um comprimento aproximado de 20 cm e no centro um anel com um di\u00e2metro ligeiramente maior do que o do dedo m\u00e9dio da pessoa que o manuseia. Muito pr\u00e1tico para a pessoa que o manuseia e eficaz e perigoso no uso contra um advers\u00e1rio.<\/p>\n","protected":false},"excerpt":{"rendered":"<p>Fabrico artesanal. Ferro cromado.<\/p>\n<p><em>* Produto artesanal feito por encomenda, por isso, por vezes, se n\u00e3o tivermos stock, pode demorar alguns dias.<\/p>\n<p>IMPORTANTE: Todas as nossas armas e utens\u00edlios s\u00e3o vendidos como artigos de cole\u00e7\u00e3o e \u00e9 proibida a sua utiliza\u00e7\u00e3o ou transporte como armas.<br \/>\n<\/em><\/p>\n","protected":false},"featured_media":10202,"template":"","meta":{"_joinchat":[]},"product_brand":[],"product_cat":[800,1148,1152],"product_tag":[2621],"class_list":{"0":"post-10593","1":"product","2":"type-product","3":"status-publish","4":"has-post-thumbnail","6":"product_cat-armas-e-utensilios","7":"product_cat-armas-e-utensilios-da-linha-toku","8":"product_cat-kobudo-de-metal-pt-pt","9":"product_tag-club-05-pt","10":"product_shipping_class-tools_metal","12":"first","13":"onbackorder","14":"taxable","15":"shipping-taxable","16":"purchasable","17":"product-type-simple"},"_links":{"self":[{"href":"https:\/\/hajimekarate.com\/pt-pt\/wp-json\/wp\/v2\/product\/10593","targetHints":{"allow":["GET"]}}],"collection":[{"href":"https:\/\/hajimekarate.com\/pt-pt\/wp-json\/wp\/v2\/product"}],"about":[{"href":"https:\/\/hajimekarate.com\/pt-pt\/wp-json\/wp\/v2\/types\/product"}],"wp:featuredmedia":[{"embeddable":true,"href":"https:\/\/hajimekarate.com\/pt-pt\/wp-json\/wp\/v2\/media\/10202"}],"wp:attachment":[{"href":"https:\/\/hajimekarate.com\/pt-pt\/wp-json\/wp\/v2\/media?parent=10593"}],"wp:term":[{"taxonomy":"product_brand","embeddable":true,"href":"https:\/\/hajimekarate.com\/pt-pt\/wp-json\/wp\/v2\/product_brand?post=10593"},{"taxonomy":"product_cat","embeddable":true,"href":"https:\/\/hajimekarate.com\/pt-pt\/wp-json\/wp\/v2\/product_cat?post=10593"},{"taxonomy":"product_tag","embeddable":true,"href":"https:\/\/hajimekarate.com\/pt-pt\/wp-json\/wp\/v2\/product_tag?post=10593"}],"curies":[{"name":"wp","href":"https:\/\/api.w.org\/{rel}","templated":true}]}}