{"id":10587,"date":"2019-10-06T21:56:16","date_gmt":"2019-10-06T19:56:16","guid":{"rendered":"https:\/\/hajimekarate.com\/comprar\/nunti-bo-mastro-de-madeira\/"},"modified":"2026-04-16T16:14:01","modified_gmt":"2026-04-16T14:14:01","slug":"nunti-bo-mastil-madeira","status":"publish","type":"product","link":"https:\/\/hajimekarate.com\/pt-pt\/comprar\/nunti-bo-mastil-madeira\/","title":{"rendered":"Nunti Bo Linha Toku"},"content":{"rendered":"<p>Esp\u00e9cie de alabarda, arp\u00e3o, composto por uma haste de madeira, Bo, e uma extremidade met\u00e1lica chamada Manji Sai. <span style=\"font-weight: 400;\">O Mestre Shink\u014d Matayoshi (\u53c8\u5409\u771e\u5149) aprendeu a utilizar armas desde tenra idade, era muito vers\u00e1til na utiliza\u00e7\u00e3o do Kama, ficando mais tarde apelidado de Kama No Tee, ou seja, &#8220;Especialista em Kama&#8221;. Foi nas suas viagens \u00e0 China e a Okinawa que aprendeu o uso de diferentes armas, a cada uma delas associada uma arte marcial. Mais tarde surge o Kobudo na ilha de Okinawa, que de forma met\u00f3dica e organizada reuniu os diferentes usos de armas e respetivos conhecimentos. Mas foi o seu filho, Shinp\u014d Matayoshi, que aprendeu com o seu pai, que depois da morte deste fundou o seu pr\u00f3prio Dojo, o Kodokan, que viria a ser a sede do Kobudo. As t\u00e9cnicas b\u00e1sicas incluem defesas, empurr\u00f5es, desvios, ataques e controlo.<\/span><\/p>\n<p>&nbsp;<\/p>\n","protected":false},"excerpt":{"rendered":"<p>Fabrico artesanal. Madeira de faia e ferro cromado.<\/p>\n<p><em>* Produto artesanal feito por encomenda, por isso, por vezes, se n\u00e3o tivermos stock, pode demorar alguns dias.<\/em><\/p>\n<p>&nbsp;<\/p>\n<p>IMPORTANTE: Todas as nossas armas e utens\u00edlios s\u00e3o vendidos como artigos de cole\u00e7\u00e3o e \u00e9 proibida a sua utiliza\u00e7\u00e3o ou transporte como armas.<\/p>\n","protected":false},"featured_media":10130,"template":"","meta":{"_joinchat":[]},"product_brand":[],"product_cat":[2350,800,1148,1152],"product_tag":[2621],"class_list":{"0":"post-10587","1":"product","2":"type-product","3":"status-publish","4":"has-post-thumbnail","6":"product_cat-ferramentas-custos","7":"product_cat-armas-e-utensilios","8":"product_cat-armas-e-utensilios-da-linha-toku","9":"product_cat-kobudo-de-metal-pt-pt","10":"product_tag-club-05-pt","11":"product_shipping_class-tools_vol","13":"first","14":"onbackorder","15":"taxable","16":"shipping-taxable","17":"purchasable","18":"product-type-simple"},"_links":{"self":[{"href":"https:\/\/hajimekarate.com\/pt-pt\/wp-json\/wp\/v2\/product\/10587","targetHints":{"allow":["GET"]}}],"collection":[{"href":"https:\/\/hajimekarate.com\/pt-pt\/wp-json\/wp\/v2\/product"}],"about":[{"href":"https:\/\/hajimekarate.com\/pt-pt\/wp-json\/wp\/v2\/types\/product"}],"wp:featuredmedia":[{"embeddable":true,"href":"https:\/\/hajimekarate.com\/pt-pt\/wp-json\/wp\/v2\/media\/10130"}],"wp:attachment":[{"href":"https:\/\/hajimekarate.com\/pt-pt\/wp-json\/wp\/v2\/media?parent=10587"}],"wp:term":[{"taxonomy":"product_brand","embeddable":true,"href":"https:\/\/hajimekarate.com\/pt-pt\/wp-json\/wp\/v2\/product_brand?post=10587"},{"taxonomy":"product_cat","embeddable":true,"href":"https:\/\/hajimekarate.com\/pt-pt\/wp-json\/wp\/v2\/product_cat?post=10587"},{"taxonomy":"product_tag","embeddable":true,"href":"https:\/\/hajimekarate.com\/pt-pt\/wp-json\/wp\/v2\/product_tag?post=10587"}],"curies":[{"name":"wp","href":"https:\/\/api.w.org\/{rel}","templated":true}]}}