{"id":10533,"date":"2019-10-06T21:55:13","date_gmt":"2019-10-06T19:55:13","guid":{"rendered":"https:\/\/hajimekarate.com\/comprar\/hakama-meiji-negra\/"},"modified":"2025-11-03T15:31:35","modified_gmt":"2025-11-03T14:31:35","slug":"hakama-meiji-preto","status":"publish","type":"product","link":"https:\/\/hajimekarate.com\/pt-pt\/comprar\/hakama-meiji-preto\/","title":{"rendered":"Hakama Meiji Preta"},"content":{"rendered":"<p>A, ou o, Hakama Meiji oferecido pela Hajime Karate \u00e9 um modelo topo de gama. \u00c9 um modelo cl\u00e1ssico feito no Jap\u00e3o. Meiji \u00e9 a marca escolhida pela prestigiada Funda\u00e7\u00e3o Aikikai em T\u00f3quio. As, ou os, Hakamas s\u00e3o cal\u00e7as tradicionais japonesas. Originalmente eram vestidas sobre um Kimono por membros das classes superiores. O seu uso remonta ao per\u00edodo Heian (794-1185), quando as mulheres da corte Imperial usavam cal\u00e7as-saia como capa base de seu Kimono que se assemelhava a uma Hakama. No entanto, durante o per\u00edodo Kamakura a classe guerreira come\u00e7ou a usar a Hakama comumente. Foi utilizada como prote\u00e7\u00e3o para montar a cavalo. A Hakama era ent\u00e3o um s\u00edmbolo de poder como o traje padr\u00e3o de nobres e samurais. Transformou-se posteriormente num dos tipos de cal\u00e7as mais comuns nas cidades. O uso da Hakama no Aikido: dada a relev\u00e2ncia que o fundador do Aikido, Morihei Ueshiba, deu a esta pe\u00e7a de vestu\u00e1rio, n\u00e3o \u00e9 de estranhar que tenha mantido o seu uso na sua arte marcial. A Hakama era obrigat\u00f3ria desde o in\u00edcio, desde o primeiro dia, no entando tournou-se opcional durante e depois da 2\u00aa Guerra Mundial, pois n\u00e3o eram baratas, posteriormente apenas os homens a partir de 1\u00ba Dan e as mulheres a partir de 3\u00ba Kyu no Aikikai as passaram a vestir oficialmente, embora estas regras tenham sofrido muitas varia\u00e7\u00f5es. Estas varia\u00e7\u00f5es dependem do estilo, Dojo ou Sensei. A Hakama \u00e9 usada em diferentes artes marciais, no entanto, no Aikido apresenta um design espec\u00edfico e \u00e9 feita artesanalmente. Morihei Ueshiba usou-a diariamente. A determinada altura, o Aikikai Hombu Dojo pediu a um especialista em Judo localizado perto do dojo, Iwata Shokai, para fabricar equipamento de Aikido. Este especialista n\u00e3o tinha o conhecimento, nem as habilidades para fabricar Hakamas, por isso tentaram a sua sorte em T\u00f3quio. O estabelecimento visitado desenhava Hakamas para Kendo, Kyudo, Iaido e, at\u00e9 mesmo, Sado (cerim\u00f4nia de ch\u00e1), etc&#8230; Ao longo dos anos, as artes marciais ganharam popularidade e, com o surgimento de in\u00fameras encomendas, nasceram novas empresas especializadas em fabricar Hakamas de forma artesanal, entre ela a Meiji.<\/p>\n","protected":false},"excerpt":{"rendered":"<p>A, ou o, Hakama Meiji oferecido pela Hajime Karate \u00e9 um modelo topo de gama. \u00c9 um modelo cl\u00e1ssico feito no Jap\u00e3o. Meiji \u00e9 a marca escolhida pela prestigiada Funda\u00e7\u00e3o Aikikai em T\u00f3quio.<\/p>\n<p>Suplemento de bordado 15,00\u20ac: se deseja esta op\u00e7\u00e3o, envie-nos um email para info@hajimekarate.com.<\/p>\n","protected":false},"featured_media":9998,"template":"","meta":{"_joinchat":[]},"product_brand":[],"product_cat":[791,1127],"product_tag":[],"class_list":{"0":"post-10533","1":"product","2":"type-product","3":"status-publish","4":"has-post-thumbnail","6":"product_cat-aikido","7":"product_cat-hakamas-de-japon-pt-pt-2","9":"first","10":"outofstock","11":"taxable","12":"shipping-taxable","13":"purchasable","14":"product-type-variable"},"_links":{"self":[{"href":"https:\/\/hajimekarate.com\/pt-pt\/wp-json\/wp\/v2\/product\/10533","targetHints":{"allow":["GET"]}}],"collection":[{"href":"https:\/\/hajimekarate.com\/pt-pt\/wp-json\/wp\/v2\/product"}],"about":[{"href":"https:\/\/hajimekarate.com\/pt-pt\/wp-json\/wp\/v2\/types\/product"}],"wp:featuredmedia":[{"embeddable":true,"href":"https:\/\/hajimekarate.com\/pt-pt\/wp-json\/wp\/v2\/media\/9998"}],"wp:attachment":[{"href":"https:\/\/hajimekarate.com\/pt-pt\/wp-json\/wp\/v2\/media?parent=10533"}],"wp:term":[{"taxonomy":"product_brand","embeddable":true,"href":"https:\/\/hajimekarate.com\/pt-pt\/wp-json\/wp\/v2\/product_brand?post=10533"},{"taxonomy":"product_cat","embeddable":true,"href":"https:\/\/hajimekarate.com\/pt-pt\/wp-json\/wp\/v2\/product_cat?post=10533"},{"taxonomy":"product_tag","embeddable":true,"href":"https:\/\/hajimekarate.com\/pt-pt\/wp-json\/wp\/v2\/product_tag?post=10533"}],"curies":[{"name":"wp","href":"https:\/\/api.w.org\/{rel}","templated":true}]}}