{"id":10489,"date":"2019-10-06T21:55:14","date_gmt":"2019-10-06T19:55:14","guid":{"rendered":"https:\/\/hajimekarate.com\/comprar\/hakama-negra-asia\/"},"modified":"2025-11-03T15:33:49","modified_gmt":"2025-11-03T14:33:49","slug":"hakama-negra-asia","status":"publish","type":"product","link":"https:\/\/hajimekarate.com\/pt-pt\/comprar\/hakama-negra-asia\/","title":{"rendered":"Hakama \u00c1sia Preta"},"content":{"rendered":"<p>As, ou os, Hakamas s\u00e3o cal\u00e7as tradicionais japonesas. Originalmente eram vestidas sobre um Kimono por membros das classes superiores. O seu uso remonta ao per\u00edodo Heian (794-1185), quando as mulheres da corte Imperial usavam cal\u00e7as-saia como capa base de seu Kimono que se assemelhava a uma Hakama. No entanto, durante o per\u00edodo Kamakura a classe guerreira come\u00e7ou a usar a Hakama comumente. Foi utilizada como prote\u00e7\u00e3o para montar a cavalo. A Hakama era ent\u00e3o um s\u00edmbolo de poder como o traje padr\u00e3o de nobres e samurais. Transformou-se posteriormente num dos tipos de cal\u00e7as mais comuns nas cidades.<\/p>\n","protected":false},"excerpt":{"rendered":"<p>Hakama para Aikido importada do Jap\u00e3o. Suplemento de bordado 15,00\u20ac: se deseja esta op\u00e7\u00e3o, envie-nos um email para info@hajimekarate.com.<\/p>\n","protected":false},"featured_media":9995,"template":"","meta":{"_joinchat":[]},"product_brand":[],"product_cat":[791,1125],"product_tag":[],"class_list":{"0":"post-10489","1":"product","2":"type-product","3":"status-publish","4":"has-post-thumbnail","6":"product_cat-aikido","7":"product_cat-hakamas-de-asia-pt-pt-2","9":"first","10":"outofstock","11":"taxable","12":"shipping-taxable","13":"purchasable","14":"product-type-variable"},"_links":{"self":[{"href":"https:\/\/hajimekarate.com\/pt-pt\/wp-json\/wp\/v2\/product\/10489","targetHints":{"allow":["GET"]}}],"collection":[{"href":"https:\/\/hajimekarate.com\/pt-pt\/wp-json\/wp\/v2\/product"}],"about":[{"href":"https:\/\/hajimekarate.com\/pt-pt\/wp-json\/wp\/v2\/types\/product"}],"wp:featuredmedia":[{"embeddable":true,"href":"https:\/\/hajimekarate.com\/pt-pt\/wp-json\/wp\/v2\/media\/9995"}],"wp:attachment":[{"href":"https:\/\/hajimekarate.com\/pt-pt\/wp-json\/wp\/v2\/media?parent=10489"}],"wp:term":[{"taxonomy":"product_brand","embeddable":true,"href":"https:\/\/hajimekarate.com\/pt-pt\/wp-json\/wp\/v2\/product_brand?post=10489"},{"taxonomy":"product_cat","embeddable":true,"href":"https:\/\/hajimekarate.com\/pt-pt\/wp-json\/wp\/v2\/product_cat?post=10489"},{"taxonomy":"product_tag","embeddable":true,"href":"https:\/\/hajimekarate.com\/pt-pt\/wp-json\/wp\/v2\/product_tag?post=10489"}],"curies":[{"name":"wp","href":"https:\/\/api.w.org\/{rel}","templated":true}]}}