{"id":7714,"date":"2018-12-06T12:36:22","date_gmt":"2018-12-06T11:36:22","guid":{"rendered":"https:\/\/hajimekarate.com\/politica-de-privacidade\/"},"modified":"2019-07-22T20:33:06","modified_gmt":"2019-07-22T18:33:06","slug":"politica-de-privacidade","status":"publish","type":"page","link":"https:\/\/hajimekarate.com\/pt-pt\/politica-de-privacidade\/","title":{"rendered":"Pol\u00edtica de privacidade"},"content":{"rendered":"[vc_row type=&#8221;in_container&#8221; full_screen_row_position=&#8221;middle&#8221; scene_position=&#8221;center&#8221; text_color=&#8221;dark&#8221; text_align=&#8221;left&#8221; overlay_strength=&#8221;0.3&#8243; shape_divider_position=&#8221;bottom&#8221;][vc_column column_padding=&#8221;no-extra-padding&#8221; column_padding_position=&#8221;all&#8221; background_color_opacity=&#8221;1&#8243; background_hover_color_opacity=&#8221;1&#8243; column_link_target=&#8221;_self&#8221; column_shadow=&#8221;none&#8221; column_border_radius=&#8221;none&#8221; width=&#8221;1\/6&#8243; tablet_width_inherit=&#8221;default&#8221; tablet_text_alignment=&#8221;default&#8221; phone_text_alignment=&#8221;default&#8221; column_border_width=&#8221;none&#8221; column_border_style=&#8221;solid&#8221;][\/vc_column][vc_column column_padding=&#8221;no-extra-padding&#8221; column_padding_position=&#8221;all&#8221; background_color_opacity=&#8221;1&#8243; background_hover_color_opacity=&#8221;1&#8243; column_link_target=&#8221;_self&#8221; column_shadow=&#8221;none&#8221; column_border_radius=&#8221;none&#8221; width=&#8221;2\/3&#8243; tablet_width_inherit=&#8221;default&#8221; tablet_text_alignment=&#8221;default&#8221; phone_text_alignment=&#8221;default&#8221; column_border_width=&#8221;none&#8221; column_border_style=&#8221;solid&#8221;][vc_column_text]\n<h1>Pol\u00edtica de privacidade<\/h1>\n<h2><strong>1.- AVISO DE PRIVACIDADE:<\/strong><\/h2>\n<p>Apreciamos a confian\u00e7a que depositou em n\u00f3s. Por isso, uma das nossas principais preocupa\u00e7\u00f5es \u00e9 a prote\u00e7\u00e3o dos dados, assim como o respeito pelo direito de autodetermina\u00e7\u00e3o informativa quanto \u00e0 recolha, tratamento e utiliza\u00e7\u00e3o dos seus dados pessoais.<\/p>\n<p>Este Aviso de privacidade disponibiliza informa\u00e7\u00e3o sobre os dados pessoais na <a href=\"http:\/\/www.hajimekarate.com\">www.hajimekarate.com<\/a> para informar e vender os nossos produtos e servi\u00e7os, assim como para manter, melhorar e gerir os nossos produtos e servi\u00e7os para que a Hajime Karate possa proporcionar a melhor experi\u00eancia poss\u00edvel sempre que interaja connosco, seja digitalmente atrav\u00e9s da Internet, ou fisicamente ao visitar os nossos stands de venda em Campeonatos ou eventos desportivos.<\/p>\n<p>Em conformidade com o Regulamento Geral de Prote\u00e7\u00e3o de Dados (\u201cRGPD\u201d) e a legisla\u00e7\u00e3o em vigor, este Aviso de privacidade disponibiliza informa\u00e7\u00e3o sobre a forma como a Hajime Karate recolhe, utiliza, protege, mant\u00e9m, partilha e elimina (referidos de forma conjunta neste Aviso de privacidade como \u201ctratar\u201d ou \u201ctratamento\u201d) os seus dados pessoais. Tamb\u00e9m disponibilizamos informa\u00e7\u00e3o de contato para exercer os seus direitos.<\/p>\n<h2><strong>2.- RESPONS\u00c1VEL PELO TRATAMENTO DE DADOS: <\/strong><\/h2>\n<p>A Hajime Karate, com sede na Hajime Karate, en Calle Mayor 90, Santa Pola, C\u00f3digo Postal 03130, Espa\u00f1a, \u00e9 respons\u00e1vel pela prote\u00e7\u00e3o dos seus dados nesta p\u00e1gina web. Pode contatar connosco atrav\u00e9s do telefone +34965589130 ou pelo endere\u00e7o eletr\u00f3nico <a href=\"mailto:info@hajimekarate.com\">info@hajimekarate.com<\/a>.<\/p>\n<p>Se pretender subscrever o nosso boletim envie os seus dados atrav\u00e9s desta p\u00e1gina, ou se quiser estar a par das \u00faltimas not\u00edcias da Karate, das nossas promo\u00e7\u00f5es, ofertas ou novidades, podemos enviar informa\u00e7\u00e3o sobre os produtos mais relevantes para a sua situa\u00e7\u00e3o atual.<\/p>\n<h2><strong>3.- OS SEUS DADOS PESSOAIS: <\/strong><\/h2>\n<p>Dependendo dos produtos, servi\u00e7os ou funcionalidades que pretenda usufruir, teremos sempre de tratar de alguns dados. Lembre-se que, quando lhe pedimos para preencher os seus dados pessoais para aceder a alguma funcionalidade ou servi\u00e7o da Plataforma, alguns campos s\u00e3o obrigat\u00f3rios, pois s\u00e3o necess\u00e1rios para prestar o servi\u00e7o ou permitir o acesso \u00e0 funcionalidade em quest\u00e3o. Por favor, tenha em considera\u00e7\u00e3o que se decidir n\u00e3o nos facultar esses dados, \u00e9 poss\u00edvel que n\u00e3o consiga preencher o registo de utilizador ou que n\u00e3o consiga usufruir desses servi\u00e7os ou funcionalidades.<\/p>\n<p>Por exemplo, nestas situa\u00e7\u00f5es concretas recolhemos a seguinte informa\u00e7\u00e3o:<\/p>\n<ul>\n<li><strong>Informa\u00e7\u00e3o de identifica\u00e7\u00e3o<\/strong>: Esta informa\u00e7\u00e3o inclui: nome, apelidos, data de nascimento, endere\u00e7o de correio eletr\u00f3nico, etc.. .\n<ul>\n<li>FUN\u00c7\u00c3O: informa\u00e7\u00e3o utilizada para o identificar como utilizador e assegurar que \u00e9 quem diz ser, permitir o acesso a diferentes funcionalidades, produtos e servi\u00e7os que est\u00e3o \u00e0 sua disposi\u00e7\u00e3o enquanto utilizador registado. Pode cancelar a sua conta de utilizador registado para <a href=\"mailto:info@hajimekarate.com\">info@hajimekarate.com<\/a><\/li>\n<\/ul>\n<\/li>\n<li><strong>Informa\u00e7\u00e3o de contato<\/strong> \u2013 Inclui, por exemplo: n\u00famero de telefone, morada de envio, morada de fatura\u00e7\u00e3o, endere\u00e7o de correio eletr\u00f3nico e nome nas redes sociais.\n<ul>\n<li>FINALIDADE:\n<ul>\n<li>informa\u00e7\u00e3o utilizada para contatar consigo e enviar os seus produtos, facultar informa\u00e7\u00e3o promocional, informar os eventos da Hajime Karate e responder a quest\u00f5es ou d\u00favidas.<\/li>\n<li>comunica\u00e7\u00f5es de carater informativo relacionadas com funcionalidades, produtos ou servi\u00e7os contratados, incluindo o envio de inqu\u00e9ritos de qualidade sobre os produtos ou servi\u00e7os prestados.<\/li>\n<li>para gerir ou resolver algum pedido que tenha feito atrav\u00e9s do nosso servi\u00e7o de apoio ao cliente.<\/li>\n<\/ul>\n<\/li>\n<\/ul>\n<\/li>\n<li><strong>Informa\u00e7\u00e3o de compra<\/strong> \u2013 Inclui, por exemplo: carrinho de compras, informa\u00e7\u00e3o de pagamento (n\u00famero de cart\u00e3o de cr\u00e9dito), perfil de risco de pagamento, dados de entrega, morada de envio, morada de fatura\u00e7\u00e3o, n\u00famero de pedido do cliente e hist\u00f3rico de compras na Hajime Karate.\n<ul>\n<li>FINALIDADE:\n<ul>\n<li>informa\u00e7\u00e3o utilizada para processar os seus pedidos.<\/li>\n<li>Ativar os mecanismos necess\u00e1rios para impedir eventuais fraudes durante o processo de compra. Se consideramos que a opera\u00e7\u00e3o pode ter origem fraudulenta, este tratamento pode bloquear a transa\u00e7\u00e3o<\/li>\n<li>Gerir eventuais devolu\u00e7\u00f5es e pedidos de informa\u00e7\u00e3o sobre a disponibilidade de ofertas, reserva de produtos atrav\u00e9s da Plataforma, \u00e0 medida que as mesmas estiverem dispon\u00edveis.<\/li>\n<li>Para efeitos de fatura\u00e7\u00e3o e para colocar \u00e0 sua disposi\u00e7\u00e3o os tickets e faturas de compras feitas na Plataforma.<\/li>\n<\/ul>\n<\/li>\n<li><\/li>\n<\/ul>\n<\/li>\n<li><strong>Informa\u00e7\u00e3o sobre prefer\u00eancias, perfil, conduta<\/strong> \u2013 ao assinar a nossa Newsletter ou participar num concurso promocional, tratamos os seus dados pessoais para gerir a assinatura, incluindo o envio de informa\u00e7\u00e3o personalizada acerca dos nossos produtos ou servi\u00e7os, atrav\u00e9s de diversos meios. Isto implica a an\u00e1lise do seu perfil de consumidor. Por exemplo: l\u00edngua preferida, elementos da lista de desejos, morada de envio preferencial, prefer\u00eancias de navega\u00e7\u00e3o, correspond\u00eancia e as suas opini\u00f5es sobre produtos de Hajime Karate.\n<ul>\n<li><strong>FINALIDADE<\/strong>:\n<ul>\n<li>para prestar um servi\u00e7o personalizado, isto \u00e9, saber quais s\u00e3o os produtos e servi\u00e7os mais adequados para si.<\/li>\n<li>Realizar a\u00e7\u00f5es promocionais (por exemplo, para o desenvolvimento de concursos ou envio da lista de artigos guardados para o endere\u00e7o de email indicado). Ao participar numa a\u00e7\u00e3o promocional, autoriza-nos a tratar os dados facultados, e a comunicar atrav\u00e9s de diversos meios como redes sociais ou a pr\u00f3pria Plataforma. Em cada a\u00e7\u00e3o promocional em que participa pode aceder \u00e0 legisla\u00e7\u00e3o e informa\u00e7\u00e3o mais detalhada sobre o tratamento dos seus dados.<\/li>\n<li>Difundir na Plataforma, ou atrav\u00e9s dos nossos canais nas redes sociais, fotografias ou imagens partilhadas publicamente, sempre que preste consentimento para tal.<\/li>\n<\/ul>\n<\/li>\n<\/ul>\n<\/li>\n<\/ul>\n<p>&nbsp;<\/p>\n<ul>\n<li><strong>Informa\u00e7\u00e3o dos dispositivos<\/strong> \u2013 informa\u00e7\u00e3o sobre os seus dados de navega\u00e7\u00e3o. Isto inclui, por exemplo: endere\u00e7o de IP, data e hora da visita, tempo permanecido na nossa p\u00e1gina, endere\u00e7o URL de origem (se chegou ao nosso site atrav\u00e9s de outra p\u00e1gina ou an\u00fancio), p\u00e1ginas visitadas no nosso servi\u00e7o, tipo de motor de busca, vers\u00f5es e sistema operativo.\n<ul>\n<li>FINALIDADE:\n<ul>\n<li>para fins anal\u00edticos e estat\u00edsticos, ou seja, para entender a forma de intera\u00e7\u00e3o dos utilizadores com a nossa Plataforma e assim fazer melhorias \u00e0 mesma.<\/li>\n<li>para proteger a nossa rede e melhorar os servi\u00e7os e resultados. Para oferecer uma melhor experi\u00eancia em qualidade e usabilidade<\/li>\n<\/ul>\n<\/li>\n<\/ul>\n<\/li>\n<\/ul>\n<p><em>Adoptamos las medidas t\u00e9cnicas y organizativas apropiadas para proteger los datos personales frente a la destrucci\u00f3n accidental o il\u00edcita, p\u00e9rdida accidental, modificaci\u00f3n y uso, revelaci\u00f3n o acceso no autorizados, especialmente cuando el tratamiento implique la transmisi\u00f3n de datos, y frente al resto de formas il\u00edcitas de tratamiento y uso indebido.<\/em><\/p>\n<h2><strong>4.- BASE LEGAL DA RECOLHA DOS SEUS DADOS PESSOAIS: <\/strong><\/h2>\n<ul>\n<li><strong>O seu consentimento<\/strong> &#8211; Ao iniciar uma sess\u00e3o, comprar produtos, participar nos nossos f\u00f3runs ou criar uma conta, autoriza-nos a utilizar os dados pessoais facultados com os objetivos indicados neste aviso. Registamos que temos a sua autoriza\u00e7\u00e3o para utilizar os seus dados pessoais de uma forma concreta. Isto inclui, por exemplo, o seu consentimento para receber comunicados de marketing, para partilhar os seus dados com terceiros transmitir os seus dados para outra localiza\u00e7\u00e3o.<\/li>\n<li><strong>Obriga\u00e7\u00f5es contratuais<\/strong> &#8211; Trataremos e utilizaremos os seus dados pessoais para cumprir as nossas obriga\u00e7\u00f5es contratuais de forma a podermos fornecer os produtos e servi\u00e7os solicitados.<\/li>\n<li><strong>Interesses leg\u00edtimos<\/strong> &#8211; Trataremos e utilizaremos os seus dados pessoais para entregar e melhorar os nossos produtos e servi\u00e7os, enviando comunicados de marketing e question\u00e1rios de investiga\u00e7\u00e3o e desenvolvimento.<\/li>\n<li><strong>Cumprimento da legisla\u00e7\u00e3o<\/strong> &#8211; Os seus dados pessoais ser\u00e3o tratados e utilizados para cumprir as obriga\u00e7\u00f5es decorrentes da legisla\u00e7\u00e3o aplic\u00e1vel.<\/li>\n<\/ul>\n<h2>5.- QUEM TEM ACESSO AOS SEUS DADOS PESSOAIS:<\/h2>\n<p>Asseguramos que s\u00f3 pessoas autorizadas pela Hajime Karate acedem aos seus dados pessoais quando necess\u00e1rio no \u00e2mbito da nossa rela\u00e7\u00e3o comercial.<\/p>\n<p>Os nossos prestadores de servi\u00e7os tamb\u00e9m podem receber os dados pessoais estritamente necess\u00e1rios \u00e0 presta\u00e7\u00e3o dos servi\u00e7os confiados (por exemplo: entrega e devolu\u00e7\u00e3o dos seus produtos para o nosso armaz\u00e9m, pagamento online, campanhas promocionais espec\u00edficas) recupera\u00e7\u00e3o de d\u00edvidas, preven\u00e7\u00e3o e luta contra a fraude).<\/p>\n<p>Partilhamos os dados pessoais disponibilizados com os fornecedores de servi\u00e7os que nos ajudam a oferecer-lhe a melhor experi\u00eancia poss\u00edvel:<\/p>\n<ul>\n<li>Entidades financeiras<\/li>\n<li>Entidades de dete\u00e7\u00e3o e preven\u00e7\u00e3o de fraude<\/li>\n<li>Forencedores de servi\u00e7os tecnol\u00f3gicos<\/li>\n<li>Fornecedores e colaboradores de servi\u00e7os de log\u00edstica, transporte e entrega<\/li>\n<li>Fornecedores de servi\u00e7os relacionados com apoio ao cliente.<\/li>\n<li>Fornecedores e colaboradores de servi\u00e7os relacionados com marketing e publicidade.<\/li>\n<\/ul>\n<h2><strong>6.- OS SEUS DADOS FICAM ARMAZENADOS DURANTE QUANTO TEMPO: <\/strong><\/h2>\n<p>A conserva\u00e7\u00e3o dos dados respeita as obriga\u00e7\u00f5es legais:<\/p>\n<p>1.- Dados da conta de cliente e programa de fideliza\u00e7\u00e3o, dados de comportamento e segmenta\u00e7\u00e3o: Trataremos os seus dados enquanto mantiver a condi\u00e7\u00e3o de utilizador registado (ou seja, at\u00e9 decidir cancelar a conta).<\/p>\n<p>2.- Desenvolvimento, cumprimento e execu\u00e7\u00e3o do contrato de compra e venda ou servi\u00e7os: Trataremos os seus dados durante o tempo necess\u00e1rio para gerir a compra dos produtos ou servi\u00e7os adquiridos, incluindo eventuais devolu\u00e7\u00f5es, queixas ou reclama\u00e7\u00f5es associadas \u00e0 compra do produto ou servi\u00e7o em particular.<\/p>\n<p>3.- Dados de potenciais clientes: Trataremos os seus dados at\u00e9 sair ou cancelar a assinatura da newsletter. Trataremos os seus dados pontualmente enquanto estiver a realizar uma a\u00e7\u00e3o ou inqu\u00e9rito de qualidade concreto<\/p>\n<p>4.- Apoio ao cliente: Trataremos os seus dados durante o tempo necess\u00e1rio para atender o seu pedido.<\/p>\n<p>No fim destes per\u00edodos, podemos arquivar os dados, em particular para responder aos prazos legais e fiscais e de a\u00e7\u00f5es judiciais.<\/p>\n<h2><strong>7.- DIREITOS RELACIONADOS COM O TRATAMENTO DOS SEUS DADOS: <\/strong><\/h2>\n<ul>\n<li>Em qualquer momento, tem direito que a Hajime Karate:\n<ul>\n<li>Confirme se est\u00e1 a processar os seus dados pessoais e a saber que dados s\u00e3o esses, a classifica\u00e7\u00e3o que fazemos desses dados e porque os mantemos.<\/li>\n<li>Pode exercer o direito de retifica\u00e7\u00e3o, cancelamento e restri\u00e7\u00e3o dos dados que estamos a processar.<\/li>\n<li>Tamb\u00e9m pode, sempre que pretender, exercer o seu direito de oposi\u00e7\u00e3o ao tratamento dos seus dados pessoais, revogar o consentimento prestado ao processamento de dados ou pedir a transfer\u00eancia dos seus dados. Se precisar de mais informa\u00e7\u00e3o ou pretender revogar ou opor-se ao tratamento dos seus dados, entre em contato connosco. Caso se verifique uma viola\u00e7\u00e3o da sua privacidade, pode apresentar uma reclama\u00e7\u00e3o perante as autoridades competentes.<\/li>\n<li>A saber quanto tempo manteremos os seus dados pessoais, quem tem acesso a eles e como os obtivemos. o A exigir a elimina\u00e7\u00e3o dos seus dados pessoais. N\u00e3o obstante, tenha em considera\u00e7\u00e3o que podem existir obriga\u00e7\u00f5es legais que temos de cumprir e que nos obrigam a recusar o seu pedido ou a manter determinada informa\u00e7\u00e3o. Em caso de d\u00favidas quanto a este respeito contate-nos atrav\u00e9s de <a href=\"mailto:info@hajimekarate.com\">info@hajimekarate.com <\/a><\/li>\n<li>A assegurar que os seus dados pessoais s\u00e3o exatos e completos. Se tiver uma conta da Hajime Karate, inicie sess\u00e3o na sua conta e fa\u00e7a as devidas corre\u00e7\u00f5es.<\/li>\n<li>A obter uma c\u00f3pia dos seus dados pessoais para transmitir a outra empresa. Pode solicitar uma c\u00f3pia dos seus dados pessoais em formato digital.<\/li>\n<\/ul>\n<\/li>\n<\/ul>\n<h2>DECLARA\u00c7\u00c3O DE COOKIES:<\/h2>\n<h3>1.- que s\u00e3o cookies?<\/h3>\n<p>Cookies s\u00e3o pequenos arquivos de texto armazenados no seu computador ou dispositivo m\u00f3vel quando acede a uma p\u00e1gina web. N\u00e3o ocupam muito espa\u00e7o e s\u00e3o eliminados automaticamente quando caducam. Alguns cookies caducam no fim da sess\u00e3o, enquanto outros se mant\u00e9m durante um determinado per\u00edodo de tempo.<\/p>\n<p>Utilizamos cookies e dispositivos similares para facilitar a sua navega\u00e7\u00e3o na Plataforma, conhecer como interage connosco e, em determinados casos, apresentar publicidade em fun\u00e7\u00e3o dos seus h\u00e1bitos de navega\u00e7\u00e3o.<\/p>\n<p>Ao consultar a nossa p\u00e1gina web, perguntamos se aceita cookies. Durante o per\u00edodo de validade ou registo, os cookies permitem identificar o seu computador nas suas pr\u00f3ximas visitas. De seguida, encontra informa\u00e7\u00e3o sobre os cookies que podem aparecer no seu computador ao visitar as p\u00e1ginas web da Hajime Karate, e a forma de eliminar\/recusar o registo destes cookies no seu computador.<\/p>\n<h3>2.- Que tipo de cookies utilizamos?<\/h3>\n<p>Utilizamos cookies nossos e de terceiros. Os cookies de outras partes s\u00e3o denominados por \u201ccookies de terceiros\u201d. Os cookies de terceiros t\u00eam caracter\u00edsticas ou funcionalidades de terceiros que aparecem na p\u00e1gina web ou atrav\u00e9s dela (por exemplo, publicidade, conte\u00fados interativos e an\u00e1lise). As partes que estabelecem estes cookies de terceiros podem reconhecer o seu computador ou dispositivo m\u00f3vel, tanto quando visita a p\u00e1gina em quest\u00e3o como quando visita outras p\u00e1ginas. Utilizamos os nossos cookies e cookies de terceiros por diversos motivos. Os cookies mais importantes s\u00e3o os obrigat\u00f3rios. S\u00e3o essenciais e ajudam a navegar na internet e a utilizar as fun\u00e7\u00f5es b\u00e1sicas, tal como complementos multim\u00e9dia. Os cookies de funcionalidade permitem guardar o carrinho de compras, criar uma lista de desejos e guardar os seus dados de compra para agilizar o processo de pagamento. Os cookies de rendimento e an\u00e1lise s\u00e3o utilizados para melhorar o nosso site na internet. Tamb\u00e9m gostamos de lhe mostrar ofertas relevantes. Para o poder fazer, recolhemos dados de navega\u00e7\u00e3o, que podem estar vinculados a um identificador \u00fanico que nos permite compreender a sua forma de interagir com a Hajime Karate. Os cookies de intera\u00e7\u00e3o s\u00e3o utilizados para interagir com as redes sociais ou para enviar coment\u00e1rios. Os cookies de segmenta\u00e7\u00e3o, os cookies de publicidade e os cookies de redes sociais registam as suas prefer\u00eancias com o objetivo de lhe mostrar an\u00fancios relevantes que n\u00e3o sejam da Hajime Karate. Para al\u00e9m disso, os cookies de redes sociais podem ser utilizados para fazer o seguimento da sua atividade em plataformas de redes sociais.<\/p>\n<h2>UTILIZA\u00c7\u00c3O DE COOKIES:<\/h2>\n<p>De seguida passamos a explicar a informa\u00e7\u00e3o o prop\u00f3sito, dura\u00e7\u00e3o e gest\u00e3o (pr\u00f3pria ou de terceiros) sobre o uso de cookies:<\/p>\n<p><strong> 1. COOKIES OBRIGAT\u00d3RIOS<\/strong><\/p>\n<p>S\u00e3o essenciais e ajudam-no a navegar, a mover-se no site e a ver certas caracter\u00edsticas (por exemplo, estes cookies garantem que o seu carrinho de compras fique guardado durante todo o processo de pagamento). Estes cookies s\u00e3o obrigat\u00f3rios para permitir o funcionamento b\u00e1sico do s\u00edtio da internet. Estes cookies ficam guardados durante a sess\u00e3o.<\/p>\n<p><strong>2. COOKIES DE FUNCIONALIDADE E ANAL\u00cdTICOS<\/strong><\/p>\n<p>Est\u00e3o presentes para proporcionar uma experi\u00eancia ao cliente ainda melhor (por exemplo, estes cookies ajudam a guardar o seu carrinho de compras e permitem criar uma lista de desejos). Estes cookies permitem analisar o uso da p\u00e1gina web para medir e melhorar o rendimento. Estes cookies podem ser colocados por n\u00f3s ou por terceiros em nosso nome (veja-se a nossa ferramenta de exclus\u00e3o de cookies) e ficam armazenados durante a sess\u00e3o.<\/p>\n<p><strong>3. COOKIES PUBLICIT\u00c1RIOS E DE REDES SOCIAIS <\/strong><\/p>\n<p>Recordam as suas prefer\u00eancias de produtos e compras e ajudam-nos de outras formas nas iniciativas de marketing. Estes cookies permitem partilhar dados, como aquilo de que gosta, com os nossos anunciantes, de maneira a ver a publicidade mais relevante tendo em conta as suas prefer\u00eancias (por vezes conhecidos como \u201ccookies de segmenta\u00e7\u00e3o\u201d). Ajudam-nos a conhecer os h\u00e1bitos de compra dos visitantes. Isto permite melhor a nossa p\u00e1gina, para facilitar as compras, torn\u00e1-las mais agrad\u00e1veis, e aperfei\u00e7oar mensagens de marketing (por vezes conhecidos como \u201ccookies de rendimento\u201d). S\u00e3o utilizados para que possa expor a sua opini\u00e3o. Estes cookies permitem fazer um \u201cGosto\u201d, recomendar-nos nas redes sociais e para falar pelo chat com os nossos agentes de servi\u00e7o. Mas tamb\u00e9m pode aconselhar outros (potenciais) clientes, qualificando e verificando os nossos produtos (por vezes conhecidos como \u201ccookies de intera\u00e7\u00e3o\u201d).<\/p>\n<h3>3.- EVITAR O USO DE COOKIES:<\/h3>\n<p>A se\u00e7\u00e3o \u201cajuda\u201d no seu motor de busca faculta informa\u00e7\u00e3o sobre a configura\u00e7\u00e3o de cookies. Desative o uso de Cookies e elimine os Cookies guardados no seu motor de busca associados a esta p\u00e1gina web. Para evitar o uso de Cookies pode realizar esta a\u00e7\u00e3o em qualquer momento.<\/p>\n<p>MAIS INFORMA\u00c7\u00c3O:<\/p>\n<p>Pode solicitar mais informa\u00e7\u00e3o enviando um email para <a href=\"mailto:info@hajimekarate.com\">info@hajimekarate.com <\/a>[\/vc_column_text][\/vc_column][vc_column column_padding=&#8221;no-extra-padding&#8221; column_padding_position=&#8221;all&#8221; background_color_opacity=&#8221;1&#8243; background_hover_color_opacity=&#8221;1&#8243; column_link_target=&#8221;_self&#8221; column_shadow=&#8221;none&#8221; column_border_radius=&#8221;none&#8221; width=&#8221;1\/6&#8243; tablet_width_inherit=&#8221;default&#8221; tablet_text_alignment=&#8221;default&#8221; phone_text_alignment=&#8221;default&#8221; column_border_width=&#8221;none&#8221; column_border_style=&#8221;solid&#8221;][\/vc_column][\/vc_row]\n","protected":false},"excerpt":{"rendered":"<p>[vc_row type=&#8221;in_container&#8221; full_screen_row_position=&#8221;middle&#8221; scene_position=&#8221;center&#8221; text_color=&#8221;dark&#8221; text_align=&#8221;left&#8221; overlay_strength=&#8221;0.3&#8243; shape_divider_position=&#8221;bottom&#8221;][vc_column column_padding=&#8221;no-extra-padding&#8221; column_padding_position=&#8221;all&#8221; background_color_opacity=&#8221;1&#8243; background_hover_color_opacity=&#8221;1&#8243; column_link_target=&#8221;_self&#8221; column_shadow=&#8221;none&#8221; column_border_radius=&#8221;none&#8221; width=&#8221;1\/6&#8243; tablet_width_inherit=&#8221;default&#8221; tablet_text_alignment=&#8221;default&#8221; phone_text_alignment=&#8221;default&#8221; column_border_width=&#8221;none&#8221; column_border_style=&#8221;solid&#8221;][\/vc_column][vc_column column_padding=&#8221;no-extra-padding&#8221; column_padding_position=&#8221;all&#8221; background_color_opacity=&#8221;1&#8243; background_hover_color_opacity=&#8221;1&#8243;&#8230;<\/p>\n","protected":false},"author":41,"featured_media":0,"parent":0,"menu_order":0,"comment_status":"closed","ping_status":"open","template":"","meta":{"_joinchat":[],"footnotes":""},"class_list":["post-7714","page","type-page","status-publish"],"_links":{"self":[{"href":"https:\/\/hajimekarate.com\/pt-pt\/wp-json\/wp\/v2\/pages\/7714","targetHints":{"allow":["GET"]}}],"collection":[{"href":"https:\/\/hajimekarate.com\/pt-pt\/wp-json\/wp\/v2\/pages"}],"about":[{"href":"https:\/\/hajimekarate.com\/pt-pt\/wp-json\/wp\/v2\/types\/page"}],"author":[{"embeddable":true,"href":"https:\/\/hajimekarate.com\/pt-pt\/wp-json\/wp\/v2\/users\/41"}],"replies":[{"embeddable":true,"href":"https:\/\/hajimekarate.com\/pt-pt\/wp-json\/wp\/v2\/comments?post=7714"}],"version-history":[{"count":0,"href":"https:\/\/hajimekarate.com\/pt-pt\/wp-json\/wp\/v2\/pages\/7714\/revisions"}],"wp:attachment":[{"href":"https:\/\/hajimekarate.com\/pt-pt\/wp-json\/wp\/v2\/media?parent=7714"}],"curies":[{"name":"wp","href":"https:\/\/api.w.org\/{rel}","templated":true}]}}