{"id":88675,"date":"2025-10-02T10:33:19","date_gmt":"2025-10-02T08:33:19","guid":{"rendered":"https:\/\/hajimekarate.com\/?post_type=product&#038;p=88675"},"modified":"2026-01-13T15:44:56","modified_gmt":"2026-01-13T14:44:56","slug":"cintura-hajime-rosa","status":"publish","type":"product","link":"https:\/\/hajimekarate.com\/it\/acquistare\/cintura-hajime-rosa\/","title":{"rendered":"Cintura Rosa Hajime"},"content":{"rendered":"<p>*La cintura rosa nel karate non ha un significato ufficiale all&#8217;interno del sistema di gradi standard e non rappresenta un livello di abilit\u00e0. Il suo significato \u00e8 simbolico. Principalmente, il suo utilizzo \u00e8 associato alla sensibilizzazione sul cancro al seno. Alcuni dojo utilizzano questo colore anche per riconoscere gli studenti che hanno dovuto affrontare una grande sfida o per celebrare traguardi importanti raggiunti dalla comunit\u00e0.   <\/p>\n","protected":false},"excerpt":{"rendered":"<p>Cintura di karate rosa Hajime. 100% cotone. Significato simbolico.*<\/p>\n<p>Il peso varia da 250 a 500 grammi, a seconda della dimensione scelta. Sono realizzati in cotone di qualit\u00e0 che conferisce loro uno spessore perfetto per la pratica del karate nel dojo.<\/p>\n","protected":false},"featured_media":88689,"template":"","meta":{"_joinchat":[]},"product_brand":[],"product_cat":[2659,2707,2660,3368,3208],"product_tag":[2708],"class_list":{"0":"post-88675","1":"product","2":"type-product","3":"status-publish","4":"has-post-thumbnail","6":"product_cat-cinture-da-karate","7":"product_cat-cinture-kaiten","8":"product_cat-cinture-personalizzabili","9":"product_cat-cinture-di-colore","10":"product_cat-cinture-tokaido","11":"product_tag-club-33-it-2","13":"first","14":"instock","15":"taxable","16":"shipping-taxable","17":"purchasable","18":"product-type-variable"},"_links":{"self":[{"href":"https:\/\/hajimekarate.com\/it\/wp-json\/wp\/v2\/product\/88675","targetHints":{"allow":["GET"]}}],"collection":[{"href":"https:\/\/hajimekarate.com\/it\/wp-json\/wp\/v2\/product"}],"about":[{"href":"https:\/\/hajimekarate.com\/it\/wp-json\/wp\/v2\/types\/product"}],"wp:featuredmedia":[{"embeddable":true,"href":"https:\/\/hajimekarate.com\/it\/wp-json\/wp\/v2\/media\/88689"}],"wp:attachment":[{"href":"https:\/\/hajimekarate.com\/it\/wp-json\/wp\/v2\/media?parent=88675"}],"wp:term":[{"taxonomy":"product_brand","embeddable":true,"href":"https:\/\/hajimekarate.com\/it\/wp-json\/wp\/v2\/product_brand?post=88675"},{"taxonomy":"product_cat","embeddable":true,"href":"https:\/\/hajimekarate.com\/it\/wp-json\/wp\/v2\/product_cat?post=88675"},{"taxonomy":"product_tag","embeddable":true,"href":"https:\/\/hajimekarate.com\/it\/wp-json\/wp\/v2\/product_tag?post=88675"}],"curies":[{"name":"wp","href":"https:\/\/api.w.org\/{rel}","templated":true}]}}