{"id":82878,"date":"2025-03-24T17:35:53","date_gmt":"2025-03-24T16:35:53","guid":{"rendered":"https:\/\/hajimekarate.com\/comprar\/tokaido-monster-bag-pro-borsa-sportiva-multifunzione-nero-rosso-wkf\/"},"modified":"2025-03-25T09:38:06","modified_gmt":"2025-03-25T08:38:06","slug":"tokaido-monster-bag-pro-nero-rosso-wkf","status":"publish","type":"product","link":"https:\/\/hajimekarate.com\/it\/acquistare\/tokaido-monster-bag-pro-nero-rosso-wkf\/","title":{"rendered":"TOKAIDO Monster Bag PRO | Borsa sportiva multifunzione | Nero \/ Rosso | WKF"},"content":{"rendered":"<h3 class=\"\" data-start=\"968\" data-end=\"994\"><strong data-start=\"972\" data-end=\"992\">Caratteristiche:<\/strong><\/h3>\n<ul>\n<li data-start=\"995\" data-end=\"1699\">Capacit\u00e0 maggiore rispetto al modello standard per trasportare tutta l\u2019attrezzatura senza difficolt\u00e0.<\/li>\n<li data-start=\"995\" data-end=\"1699\">Fondo estensibile per regolare lo spazio in base al carico.<\/li>\n<li data-start=\"995\" data-end=\"1699\">Ampio scomparto principale con cerniera.<\/li>\n<li data-start=\"995\" data-end=\"1699\">Tasca superiore con cerniera per un accesso rapido.<\/li>\n<li data-start=\"995\" data-end=\"1699\">Tasca interna con cerniera per oggetti piccoli.<\/li>\n<li data-start=\"995\" data-end=\"1699\">Due scomparti laterali con cerniera per una maggiore organizzazione.<\/li>\n<li data-start=\"995\" data-end=\"1699\">Inserti in rete traspiranti per una migliore ventilazione.<\/li>\n<li data-start=\"995\" data-end=\"1699\">Sistema a zaino con schienale imbottito e tracolla rimovibile.<\/li>\n<li data-start=\"995\" data-end=\"1699\">Piedini in gomma antiscivolo per maggiore stabilit\u00e0 e resistenza all\u2019usura.<\/li>\n<li data-start=\"995\" data-end=\"1699\">Realizzata in poliestere resistente e antiabrasione.<\/li>\n<\/ul>\n<p class=\"\" data-start=\"1701\" data-end=\"1832\">Dimensioni:<\/p>\n<ul>\n<li data-start=\"1701\" data-end=\"1832\">Come zaino: circa 55 \u00d7 48 \u00d7 24 cm <\/li>\n<li data-start=\"1701\" data-end=\"1832\">ome borsa: circa 80 \u00d7 48 \u00d7 24 cm <\/li>\n<li data-start=\"1701\" data-end=\"1832\">Peso: ca. 2100 g.<\/li>\n<\/ul>\n","protected":false},"excerpt":{"rendered":"<p class=\"\" data-start=\"258\" data-end=\"700\">Progettata per karateka che necessitano di ancora pi\u00f9 spazio, la Tokaido Monster Bag PRO \u00e8 la versione pi\u00f9 grande e migliorata della Monster Bag. Il suo design extra-large ti permette di trasportare comodamente tutta la tua attrezzatura da karate: karategi, protezioni, guantoni, paratibie, paradenti e altro ancora. Grazie al fondo estensibile, puoi adattarne la capacit\u00e0 in base alle esigenze, rendendola perfetta sia per gli allenamenti quotidiani che per le competizioni.  <\/p>\n<p class=\"\" data-start=\"702\" data-end=\"966\">La sua struttura robusta include piedini in gomma antiscivolo, che garantiscono stabilit\u00e0 e proteggono la base dall&#8217;usura. Inoltre, le opzioni di trasporto versatili ti permettono di usarla come zaino con schienale imbottito o come borsa a tracolla con cinghia rimovibile. <\/p>\n","protected":false},"featured_media":82837,"template":"","meta":{"_joinchat":[]},"product_brand":[],"product_cat":[2688,2690,2655,3149],"product_tag":[2653],"class_list":{"0":"post-82878","1":"product","2":"type-product","3":"status-publish","4":"has-post-thumbnail","6":"product_cat-accessori","7":"product_cat-borse-da-karate","8":"product_cat-marche","9":"product_cat-tokaido-it","10":"product_tag-club-10-it","12":"first","13":"onbackorder","14":"taxable","15":"shipping-taxable","16":"purchasable","17":"product-type-simple"},"_links":{"self":[{"href":"https:\/\/hajimekarate.com\/it\/wp-json\/wp\/v2\/product\/82878","targetHints":{"allow":["GET"]}}],"collection":[{"href":"https:\/\/hajimekarate.com\/it\/wp-json\/wp\/v2\/product"}],"about":[{"href":"https:\/\/hajimekarate.com\/it\/wp-json\/wp\/v2\/types\/product"}],"wp:featuredmedia":[{"embeddable":true,"href":"https:\/\/hajimekarate.com\/it\/wp-json\/wp\/v2\/media\/82837"}],"wp:attachment":[{"href":"https:\/\/hajimekarate.com\/it\/wp-json\/wp\/v2\/media?parent=82878"}],"wp:term":[{"taxonomy":"product_brand","embeddable":true,"href":"https:\/\/hajimekarate.com\/it\/wp-json\/wp\/v2\/product_brand?post=82878"},{"taxonomy":"product_cat","embeddable":true,"href":"https:\/\/hajimekarate.com\/it\/wp-json\/wp\/v2\/product_cat?post=82878"},{"taxonomy":"product_tag","embeddable":true,"href":"https:\/\/hajimekarate.com\/it\/wp-json\/wp\/v2\/product_tag?post=82878"}],"curies":[{"name":"wp","href":"https:\/\/api.w.org\/{rel}","templated":true}]}}