{"id":79730,"date":"2024-12-19T11:55:29","date_gmt":"2024-12-19T10:55:29","guid":{"rendered":"https:\/\/hajimekarate.com\/comprar\/karategui-tokaido-kata-master-japan-style-wkf-12-oz\/"},"modified":"2026-01-27T18:11:30","modified_gmt":"2026-01-27T17:11:30","slug":"karategui-tokaido-kata-master-japan-style-wkf-12-oz","status":"publish","type":"product","link":"https:\/\/hajimekarate.com\/it\/acquistare\/karategui-tokaido-kata-master-japan-style-wkf-12-oz\/","title":{"rendered":"Karategui TOKAIDO | Kata Master | WKF | 12 oz."},"content":{"rendered":"<p>Specifiche<\/p>\n<p>\u2013 Colore bianco<\/p>\n<p>\u2013 Tessuto 100% cotone<\/p>\n<p>\u2013 Adatto al Kata<\/p>\n<p>\u2013 Taglio Kata<\/p>\n<p>\u2013 Spessore: 12 oz.<\/p>\n<p>\u2013 Consigliato per: Avanzato<\/p>\n<p>&#8211; Opzione senza logo o con logo TOKAIDO sul petto e sulla nuca. Etichetta WKF. Non \u00e8 possibile ricamare sulle spalle.  <\/p>\n<p>&#8211; Ottima scelta di karategi per esperti di kata. Utilizzato dai maestri di kata di tutto il mondo. <\/p>\n<p>&#8211; Aspetto eccezionale. Maniche e pantaloni corti e gonna lunga. Il taglio speciale di TOKAIDO esalta visivamente i movimenti dinamici del karateka.  <\/p>\n<p>\u2013 Grazie alla tecnologia Ultimate Sound, rende volutamente udibili i movimenti veloci e conferisce a SNAP una maggiore espressivit\u00e0.<\/p>\n<p>\u2013 Straordinariamente comodo da indossare perch\u00e9 consente una grande libert\u00e0 di movimento. Esterno ruvido, interno morbido (\u00e8 importante prestare attenzione alle istruzioni di lavaggio). <\/p>\n<p>\u2013 Numerose cuciture e rinforzi. Caratteristica aggiuntiva: la cucitura della zip della gonna della giacca \u00e8 particolarmente ampia e spessa. <\/p>\n<p>\u2013 Giacca e pantaloni tradizionali con coulisse. Il sistema sviluppato da Tokaido garantisce una chiusura affidabile in vita e un maggiore comfort. <\/p>\n<p>\u2013 Realizzato in cotone di alta qualit\u00e0. Sebbene il materiale sia pesante (12 once), consente di eseguire calci e movimenti Bunkai complessi. <\/p>\n<p>\u2013 Mantiene la sua forma. Seguendo le istruzioni di lavaggio, il restringimento del karategui \u00e8 minimo. Questo fantastico giubbotto da karate mantiene la sua forma lavaggio dopo lavaggio perch\u00e9 \u00e8 pre-ristretto (con una tecnologia che impedisce il restringimento dopo il lavaggio).  <\/p>\n<p>Tokaido \u00e8 un marchio originale giapponese. Le tute sono sviluppate da esperti di karate e prodotte a mano. Tokaido \u00e8 un marchio di fama mondiale. La durata delle tute Tokaido \u00e8 molto lunga.   <\/p>\n<p>\u2013 I prodotti TOKAIDO sono economici nonostante le loro elevate prestazioni.<\/p>\n","protected":false},"excerpt":{"rendered":"<p><strong data-start=\"493\" data-end=\"520\">KATA MASTER<\/strong> \u00e8 un karategi premium sviluppato per la pratica del kata. Sebbene sia <strong data-start=\"635\" data-end=\"655\">omologato WKF<\/strong>, non \u00e8 possibile ricamare le spalle. \u00c8 possibile scegliere tra il modello con il logo TOKAIDO ricamato sul petto e sulla nuca o il modello semplice senza loghi.<br data-start=\"732\" data-end=\"735\">Realizzato in <strong data-start=\"752\" data-end=\"769\">100% cotone<\/strong>, presenta un <strong data-start=\"783\" data-end=\"800\">taglio europeo<\/strong>, con maniche e pantaloni pi\u00f9 corti e gonna lunga, che privilegia la sensazione, il controllo del movimento e il suono caratteristico del kata, potenziato dalla <strong data-start=\"946\" data-end=\"975\">Ultimate Sound Technology<\/strong>.  <span style=\"color: red;\"><br \/>\n<\/span><\/p>\n","protected":false},"featured_media":79703,"template":"","meta":{"_joinchat":[]},"product_brand":[],"product_cat":[2910,2645,2927,2929,2641,2642,2655,3133,3204,3149],"product_tag":[3336,3145,2670],"class_list":{"0":"post-79730","1":"product","2":"type-product","3":"status-publish","4":"has-post-thumbnail","6":"product_cat-attrezzature-personalizzate-per-il-karate","7":"product_cat-concorso-kata","8":"product_cat-kaiten-chaqueta-bordado-it","9":"product_cat-kaiten-pantaloni-ricamo","10":"product_cat-karategi-it","11":"product_cat-karategi-wkf","12":"product_cat-marche","13":"product_cat-karate-competizione","14":"product_cat-karategui-tokaido-it","15":"product_cat-tokaido-it","16":"product_tag-blackfriday-club-25-it","17":"product_tag-blackfriday-it","18":"product_tag-club-20-it","20":"first","21":"instock","22":"taxable","23":"shipping-taxable","24":"purchasable","25":"product-type-variable"},"_links":{"self":[{"href":"https:\/\/hajimekarate.com\/it\/wp-json\/wp\/v2\/product\/79730","targetHints":{"allow":["GET"]}}],"collection":[{"href":"https:\/\/hajimekarate.com\/it\/wp-json\/wp\/v2\/product"}],"about":[{"href":"https:\/\/hajimekarate.com\/it\/wp-json\/wp\/v2\/types\/product"}],"wp:featuredmedia":[{"embeddable":true,"href":"https:\/\/hajimekarate.com\/it\/wp-json\/wp\/v2\/media\/79703"}],"wp:attachment":[{"href":"https:\/\/hajimekarate.com\/it\/wp-json\/wp\/v2\/media?parent=79730"}],"wp:term":[{"taxonomy":"product_brand","embeddable":true,"href":"https:\/\/hajimekarate.com\/it\/wp-json\/wp\/v2\/product_brand?post=79730"},{"taxonomy":"product_cat","embeddable":true,"href":"https:\/\/hajimekarate.com\/it\/wp-json\/wp\/v2\/product_cat?post=79730"},{"taxonomy":"product_tag","embeddable":true,"href":"https:\/\/hajimekarate.com\/it\/wp-json\/wp\/v2\/product_tag?post=79730"}],"curies":[{"name":"wp","href":"https:\/\/api.w.org\/{rel}","templated":true}]}}