{"id":79671,"date":"2024-12-19T09:27:14","date_gmt":"2024-12-19T08:27:14","guid":{"rendered":"https:\/\/hajimekarate.com\/?post_type=product&#038;p=79671"},"modified":"2026-01-27T18:12:21","modified_gmt":"2026-01-27T17:12:21","slug":"karategui-tokaido-kata-master-junior-slim-wkf","status":"publish","type":"product","link":"https:\/\/hajimekarate.com\/it\/acquistare\/karategui-tokaido-kata-master-junior-slim-wkf\/","title":{"rendered":"Karategui TOKAIDO | Kata Master Junior Slim | WKF"},"content":{"rendered":"<p>Scheda tecnica:<\/p>\n<p>\u2013 Colore: Bianco<br \/>\n\u2013 Tessuto 100% Cotone<br \/>\n\u2013 Adatto per Kata<br \/>\n\u2013 Taglio Kata<br \/>\n\u2013 Spessore: 10 oz.<br \/>\n\u2013 Consigliato per: Principianti, Avanzati<\/p>\n<p>\u2013 Gi di karate slim fit: Il taglio slim \u00e8 stato adattato al fisico di ragazzi, ragazze e adolescenti.<br \/>\n\u2013 Pantaloni con elastico in vita ampio e flessibile: facili da indossare e da togliere. Vestibilit\u00e0 perfetta, senza punti di pressione.<br \/>\n\u2013 Tuta da karate con omologazione WKF 2025 \u2013 2029. Pu\u00f2 essere indossata senza problemi anche ai campionati internazionali.<br \/>\n\u2013 Pratiche istruzioni di lavaggio QR. Scansionate il codice sulla tuta per ottenere maggiori informazioni.<br \/>\n100% cotone con una sensazione di morbidezza e assenza di bordi ruvidi.<br \/>\n\u2013 Il resistente tessuto da 10 oz. si distingue dalle tipiche tute per principianti per il suo look impeccabile e l\u2019ottimo SNAP.<br \/>\n\u2013 Logo Tokaido ricamato sul petto e sulla schiena.<br \/>\n\u2013 Possibilit\u00e0 di ricamo sulle spalle con sovrapprezzo.<br \/>\nIl prodotto comprende giacca e pantaloni (senza cintura).<\/p>\n","protected":false},"excerpt":{"rendered":"<p>Il modello Tokaido Kata Master Junior \u00e8 stato appositamente progettato per adattarsi alle proporzioni del corpo di ragazze, ragazzi e adolescenti che partecipano alle gare di kata. Il suo taglio aderente permette ai giovani di avere un aspetto professionale agli esami di cintura e ai campionati. <\/p>\n<p>Alcune divise danno l\u2019impressione che il bambino indossi la tuta da karate di un adulto, perch\u00e9 troppo grande per lui. Grazie all\u2019accurata selezione dei materiali, questo giubbotto da karate offre un eccellente rapporto qualit\u00e0-prezzo senza la necessit\u00e0 di acquistare una taglia pi\u00f9 grande per farlo durare pi\u00f9 a lungo, garantendo una silhouette ben aderente fin dal primo giorno. <\/p>\n<p>\u00c8 possibile aggiungere il logo TOKAIDO <strong>ricamato sulle spallendispensabile, per le competizioni internazionali WKF.<\/strong><\/p>\n","protected":false},"featured_media":79632,"template":"","meta":{"_joinchat":[]},"product_brand":[],"product_cat":[2910,2645,2927,2929,2641,2642,2655,2665,3141,3133,3204,3149],"product_tag":[3336,3145,2670],"class_list":{"0":"post-79671","1":"product","2":"type-product","3":"status-publish","4":"has-post-thumbnail","6":"product_cat-attrezzature-personalizzate-per-il-karate","7":"product_cat-concorso-kata","8":"product_cat-kaiten-chaqueta-bordado-it","9":"product_cat-kaiten-pantaloni-ricamo","10":"product_cat-karategi-it","11":"product_cat-karategi-wkf","12":"product_cat-marche","13":"product_cat-personalizzazioni-karateguis-kaiten","14":"product_cat-kaiten-competizione","15":"product_cat-karate-competizione","16":"product_cat-karategui-tokaido-it","17":"product_cat-tokaido-it","18":"product_tag-blackfriday-club-25-it","19":"product_tag-blackfriday-it","20":"product_tag-club-20-it","22":"first","23":"instock","24":"taxable","25":"shipping-taxable","26":"purchasable","27":"product-type-variable"},"_links":{"self":[{"href":"https:\/\/hajimekarate.com\/it\/wp-json\/wp\/v2\/product\/79671","targetHints":{"allow":["GET"]}}],"collection":[{"href":"https:\/\/hajimekarate.com\/it\/wp-json\/wp\/v2\/product"}],"about":[{"href":"https:\/\/hajimekarate.com\/it\/wp-json\/wp\/v2\/types\/product"}],"wp:featuredmedia":[{"embeddable":true,"href":"https:\/\/hajimekarate.com\/it\/wp-json\/wp\/v2\/media\/79632"}],"wp:attachment":[{"href":"https:\/\/hajimekarate.com\/it\/wp-json\/wp\/v2\/media?parent=79671"}],"wp:term":[{"taxonomy":"product_brand","embeddable":true,"href":"https:\/\/hajimekarate.com\/it\/wp-json\/wp\/v2\/product_brand?post=79671"},{"taxonomy":"product_cat","embeddable":true,"href":"https:\/\/hajimekarate.com\/it\/wp-json\/wp\/v2\/product_cat?post=79671"},{"taxonomy":"product_tag","embeddable":true,"href":"https:\/\/hajimekarate.com\/it\/wp-json\/wp\/v2\/product_tag?post=79671"}],"curies":[{"name":"wp","href":"https:\/\/api.w.org\/{rel}","templated":true}]}}