{"id":77572,"date":"2024-10-28T15:56:45","date_gmt":"2024-10-28T14:56:45","guid":{"rendered":"https:\/\/hajimekarate.com\/?post_type=product&#038;p=77572"},"modified":"2024-10-28T16:02:48","modified_gmt":"2024-10-28T15:02:48","slug":"maglietta-tecnica-team-shureido-manica-lunga-nero","status":"publish","type":"product","link":"https:\/\/hajimekarate.com\/it\/acquistare\/maglietta-tecnica-team-shureido-manica-lunga-nero\/","title":{"rendered":"Maglietta tecnica TEAM SHUREIDO | Manica lunga | Nero"},"content":{"rendered":"<p><strong>Caratteristiche principali:<\/strong><\/p>\n<ul>\n<li>Tessuto tecnico traspirante e ad asciugatura rapida.<\/li>\n<li>Maniche lunghe per una maggiore copertura e comfort.<\/li>\n<li>Le cuciture flatlock evitano gli sfregamenti e massimizzano il comfort.<\/li>\n<li>Disponibile in diverse misure per una vestibilit\u00e0 perfetta.<\/li>\n<\/ul>\n","protected":false},"excerpt":{"rendered":"<p>T-shirt tecnica a maniche lunghe TEAM SHUREIDO in nero, creata per chi vive lo spirito <strong>SHUREIDO<\/strong> in ogni movimento. Con materiali di alta qualit\u00e0, questa T-shirt offre un&#8217;eccezionale traspirabilit\u00e0 e una vestibilit\u00e0 sicura che si adatta all&#8217;intensit\u00e0 di ogni allenamento, garantendo comfort e libert\u00e0 di movimento. Con un elegante design nero e maniche lunghe, offre stile. La sua tecnologia ad asciugatura rapida aiuta a mantenere la pelle fresca e priva di umidit\u00e0 durante qualsiasi attivit\u00e0 &#8211; fai parte del TEAM SHUREIDO! <\/p>\n","protected":false},"featured_media":77553,"template":"","meta":{"_joinchat":[]},"product_brand":[],"product_cat":[2688,3340],"product_tag":[2653],"class_list":{"0":"post-77572","1":"product","2":"type-product","3":"status-publish","4":"has-post-thumbnail","6":"product_cat-accessori","7":"product_cat-magliette-it","8":"product_tag-club-10-it","10":"first","11":"instock","12":"taxable","13":"shipping-taxable","14":"purchasable","15":"product-type-variable"},"_links":{"self":[{"href":"https:\/\/hajimekarate.com\/it\/wp-json\/wp\/v2\/product\/77572","targetHints":{"allow":["GET"]}}],"collection":[{"href":"https:\/\/hajimekarate.com\/it\/wp-json\/wp\/v2\/product"}],"about":[{"href":"https:\/\/hajimekarate.com\/it\/wp-json\/wp\/v2\/types\/product"}],"wp:featuredmedia":[{"embeddable":true,"href":"https:\/\/hajimekarate.com\/it\/wp-json\/wp\/v2\/media\/77553"}],"wp:attachment":[{"href":"https:\/\/hajimekarate.com\/it\/wp-json\/wp\/v2\/media?parent=77572"}],"wp:term":[{"taxonomy":"product_brand","embeddable":true,"href":"https:\/\/hajimekarate.com\/it\/wp-json\/wp\/v2\/product_brand?post=77572"},{"taxonomy":"product_cat","embeddable":true,"href":"https:\/\/hajimekarate.com\/it\/wp-json\/wp\/v2\/product_cat?post=77572"},{"taxonomy":"product_tag","embeddable":true,"href":"https:\/\/hajimekarate.com\/it\/wp-json\/wp\/v2\/product_tag?post=77572"}],"curies":[{"name":"wp","href":"https:\/\/api.w.org\/{rel}","templated":true}]}}