{"id":77290,"date":"2024-10-23T11:04:59","date_gmt":"2024-10-23T09:04:59","guid":{"rendered":"https:\/\/hajimekarate.com\/?post_type=product&#038;p=77290"},"modified":"2026-01-27T18:14:52","modified_gmt":"2026-01-27T17:14:52","slug":"set-tokaido-kumite-master-recycled-wkf","status":"publish","type":"product","link":"https:\/\/hajimekarate.com\/it\/acquistare\/set-tokaido-kumite-master-recycled-wkf\/","title":{"rendered":"Set TOKAIDO | Kumite Master Recycled | WKF 1 2 giacche rosse e blu + 1 pantalone"},"content":{"rendered":"<p><strong>Scheda tecnica:<\/strong><\/p>\n<ul>\n<li>Colore Bianco.<\/li>\n<li>Tessuto 100% poliestere.<\/li>\n<li>Adatto al Kumite.<\/li>\n<li>Taglio: Slim Fit.<\/li>\n<li>Spessore: 3,5 oz.<\/li>\n<li>Consigliato ai professionisti.<\/li>\n<li>Una karategui dalla vestibilit\u00e0 slim che si adatta perfettamente. Giacca aderente con \u201cSmart Shoulder\u201d. Maniche e gambe dei pantaloni pi\u00f9 strette.  <\/li>\n<li>I pantaloni sono dotati di un elastico in vita extra largo e morbido, che offre un elevato livello di comfort senza fastidiosi punti di pressione.<\/li>\n<li>Spalle ricamate su entrambe le giacche (blu e rosse).<\/li>\n<li>Gli inserti in rete elasticizzata nella giacca e nei pantaloni garantiscono un&#8217;eccellente durata.<\/li>\n<li>Dimensioni stabili: nessun restringimento dopo il lavaggio.<\/li>\n<li>Gi Ultralight: la combinazione tra il materiale leggero (3,5 oz) e la vestibilit\u00e0 slim riduce il peso della karategui.<\/li>\n<li>Approvato dalla WKF<\/li>\n<li>Logo Tokaido ricamato sul petto, sul colletto e ora anche sui pantaloni.<\/li>\n<li>Il prodotto comprende due giacche da karate e un paio di pantaloni.<\/li>\n<li>Il set viene consegnato in una robusta scatola di cartone.<\/li>\n<\/ul>\n","protected":false},"excerpt":{"rendered":"<p>Karategui TOKAIDO Kumite Master Recycled WKF Set (2 giacche rosse e blu + 1 paio di pantaloni).<br \/>\nQuesto completo da karate TOKAIDO permette ai professionisti del kumite di realizzare il loro pieno potenziale e di esibirsi ai massimi livelli nelle competizioni. Realizzato in materiale di alta qualit\u00e0 e resistente, il Karategi offre una combinazione di leggerezza, flessibilit\u00e0 e durata. Realizzato in poliestere riciclato al 70%, \u00e8 anche ecologico e sostenibile. Il set comprende due giacche con spalle ricamate in rosso e blu e un paio di pantaloni abbinati.   <span style=\"color: red;\"><br \/>\n<\/span><\/p>\n","protected":false},"featured_media":80561,"template":"","meta":{"_joinchat":[]},"product_brand":[],"product_cat":[2651,2641,2691,2652,2642,2655,3141,3133,3204,3149],"product_tag":[3336,3145,2670],"class_list":{"0":"post-77290","1":"product","2":"type-product","3":"status-publish","4":"has-post-thumbnail","6":"product_cat-competizione-di-kumite","7":"product_cat-karategi-it","8":"product_cat-karategi-kumite-it","9":"product_cat-karategi-kumite-wkf","10":"product_cat-karategi-wkf","11":"product_cat-marche","12":"product_cat-kaiten-competizione","13":"product_cat-karate-competizione","14":"product_cat-karategui-tokaido-it","15":"product_cat-tokaido-it","16":"product_tag-blackfriday-club-25-it","17":"product_tag-blackfriday-it","18":"product_tag-club-20-it","20":"first","21":"instock","22":"taxable","23":"shipping-taxable","24":"purchasable","25":"product-type-variable"},"_links":{"self":[{"href":"https:\/\/hajimekarate.com\/it\/wp-json\/wp\/v2\/product\/77290","targetHints":{"allow":["GET"]}}],"collection":[{"href":"https:\/\/hajimekarate.com\/it\/wp-json\/wp\/v2\/product"}],"about":[{"href":"https:\/\/hajimekarate.com\/it\/wp-json\/wp\/v2\/types\/product"}],"wp:featuredmedia":[{"embeddable":true,"href":"https:\/\/hajimekarate.com\/it\/wp-json\/wp\/v2\/media\/80561"}],"wp:attachment":[{"href":"https:\/\/hajimekarate.com\/it\/wp-json\/wp\/v2\/media?parent=77290"}],"wp:term":[{"taxonomy":"product_brand","embeddable":true,"href":"https:\/\/hajimekarate.com\/it\/wp-json\/wp\/v2\/product_brand?post=77290"},{"taxonomy":"product_cat","embeddable":true,"href":"https:\/\/hajimekarate.com\/it\/wp-json\/wp\/v2\/product_cat?post=77290"},{"taxonomy":"product_tag","embeddable":true,"href":"https:\/\/hajimekarate.com\/it\/wp-json\/wp\/v2\/product_tag?post=77290"}],"curies":[{"name":"wp","href":"https:\/\/api.w.org\/{rel}","templated":true}]}}