{"id":72377,"date":"2024-07-31T16:54:00","date_gmt":"2024-07-31T14:54:00","guid":{"rendered":"https:\/\/hajimekarate.com\/?post_type=product&#038;p=72377"},"modified":"2024-08-01T11:10:32","modified_gmt":"2024-08-01T09:10:32","slug":"chaqueta-kaiten-hiyaku-kumite-talla-160","status":"publish","type":"product","link":"https:\/\/hajimekarate.com\/it\/acquistare\/chaqueta-kaiten-hiyaku-kumite-talla-160\/","title":{"rendered":"Solo giacca | Kaiten Hiyaku | Kumite | Taglia160"},"content":{"rendered":"<p><span style=\"font-weight: 400;\">Il Karategui Kaiten Hiyaku \u00e8 un Gi progettato per gli atleti di kumite.<\/span> La tuta viene fornita in un&#8217;elegante borsa con coulisse, pratica e leggera. HIYAKU in giapponese significa velocit\u00e0 e dinamismo, esattamente ci\u00f2 che offre questo kaiten karategui. Questa tuta da karate \u00e8 ideale per le gare di kumite. Il suo tessuto in 100% poliestere \u00e8 ultraleggero e presenta un taglio da Kumite per ottenere le migliori prestazioni sul tatami. Ti piace la velocit\u00e0? Il Karategui Kaiten Hiyaku \u00e8 la scelta migliore. Taglio: Kumite Giacca: lunga e a maniche lunghe Peso: ca. 6 oz. <span lang=\"de\">Materiale: 100 % poliestere<\/span><\/p>\n","protected":false},"excerpt":{"rendered":"<p>Solo giacca taglia 160 cm Karategui \u00e8 sinonimo di velocit\u00e0 e dinamismo, come suggerisce il suo nome giapponese. Tessuto ultraleggero in 100% poliestere con taglio Kumite.<\/p>\n","protected":false},"featured_media":25020,"template":"","meta":{"_joinchat":[]},"product_brand":[],"product_cat":[2644,2910,2663,2641,2664,2691,2665,1376],"product_tag":[],"class_list":{"0":"post-72377","1":"product","2":"type-product","3":"status-publish","4":"has-post-thumbnail","6":"product_cat-attrezzature-concorrenza-elevata-concorrenti-di-sbarco","7":"product_cat-attrezzature-personalizzate-per-il-karate","8":"product_cat-kaiten-it","9":"product_cat-karategi-it","10":"product_cat-karategi-kaiten","11":"product_cat-karategi-kumite-it","12":"product_cat-personalizzazioni-karateguis-kaiten","13":"product_cat-offerte-it","15":"first","16":"instock","17":"sale","18":"featured","19":"taxable","20":"shipping-taxable","21":"purchasable","22":"product-type-simple"},"_links":{"self":[{"href":"https:\/\/hajimekarate.com\/it\/wp-json\/wp\/v2\/product\/72377","targetHints":{"allow":["GET"]}}],"collection":[{"href":"https:\/\/hajimekarate.com\/it\/wp-json\/wp\/v2\/product"}],"about":[{"href":"https:\/\/hajimekarate.com\/it\/wp-json\/wp\/v2\/types\/product"}],"wp:featuredmedia":[{"embeddable":true,"href":"https:\/\/hajimekarate.com\/it\/wp-json\/wp\/v2\/media\/25020"}],"wp:attachment":[{"href":"https:\/\/hajimekarate.com\/it\/wp-json\/wp\/v2\/media?parent=72377"}],"wp:term":[{"taxonomy":"product_brand","embeddable":true,"href":"https:\/\/hajimekarate.com\/it\/wp-json\/wp\/v2\/product_brand?post=72377"},{"taxonomy":"product_cat","embeddable":true,"href":"https:\/\/hajimekarate.com\/it\/wp-json\/wp\/v2\/product_cat?post=72377"},{"taxonomy":"product_tag","embeddable":true,"href":"https:\/\/hajimekarate.com\/it\/wp-json\/wp\/v2\/product_tag?post=72377"}],"curies":[{"name":"wp","href":"https:\/\/api.w.org\/{rel}","templated":true}]}}