{"id":72314,"date":"2024-07-31T13:37:47","date_gmt":"2024-07-31T11:37:47","guid":{"rendered":"https:\/\/hajimekarate.com\/?post_type=product&#038;p=72314"},"modified":"2024-08-01T11:10:57","modified_gmt":"2024-08-01T09:10:57","slug":"solo-pantalon-kaiten-hiyaku-para-kumite-talla175cm","status":"publish","type":"product","link":"https:\/\/hajimekarate.com\/it\/acquistare\/solo-pantalon-kaiten-hiyaku-para-kumite-talla175cm\/","title":{"rendered":"Kaiten Hiyaku Kumite Pants only | Kaiten Hiyaku for Kumite | Size 175 cm"},"content":{"rendered":"<p>Con il nuovo regolamento WKF 2023 aumentano le possibilit\u00e0 di rinnovare e adattare la propria attrezzatura alle competizioni internazionali WKF. Con questa opzione \u00e8 possibile scegliere solo i pantaloni del karategui Kaiten Hiyaku per il Kumite. Da Hajime Karate \u00e8 possibile acquistare solo la giacca con le nuove regole e il logo ricamato sulle spalle, se non \u00e8 necessario rinnovare l&#8217;intera tuta. Oppure potete acquistare un pantalone largo nel caso in cui dobbiate rinnovare solo questa parte del vostro Gi.<\/p>\n","protected":false},"excerpt":{"rendered":"<p>Only Kaiten Hiyaku Karategi Kaiten trousers for Kumite. Last size available Ultra lightweight 100% polyester fabric with Kumite cut.  Vita elastica. <span style=\"color: #76b82a;\"> <\/span><\/p>\n","protected":false},"featured_media":51437,"template":"","meta":{"_joinchat":[]},"product_brand":[],"product_cat":[2910,2651,2663,2641,2664,2691,2655,1376],"product_tag":[],"class_list":{"0":"post-72314","1":"product","2":"type-product","3":"status-publish","4":"has-post-thumbnail","6":"product_cat-attrezzature-personalizzate-per-il-karate","7":"product_cat-competizione-di-kumite","8":"product_cat-kaiten-it","9":"product_cat-karategi-it","10":"product_cat-karategi-kaiten","11":"product_cat-karategi-kumite-it","12":"product_cat-marche","13":"product_cat-offerte-it","15":"first","16":"outofstock","17":"sale","18":"taxable","19":"shipping-taxable","20":"purchasable","21":"product-type-simple"},"_links":{"self":[{"href":"https:\/\/hajimekarate.com\/it\/wp-json\/wp\/v2\/product\/72314","targetHints":{"allow":["GET"]}}],"collection":[{"href":"https:\/\/hajimekarate.com\/it\/wp-json\/wp\/v2\/product"}],"about":[{"href":"https:\/\/hajimekarate.com\/it\/wp-json\/wp\/v2\/types\/product"}],"wp:featuredmedia":[{"embeddable":true,"href":"https:\/\/hajimekarate.com\/it\/wp-json\/wp\/v2\/media\/51437"}],"wp:attachment":[{"href":"https:\/\/hajimekarate.com\/it\/wp-json\/wp\/v2\/media?parent=72314"}],"wp:term":[{"taxonomy":"product_brand","embeddable":true,"href":"https:\/\/hajimekarate.com\/it\/wp-json\/wp\/v2\/product_brand?post=72314"},{"taxonomy":"product_cat","embeddable":true,"href":"https:\/\/hajimekarate.com\/it\/wp-json\/wp\/v2\/product_cat?post=72314"},{"taxonomy":"product_tag","embeddable":true,"href":"https:\/\/hajimekarate.com\/it\/wp-json\/wp\/v2\/product_tag?post=72314"}],"curies":[{"name":"wp","href":"https:\/\/api.w.org\/{rel}","templated":true}]}}