{"id":70435,"date":"2024-05-31T12:10:17","date_gmt":"2024-05-31T10:10:17","guid":{"rendered":"https:\/\/hajimekarate.com\/comprar\/paradenti-sisu-max\/"},"modified":"2025-11-03T11:30:44","modified_gmt":"2025-11-03T10:30:44","slug":"bucal-sisu-max","status":"publish","type":"product","link":"https:\/\/hajimekarate.com\/it\/acquistare\/bucal-sisu-max\/","title":{"rendered":"Paradenti SISU MAX"},"content":{"rendered":"<h3>TECNOLOGIA AVANZATA<\/h3>\n<p>Il paradenti SISU Max \u00e8 l&#8217;ultima evoluzione dell&#8217;ingegneria dei paradenti dei produttori di SISU Guard. \u00c8 il paradenti pi\u00f9 potente del marchio. Con una qualit\u00e0 e una funzionalit\u00e0 impareggiabili, SISU Max \u00e8 stato progettato pensando all&#8217;atleta e le sue caratteristiche uniche sono incentrate su protezione e comfort extra.<\/p>\n<h3>MAGGIORE PROTEZIONE<\/h3>\n<p>Il paradenti SISU Max \u00e8 realizzato in materiale termoplastico ad alta tecnologia, pi\u00f9 resistente del 50% e con una resistenza alla trazione 8 volte superiore ai materiali dei paradenti tradizionali. Se cercate la massima protezione per tutti i tipi di sport di contatto, questa \u00e8 la protezione che fa per voi.<\/p>\n<h3>COME SE NON LO INDOSSASSI<\/h3>\n<p>Il SISU Max ha uno spessore di soli 2,4 mm, il che lo rende il 30% pi\u00f9 sottile di un tipico paradenti. E si pu\u00f2 parlare, respirare e bere come se non si indossasse nulla.<\/p>\n<h3>PORTA L&#8217;APPARECCHIO PER I DENTI? <a href=\"https:\/\/www.sisuguard.com\/fitting-with-braces\/\" target=\"_blank\" rel=\"noopener\">CLICCA QUI<\/a><\/h3>\n<p>Con uno spessore di 2,4 mm, il paradenti SISU Max offre la massima protezione di tutti i paradenti SISU, ma \u00e8 comunque pi\u00f9 sottile del 30% rispetto ai paradenti sportivi tradizionali. \u00c8 modellato su misura in modo da poter parlare, respirare e bere come se non lo si indossasse. Questo paradenti SISU \u00e8 consigliato se si portano apparecchi ortodontici.<\/p>\n<p><img loading=\"lazy\" decoding=\"async\" class=\"alignnone wp-image-68390 size-full\" src=\"https:\/\/hajimekarate.com\/wp-content\/uploads\/2018\/09\/SISU-comparativa.png\" alt=\"\" width=\"1152\" height=\"714\" srcset=\"https:\/\/hajimekarate.com\/wp-content\/uploads\/2018\/09\/SISU-comparativa.png 1152w, https:\/\/hajimekarate.com\/wp-content\/uploads\/2018\/09\/SISU-comparativa-300x186.png 300w, https:\/\/hajimekarate.com\/wp-content\/uploads\/2018\/09\/SISU-comparativa-1024x635.png 1024w, https:\/\/hajimekarate.com\/wp-content\/uploads\/2018\/09\/SISU-comparativa-768x476.png 768w, https:\/\/hajimekarate.com\/wp-content\/uploads\/2018\/09\/SISU-comparativa-600x372.png 600w\" sizes=\"auto, (max-width: 1152px) 100vw, 1152px\" \/><\/p>\n<p><iframe loading=\"lazy\" title=\"SISU Mouthguard | Max Guards\" width=\"1080\" height=\"608\" src=\"https:\/\/www.youtube.com\/embed\/I1jno8DF9yk?feature=oembed\" frameborder=\"0\" allow=\"accelerometer; autoplay; clipboard-write; encrypted-media; gyroscope; picture-in-picture; web-share\" referrerpolicy=\"strict-origin-when-cross-origin\" allowfullscreen><\/iframe><\/p>\n<p>&nbsp;<\/p>\n","protected":false},"excerpt":{"rendered":"<p>Il <strong>SISU Max<\/strong> ha uno spessore di soli <strong>2,4 mm<\/strong>, il che lo rende pi\u00f9 sottile del 30% rispetto al tipico paradenti. Si adatta a voi. E potrete parlare, respirare e bere come se non indossaste nulla. Con questo modello dalla <strong>massima protezione<\/strong> non dovrete rinunciare al comfort. Rimovibile fino a 20 volte. <strong>Modello consigliato per il Karate.<\/strong><\/p>\n<p><img loading=\"lazy\" decoding=\"async\" class=\"wp-image-43731 size-thumbnail alignright\" src=\"https:\/\/hajimekarate.com\/wp-content\/uploads\/2018\/09\/hajimekarate-150x150.png\" alt=\"\" width=\"150\" height=\"150\" srcset=\"https:\/\/hajimekarate.com\/wp-content\/uploads\/2018\/09\/hajimekarate-150x150.png 150w, https:\/\/hajimekarate.com\/wp-content\/uploads\/2018\/09\/hajimekarate-300x300.png 300w, https:\/\/hajimekarate.com\/wp-content\/uploads\/2018\/09\/hajimekarate-70x70.png 70w, https:\/\/hajimekarate.com\/wp-content\/uploads\/2018\/09\/hajimekarate-100x100.png 100w, https:\/\/hajimekarate.com\/wp-content\/uploads\/2018\/09\/hajimekarate-140x140.png 140w, https:\/\/hajimekarate.com\/wp-content\/uploads\/2018\/09\/hajimekarate-350x350.png 350w, https:\/\/hajimekarate.com\/wp-content\/uploads\/2018\/09\/hajimekarate.png 358w\" sizes=\"auto, (max-width: 150px) 100vw, 150px\" \/><\/p>\n","protected":false},"featured_media":70302,"template":"","meta":{"_joinchat":[]},"product_brand":[],"product_cat":[2651,2687,2686,2750],"product_tag":[2654],"class_list":{"0":"post-70435","1":"product","2":"type-product","3":"status-publish","4":"has-post-thumbnail","6":"product_cat-competizione-di-kumite","7":"product_cat-paradenti","8":"product_cat-protezioni","9":"product_cat-non-classificato","10":"product_tag-club-15-it","12":"first","13":"instock","14":"taxable","15":"shipping-taxable","16":"purchasable","17":"product-type-variable"},"_links":{"self":[{"href":"https:\/\/hajimekarate.com\/it\/wp-json\/wp\/v2\/product\/70435","targetHints":{"allow":["GET"]}}],"collection":[{"href":"https:\/\/hajimekarate.com\/it\/wp-json\/wp\/v2\/product"}],"about":[{"href":"https:\/\/hajimekarate.com\/it\/wp-json\/wp\/v2\/types\/product"}],"wp:featuredmedia":[{"embeddable":true,"href":"https:\/\/hajimekarate.com\/it\/wp-json\/wp\/v2\/media\/70302"}],"wp:attachment":[{"href":"https:\/\/hajimekarate.com\/it\/wp-json\/wp\/v2\/media?parent=70435"}],"wp:term":[{"taxonomy":"product_brand","embeddable":true,"href":"https:\/\/hajimekarate.com\/it\/wp-json\/wp\/v2\/product_brand?post=70435"},{"taxonomy":"product_cat","embeddable":true,"href":"https:\/\/hajimekarate.com\/it\/wp-json\/wp\/v2\/product_cat?post=70435"},{"taxonomy":"product_tag","embeddable":true,"href":"https:\/\/hajimekarate.com\/it\/wp-json\/wp\/v2\/product_tag?post=70435"}],"curies":[{"name":"wp","href":"https:\/\/api.w.org\/{rel}","templated":true}]}}