{"id":70379,"date":"2024-06-04T11:59:34","date_gmt":"2024-06-04T09:59:34","guid":{"rendered":"https:\/\/hajimekarate.com\/comprar\/paradenti-sisu-aero-adulto-bambino\/"},"modified":"2025-01-20T17:41:29","modified_gmt":"2025-01-20T16:41:29","slug":"protector-bucal-sisu-aero-adulto-infantil","status":"publish","type":"product","link":"https:\/\/hajimekarate.com\/it\/acquistare\/protector-bucal-sisu-aero-adulto-infantil\/","title":{"rendered":"Paradenti SISU Aero | Adulto | Bambino"},"content":{"rendered":"<h3>TECNOLOGIA AVANZATA<\/h3>\n<p>Il paradenti SISU Aero \u00e8 l&#8217;ultima evoluzione nell&#8217;ingegneria dei paradenti dei produttori di SISU Guard. In poche parole, \u00e8 il paradenti pi\u00f9 potente che il marchio abbia mai realizzato. Con la sua qualit\u00e0 e funzionalit\u00e0 impareggiabili, SISU NextGen \u00e8 stato progettato pensando all&#8217;atleta e le sue nuove caratteristiche esclusive si concentrano esclusivamente su protezione e comfort aggiuntivi.<\/p>\n<h3>MAGGIORE PROTEZIONE<\/h3>\n<p>L&#8217;Aero \u00e8 realizzato in un materiale termoplastico ad alta tecnologia, pi\u00f9 resistente del 30% e con una resistenza alla trazione 8 volte superiore rispetto ai materiali dei paradenti tradizionali. Ci\u00f2 significa che, indipendentemente dall&#8217;intensit\u00e0 della partita, il vostro SISU Aero vi coprir\u00e0 le spalle e i denti.<\/p>\n<h3>MOLTO MENO PARADENTI<\/h3>\n<p>La caratteristica pi\u00f9 esclusiva del SISU Aero \u00e8 il suo design ultrasottile e ultraleggero. Con 1,6 mm, Aero \u00e8 il 50% pi\u00f9 sottile di un paradenti standard. In combinazione con la sua vestibilit\u00e0 rapida e personalizzabile, vi dimenticherete completamente che c&#8217;\u00e8 qualcosa di imponente e di plastica all&#8217;interno della vostra bocca.<\/p>\n<h3>PROTEZIONE PER BAMBINI<\/h3>\n<p>Con uno spessore di 1,6 mm, il paradenti per bambini SISU \u00e8 cos\u00ec piccolo e confortevole che i bambini non sentono il bisogno costante di rimuoverlo, rendendolo un paradenti pi\u00f9 pulito e pi\u00f9 sano. El tama\u00f1o de este protector bucal infantil es ideal para ni\u00f1os de 7 a 10 a\u00f1os. Se il bambino porta l&#8217;apparecchio, utilizzare gli altri modelli indipendentemente dall&#8217;et\u00e0.<\/p>\n<p><img loading=\"lazy\" decoding=\"async\" class=\"alignnone wp-image-68390 size-full\" src=\"https:\/\/hajimekarate.com\/wp-content\/uploads\/2018\/09\/SISU-comparativa.png\" alt=\"\" width=\"1152\" height=\"714\" srcset=\"https:\/\/hajimekarate.com\/wp-content\/uploads\/2018\/09\/SISU-comparativa.png 1152w, https:\/\/hajimekarate.com\/wp-content\/uploads\/2018\/09\/SISU-comparativa-300x186.png 300w, https:\/\/hajimekarate.com\/wp-content\/uploads\/2018\/09\/SISU-comparativa-1024x635.png 1024w, https:\/\/hajimekarate.com\/wp-content\/uploads\/2018\/09\/SISU-comparativa-768x476.png 768w, https:\/\/hajimekarate.com\/wp-content\/uploads\/2018\/09\/SISU-comparativa-600x372.png 600w\" sizes=\"auto, (max-width: 1152px) 100vw, 1152px\" \/><\/p>\n<p>&nbsp;<\/p>\n<p><iframe loading=\"lazy\" title=\"SISU Mouthguard | Fitting Guide\" width=\"1080\" height=\"608\" src=\"https:\/\/www.youtube.com\/embed\/LdW_FAlyMAA?feature=oembed\" frameborder=\"0\" allow=\"accelerometer; autoplay; clipboard-write; encrypted-media; gyroscope; picture-in-picture; web-share\" referrerpolicy=\"strict-origin-when-cross-origin\" allowfullscreen><\/iframe><br \/>\n<iframe loading=\"lazy\" title=\"SISU Mouthguard | NextGen\" width=\"1080\" height=\"608\" src=\"https:\/\/www.youtube.com\/embed\/CgqDat6r7YQ?start=4&#038;feature=oembed\" frameborder=\"0\" allow=\"accelerometer; autoplay; clipboard-write; encrypted-media; gyroscope; picture-in-picture; web-share\" referrerpolicy=\"strict-origin-when-cross-origin\" allowfullscreen><\/iframe><\/p>\n","protected":false},"excerpt":{"rendered":"<p>Con uno spessore di soli 1,6 mm, il design ultraleggero del modello SISU Aero \u00e8 pi\u00f9 sottile del 50% rispetto ai paradenti sportivi convenzionali, offrendo il massimo comfort e comodit\u00e0. La vestibilit\u00e0 sottile e personalizzata facilita la conversazione, la respirazione e l&#8217;assunzione di bevande senza rimuovere la protezione, contribuendo a una migliore igiene. La caratteristica pi\u00f9 esclusiva del SISU Aero \u00e8 il suo design super sottile e ultraleggero.<\/p>\n<p><img loading=\"lazy\" decoding=\"async\" class=\"wp-image-43731 size-thumbnail alignright\" src=\"https:\/\/hajimekarate.com\/wp-content\/uploads\/2018\/09\/hajimekarate-150x150.png\" alt=\"\" width=\"150\" height=\"150\" srcset=\"https:\/\/hajimekarate.com\/wp-content\/uploads\/2018\/09\/hajimekarate-150x150.png 150w, https:\/\/hajimekarate.com\/wp-content\/uploads\/2018\/09\/hajimekarate-300x300.png 300w, https:\/\/hajimekarate.com\/wp-content\/uploads\/2018\/09\/hajimekarate-70x70.png 70w, https:\/\/hajimekarate.com\/wp-content\/uploads\/2018\/09\/hajimekarate-100x100.png 100w, https:\/\/hajimekarate.com\/wp-content\/uploads\/2018\/09\/hajimekarate-140x140.png 140w, https:\/\/hajimekarate.com\/wp-content\/uploads\/2018\/09\/hajimekarate-350x350.png 350w, https:\/\/hajimekarate.com\/wp-content\/uploads\/2018\/09\/hajimekarate.png 358w\" sizes=\"auto, (max-width: 150px) 100vw, 150px\" \/><\/p>\n","protected":false},"featured_media":38485,"template":"","meta":{"_joinchat":[]},"product_brand":[],"product_cat":[2651,2687,2686,2750],"product_tag":[2654],"class_list":{"0":"post-70379","1":"product","2":"type-product","3":"status-publish","4":"has-post-thumbnail","6":"product_cat-competizione-di-kumite","7":"product_cat-paradenti","8":"product_cat-protezioni","9":"product_cat-non-classificato","10":"product_tag-club-15-it","12":"first","13":"instock","14":"taxable","15":"shipping-taxable","16":"purchasable","17":"product-type-variable"},"_links":{"self":[{"href":"https:\/\/hajimekarate.com\/it\/wp-json\/wp\/v2\/product\/70379","targetHints":{"allow":["GET"]}}],"collection":[{"href":"https:\/\/hajimekarate.com\/it\/wp-json\/wp\/v2\/product"}],"about":[{"href":"https:\/\/hajimekarate.com\/it\/wp-json\/wp\/v2\/types\/product"}],"wp:featuredmedia":[{"embeddable":true,"href":"https:\/\/hajimekarate.com\/it\/wp-json\/wp\/v2\/media\/38485"}],"wp:attachment":[{"href":"https:\/\/hajimekarate.com\/it\/wp-json\/wp\/v2\/media?parent=70379"}],"wp:term":[{"taxonomy":"product_brand","embeddable":true,"href":"https:\/\/hajimekarate.com\/it\/wp-json\/wp\/v2\/product_brand?post=70379"},{"taxonomy":"product_cat","embeddable":true,"href":"https:\/\/hajimekarate.com\/it\/wp-json\/wp\/v2\/product_cat?post=70379"},{"taxonomy":"product_tag","embeddable":true,"href":"https:\/\/hajimekarate.com\/it\/wp-json\/wp\/v2\/product_tag?post=70379"}],"curies":[{"name":"wp","href":"https:\/\/api.w.org\/{rel}","templated":true}]}}