{"id":70322,"date":"2024-05-31T12:46:22","date_gmt":"2024-05-31T10:46:22","guid":{"rendered":"https:\/\/hajimekarate.com\/comprar\/paradenti-sisu-3d-adulti-bambini\/"},"modified":"2025-10-13T15:39:28","modified_gmt":"2025-10-13T13:39:28","slug":"paradenti-sisu-3d","status":"publish","type":"product","link":"https:\/\/hajimekarate.com\/it\/acquistare\/paradenti-sisu-3d\/","title":{"rendered":"Paradenti SISU 3D | adulti | bambini"},"content":{"rendered":"<h3>Regolazione facile e senza sforzo<\/h3>\n<p>I paradenti SISU sono noti per la loro impareggiabile protezione, comfort, pulizia e capacit\u00e0 di rimodellamento. Anche se pu\u00f2 sembrare impossibile, il modello SISU 3D migliora i precedenti modelli SISU e aggiunge una serie di nuove caratteristiche:<\/p>\n<p>&#8211; Protettore preformato per una calzata rapida e senza sforzo. Spessore variabile del materiale per offrire protezione dove serve, e il comfort dove si desidera<\/p>\n<p>Caratteristiche:<\/p>\n<ul>\n<li>Spessore 2,0 mm<\/li>\n<li>Preformati per una vestibilit\u00e0 facile, perfetta e sempre modellata su misura<\/li>\n<li>Funziona con gli apparecchi ortodontici (devono essere applicati da un dentista) <em>*deve essere adatto alla taglia da adulto per gli atleti di altezza inferiore a 152,4 cm<\/em><\/li>\n<li>Non tossico: privo di BPA, BPS, lattice, PVC e ftalati.<\/li>\n<\/ul>\n<p>&nbsp;<\/p>\n<p><img loading=\"lazy\" decoding=\"async\" class=\"alignnone wp-image-68390 size-full\" src=\"https:\/\/hajimekarate.com\/wp-content\/uploads\/2018\/09\/SISU-comparativa.png\" alt=\"\" width=\"1152\" height=\"714\" srcset=\"https:\/\/hajimekarate.com\/wp-content\/uploads\/2018\/09\/SISU-comparativa.png 1152w, https:\/\/hajimekarate.com\/wp-content\/uploads\/2018\/09\/SISU-comparativa-300x186.png 300w, https:\/\/hajimekarate.com\/wp-content\/uploads\/2018\/09\/SISU-comparativa-1024x635.png 1024w, https:\/\/hajimekarate.com\/wp-content\/uploads\/2018\/09\/SISU-comparativa-768x476.png 768w, https:\/\/hajimekarate.com\/wp-content\/uploads\/2018\/09\/SISU-comparativa-600x372.png 600w\" sizes=\"auto, (max-width: 1152px) 100vw, 1152px\" \/><\/p>\n<p>&nbsp;<\/p>\n<p><iframe loading=\"lazy\" title=\"SISU 3D Mouthguard - Overview\" width=\"1080\" height=\"608\" src=\"https:\/\/www.youtube.com\/embed\/ydqlNIRffv4?feature=oembed\" frameborder=\"0\" allow=\"accelerometer; autoplay; clipboard-write; encrypted-media; gyroscope; picture-in-picture; web-share\" referrerpolicy=\"strict-origin-when-cross-origin\" allowfullscreen><\/iframe><\/p>\n<p><iframe loading=\"lazy\" title=\"SISU 3D - Fitting Guide\" width=\"1080\" height=\"608\" src=\"https:\/\/www.youtube.com\/embed\/XLCsYStfO64?start=13&#038;feature=oembed\" frameborder=\"0\" allow=\"accelerometer; autoplay; clipboard-write; encrypted-media; gyroscope; picture-in-picture; web-share\" referrerpolicy=\"strict-origin-when-cross-origin\" allowfullscreen><\/iframe><\/p>\n<p>&nbsp;<\/p>\n","protected":false},"excerpt":{"rendered":"<p>Il SISU 3D ha uno spessore di 2,0 mm <strong>e viene fornito preformato, rendendo ancora pi\u00f9 facile il fissaggio.<\/strong>. \u00c8 modellato nello stesso modo del modello Aero, ma poich\u00e9 viene fornito con la forma della protesi, \u00e8 pi\u00f9 facile da adattare rispetto al modello che viene fornito completamente piatto. Inoltre, lo spessore \u00e8 variabile per garantire una maggiore protezione dove \u00e8 necessario e un maggiore comfort in altre zone. <strong>Rimovibile fino a 20 volte. <\/strong>Consigliamo questo modello per i bambini per la facilit\u00e0 di aggancio.<\/p>\n<p><img loading=\"lazy\" decoding=\"async\" class=\"wp-image-43731 size-thumbnail alignright\" src=\"https:\/\/hajimekarate.com\/wp-content\/uploads\/2018\/09\/hajimekarate-150x150.png\" alt=\"\" width=\"150\" height=\"150\" srcset=\"https:\/\/hajimekarate.com\/wp-content\/uploads\/2018\/09\/hajimekarate-150x150.png 150w, https:\/\/hajimekarate.com\/wp-content\/uploads\/2018\/09\/hajimekarate-300x300.png 300w, https:\/\/hajimekarate.com\/wp-content\/uploads\/2018\/09\/hajimekarate-70x70.png 70w, https:\/\/hajimekarate.com\/wp-content\/uploads\/2018\/09\/hajimekarate-100x100.png 100w, https:\/\/hajimekarate.com\/wp-content\/uploads\/2018\/09\/hajimekarate-140x140.png 140w, https:\/\/hajimekarate.com\/wp-content\/uploads\/2018\/09\/hajimekarate-350x350.png 350w, https:\/\/hajimekarate.com\/wp-content\/uploads\/2018\/09\/hajimekarate.png 358w\" sizes=\"auto, (max-width: 150px) 100vw, 150px\" \/><\/p>\n","protected":false},"featured_media":65614,"template":"","meta":{"_joinchat":[]},"product_brand":[],"product_cat":[2651,2687,2686,2750],"product_tag":[2654],"class_list":{"0":"post-70322","1":"product","2":"type-product","3":"status-publish","4":"has-post-thumbnail","6":"product_cat-competizione-di-kumite","7":"product_cat-paradenti","8":"product_cat-protezioni","9":"product_cat-non-classificato","10":"product_tag-club-15-it","12":"first","13":"instock","14":"taxable","15":"shipping-taxable","16":"purchasable","17":"product-type-variable"},"_links":{"self":[{"href":"https:\/\/hajimekarate.com\/it\/wp-json\/wp\/v2\/product\/70322","targetHints":{"allow":["GET"]}}],"collection":[{"href":"https:\/\/hajimekarate.com\/it\/wp-json\/wp\/v2\/product"}],"about":[{"href":"https:\/\/hajimekarate.com\/it\/wp-json\/wp\/v2\/types\/product"}],"wp:featuredmedia":[{"embeddable":true,"href":"https:\/\/hajimekarate.com\/it\/wp-json\/wp\/v2\/media\/65614"}],"wp:attachment":[{"href":"https:\/\/hajimekarate.com\/it\/wp-json\/wp\/v2\/media?parent=70322"}],"wp:term":[{"taxonomy":"product_brand","embeddable":true,"href":"https:\/\/hajimekarate.com\/it\/wp-json\/wp\/v2\/product_brand?post=70322"},{"taxonomy":"product_cat","embeddable":true,"href":"https:\/\/hajimekarate.com\/it\/wp-json\/wp\/v2\/product_cat?post=70322"},{"taxonomy":"product_tag","embeddable":true,"href":"https:\/\/hajimekarate.com\/it\/wp-json\/wp\/v2\/product_tag?post=70322"}],"curies":[{"name":"wp","href":"https:\/\/api.w.org\/{rel}","templated":true}]}}