{"id":66551,"date":"2024-02-09T14:36:17","date_gmt":"2024-02-09T13:36:17","guid":{"rendered":"https:\/\/hajimekarate.com\/comprar\/basic-karategui-ni\/"},"modified":"2025-08-07T13:29:54","modified_gmt":"2025-08-07T11:29:54","slug":"karategui-basico-ni","status":"publish","type":"product","link":"https:\/\/hajimekarate.com\/it\/acquistare\/karategui-basico-ni\/","title":{"rendered":"Basic Karategui NI"},"content":{"rendered":"<p>Ni, che in giapponese significa &#8220;due&#8221;, simboleggia la dualit\u00e0, l&#8217;armonia tra corpo e mente, la connessione tra il praticante e la sua arte. Il nostro karategui Ni \u00e8 pi\u00f9 di una semplice tenuta; rappresenta l&#8217;approfondimento del percorso di karate, il consolidamento delle abilit\u00e0 e lo sviluppo della tecnica. Realizzato con precisione e dedizione, questo karategui \u00e8 il compagno ideale per chi desidera avanzare nella pratica e raggiungere nuovi livelli di maestria nell&#8217;affascinante mondo del karate. Scoprite l&#8217;eccellenza, l&#8217;eredit\u00e0 e l&#8217;impegno del nostro karategui Ni, il vostro alleato perfetto per continuare la vostra avventura nell&#8217;arte marziale giapponese.<\/p>\n","protected":false},"excerpt":{"rendered":"<p>IIntroducete i principianti al mondo del karate con il nostro Karategui Basic NI. Nuova versione migliorata con tessuto in cotone e poliestere. Ora \u00e8 pi\u00f9 facile da stirare e si restringe meno con il lavaggio. Questo Gi offre durata e comfort.    I pantaloni sono dotati di un elastico in vita per una vestibilit\u00e0 ottimale, mentre le cuciture sulle maniche e sui pantaloni garantiscono la resistenza. Con un taglio dritto e un elastico in vita, questo karategi offre libert\u00e0 di movimento per una pratica facile. Include una cintura bianca e una borsa con i numeri da 1 a 10 in giapponese, rendendo questo set la scelta ideale per iniziare a praticare il karate e imparare con comodit\u00e0 e stile.<\/p>\n","protected":false},"featured_media":66409,"template":"","meta":{"_joinchat":[]},"product_brand":[],"product_cat":[2641,2669],"product_tag":[2808],"class_list":{"0":"post-66551","1":"product","2":"type-product","3":"status-publish","4":"has-post-thumbnail","6":"product_cat-karategi-it","7":"product_cat-karategi-principianti","8":"product_tag-club-30-it","10":"first","11":"instock","12":"taxable","13":"shipping-taxable","14":"purchasable","15":"product-type-variable","16":"has-default-attributes"},"_links":{"self":[{"href":"https:\/\/hajimekarate.com\/it\/wp-json\/wp\/v2\/product\/66551","targetHints":{"allow":["GET"]}}],"collection":[{"href":"https:\/\/hajimekarate.com\/it\/wp-json\/wp\/v2\/product"}],"about":[{"href":"https:\/\/hajimekarate.com\/it\/wp-json\/wp\/v2\/types\/product"}],"wp:featuredmedia":[{"embeddable":true,"href":"https:\/\/hajimekarate.com\/it\/wp-json\/wp\/v2\/media\/66409"}],"wp:attachment":[{"href":"https:\/\/hajimekarate.com\/it\/wp-json\/wp\/v2\/media?parent=66551"}],"wp:term":[{"taxonomy":"product_brand","embeddable":true,"href":"https:\/\/hajimekarate.com\/it\/wp-json\/wp\/v2\/product_brand?post=66551"},{"taxonomy":"product_cat","embeddable":true,"href":"https:\/\/hajimekarate.com\/it\/wp-json\/wp\/v2\/product_cat?post=66551"},{"taxonomy":"product_tag","embeddable":true,"href":"https:\/\/hajimekarate.com\/it\/wp-json\/wp\/v2\/product_tag?post=66551"}],"curies":[{"name":"wp","href":"https:\/\/api.w.org\/{rel}","templated":true}]}}