{"id":66524,"date":"2024-02-07T17:38:58","date_gmt":"2024-02-07T16:38:58","guid":{"rendered":"https:\/\/hajimekarate.com\/comprar\/karategui-ichi-di-base\/"},"modified":"2025-08-08T11:23:46","modified_gmt":"2025-08-08T09:23:46","slug":"karategui-basico-ichi","status":"publish","type":"product","link":"https:\/\/hajimekarate.com\/it\/acquistare\/karategui-basico-ichi\/","title":{"rendered":"Karategui ICHI di base"},"content":{"rendered":"<p>Ichi, che in giapponese significa &#8220;uno&#8221;, rappresenta l&#8217;inizio, l&#8217;inizio di un nuovo viaggio. Il nostro karategui Ichi \u00e8 pi\u00f9 di un semplice indumento, \u00e8 il simbolo dei nostri primi passi sulla via del karate. Realizzato con precisione e cura, questo karategui \u00e8 il compagno ideale per chi intraprende il viaggio di duro lavoro e dedizione nell&#8217;affascinante mondo del karate. Scoprite la qualit\u00e0, la tradizione e l&#8217;impegno che il nostro Ichi karategui rappresenta, il vostro alleato perfetto per iniziare la vostra avventura nell&#8217;arte marziale giapponese.<\/p>\n","protected":false},"excerpt":{"rendered":"<p>Introducete i principianti al mondo del karate con il nostro Karategui di base. Realizzata in tessuto 100% cotone 7 oz., questa uniforme offre durata e comfort. I pantaloni sono dotati di un elastico in vita per una vestibilit\u00e0 ottimale, mentre le cuciture sulle maniche e sui pantaloni garantiscono la resistenza. Con un taglio dritto e un elastico in vita, questo karategi offre libert\u00e0 di movimento per una pratica facile. Include una cintura bianca e una borsa con i numeri da 1 a 10 in giapponese, rendendo questo set la scelta ideale per iniziare a praticare il karate e imparare con comodit\u00e0 e stile.<\/p>\n","protected":false},"featured_media":66254,"template":"","meta":{"_joinchat":[]},"product_brand":[],"product_cat":[2641,2669],"product_tag":[3282],"class_list":{"0":"post-66524","1":"product","2":"type-product","3":"status-publish","4":"has-post-thumbnail","6":"product_cat-karategi-it","7":"product_cat-karategi-principianti","8":"product_tag-club-36-it","10":"first","11":"instock","12":"taxable","13":"shipping-taxable","14":"purchasable","15":"product-type-variable","16":"has-default-attributes"},"_links":{"self":[{"href":"https:\/\/hajimekarate.com\/it\/wp-json\/wp\/v2\/product\/66524","targetHints":{"allow":["GET"]}}],"collection":[{"href":"https:\/\/hajimekarate.com\/it\/wp-json\/wp\/v2\/product"}],"about":[{"href":"https:\/\/hajimekarate.com\/it\/wp-json\/wp\/v2\/types\/product"}],"wp:featuredmedia":[{"embeddable":true,"href":"https:\/\/hajimekarate.com\/it\/wp-json\/wp\/v2\/media\/66254"}],"wp:attachment":[{"href":"https:\/\/hajimekarate.com\/it\/wp-json\/wp\/v2\/media?parent=66524"}],"wp:term":[{"taxonomy":"product_brand","embeddable":true,"href":"https:\/\/hajimekarate.com\/it\/wp-json\/wp\/v2\/product_brand?post=66524"},{"taxonomy":"product_cat","embeddable":true,"href":"https:\/\/hajimekarate.com\/it\/wp-json\/wp\/v2\/product_cat?post=66524"},{"taxonomy":"product_tag","embeddable":true,"href":"https:\/\/hajimekarate.com\/it\/wp-json\/wp\/v2\/product_tag?post=66524"}],"curies":[{"name":"wp","href":"https:\/\/api.w.org\/{rel}","templated":true}]}}