{"id":65815,"date":"2024-01-18T12:34:07","date_gmt":"2024-01-18T11:34:07","guid":{"rendered":"https:\/\/hajimekarate.com\/comprar\/conchiglia-kaiten-competizione-e-formazione-blanca\/"},"modified":"2024-01-31T09:39:28","modified_gmt":"2024-01-31T08:39:28","slug":"coquilla-kaiten-competicion-y-entrenamiento-blanca","status":"publish","type":"product","link":"https:\/\/hajimekarate.com\/it\/acquistare\/coquilla-kaiten-competicion-y-entrenamiento-blanca\/","title":{"rendered":"Conchiglia Kaiten Competizione E Formazione | Blanca"},"content":{"rendered":"<p>Grazie all&#8217;ampia fascia elastica in vita, la protezione rimane saldamente in posizione senza fastidiose costrizioni. Il tessuto a rete permette alla pelle di respirare e al sudore di uscire. Poich\u00e9 l&#8217;alloggiamento \u00e8 rimovibile, il guscio pu\u00f2 essere facilmente pulito e, non essendo fisso, offre libert\u00e0 di movimento in tutte le situazioni. Consigliamo la taglia S per i bambini, in quanto si adatta molto bene ed \u00e8 molto confortevole.<\/p>\n","protected":false},"excerpt":{"rendered":"<p>Protezione genitale maschile Kaiten blanca. Adatto per le competizioni e gli allenamenti di karate.<br \/>\nTaglia S consigliata per i bambini.<\/p>\n<p><em>Per motivi igienici, questo articolo non pu\u00f2 essere sostituito o restituito.<\/em><\/p>\n","protected":false},"featured_media":38224,"template":"","meta":{"_joinchat":[]},"product_brand":[],"product_cat":[2686,1376],"product_tag":[2712],"class_list":{"0":"post-65815","1":"product","2":"type-product","3":"status-publish","4":"has-post-thumbnail","6":"product_cat-protezioni","7":"product_cat-offerte-it","8":"product_tag-club-25-it-2","10":"first","11":"instock","12":"sale","13":"taxable","14":"shipping-taxable","15":"purchasable","16":"product-type-variable"},"_links":{"self":[{"href":"https:\/\/hajimekarate.com\/it\/wp-json\/wp\/v2\/product\/65815","targetHints":{"allow":["GET"]}}],"collection":[{"href":"https:\/\/hajimekarate.com\/it\/wp-json\/wp\/v2\/product"}],"about":[{"href":"https:\/\/hajimekarate.com\/it\/wp-json\/wp\/v2\/types\/product"}],"wp:featuredmedia":[{"embeddable":true,"href":"https:\/\/hajimekarate.com\/it\/wp-json\/wp\/v2\/media\/38224"}],"wp:attachment":[{"href":"https:\/\/hajimekarate.com\/it\/wp-json\/wp\/v2\/media?parent=65815"}],"wp:term":[{"taxonomy":"product_brand","embeddable":true,"href":"https:\/\/hajimekarate.com\/it\/wp-json\/wp\/v2\/product_brand?post=65815"},{"taxonomy":"product_cat","embeddable":true,"href":"https:\/\/hajimekarate.com\/it\/wp-json\/wp\/v2\/product_cat?post=65815"},{"taxonomy":"product_tag","embeddable":true,"href":"https:\/\/hajimekarate.com\/it\/wp-json\/wp\/v2\/product_tag?post=65815"}],"curies":[{"name":"wp","href":"https:\/\/api.w.org\/{rel}","templated":true}]}}