{"id":64619,"date":"2023-09-21T15:55:35","date_gmt":"2023-09-21T13:55:35","guid":{"rendered":"https:\/\/hajimekarate.com\/comprar\/nuovo-karategui-kaiten-saizen-kata-modello-logo\/"},"modified":"2026-01-19T13:21:50","modified_gmt":"2026-01-19T12:21:50","slug":"nuovo-karategi-kaiten-saizen-kata-modello-logo","status":"publish","type":"product","link":"https:\/\/hajimekarate.com\/it\/acquistare\/nuovo-karategi-kaiten-saizen-kata-modello-logo\/","title":{"rendered":"Nuovo karategui Kaiten Saizen | Kata | modello logo"},"content":{"rendered":"<p style=\"color: red;\"><strong><em>*Il nostro consiglio per la scelta della taglia:<\/em><\/strong><\/p>\n<p>Per le taglie<strong> inferiori alla taglia 160:<\/strong><\/p>\n<ul>\n<li>Se siete di <strong>corporatura normale<\/strong>, vi consigliamo di scegliere la stessa misura della vostra altezza.<\/li>\n<li>Se siete <strong>molto magri o molto pesanti<\/strong>, consultateci e vi consiglieremo la taglia giusta per voi.<\/li>\n<\/ul>\n<p>Per taglie <strong>uguali o superiori alla taglia 160:<\/strong> <\/p>\n<ul>\n<li>Se siete di <strong>corporatura normale<\/strong>, vi consigliamo una mezza taglia in pi\u00f9 rispetto alla vostra altezza.<\/li>\n<li>Se siete di <strong>corporatura esile<\/strong>, vi consigliamo di scegliere la stessa taglia della vostra altezza.<\/li>\n<li>Se siete <strong>molto magri,<\/strong> vi consigliamo una mezza taglia in meno rispetto alla vostra altezza.<\/li>\n<li>Se siete <strong>pi\u00f9 pesanti<\/strong>, consultateci e vi consiglieremo.<\/li>\n<\/ul>\n<p>Tuttavia, \u00e8 la nostra raccomandazione. La scelta dipender\u00e0 anche dal vostro gusto, se lo preferite pi\u00f9 stretto o pi\u00f9 largo.<\/p>\n<p><iframe loading=\"lazy\" title=\"SNAP Karategui Kaiten Saizen\" width=\"1080\" height=\"608\" src=\"https:\/\/www.youtube.com\/embed\/NKcGT7mGGk0?feature=oembed\" frameborder=\"0\" allow=\"accelerometer; autoplay; clipboard-write; encrypted-media; gyroscope; picture-in-picture; web-share\" allowfullscreen><\/iframe><\/p>\n","protected":false},"excerpt":{"rendered":"<p>Nuova tuta da Kata specializzata con il logo del marchio Kaiten ricamato sul petto.<\/p>\n<p>Questo karategi \u00e8 realizzato con un modello appositamente studiato per gli agonisti di kata, con i pantaloni pi\u00f9 larghi e la giacca pi\u00f9 aderente al corpo, per consentire la massima libert\u00e0 di movimento. <em><span style=\"color: red;\">*Vedere le raccomandazioni sulle taglie nella descrizione del prodotto.<\/span><\/em><\/p>\n<p>Inoltre, questo nuovo modello Saizen \u00e8 realizzato con un nuovo tessuto sviluppato esclusivamente per Kaiten per produrre uno SNAP spettacolare. Non si restringe quasi mai dopo il lavaggio e mantiene un aspetto straordinariamente bianco pi\u00f9 a lungo.<\/p>\n<p>Il modello Saizen karategui \u00e8 realizzato con una vita alta e cuciture di 5 centimetri su maniche, polsini e gonna.<\/p>\n<p>In breve, una karategui top di gamma a un prezzo incredibile.<\/p>\n","protected":false},"featured_media":61017,"template":"","meta":{"_joinchat":[]},"product_brand":[],"product_cat":[2650,2927,2926,2929,2928,2641,2664,3141,3129,3133,3112],"product_tag":[2670],"class_list":{"0":"post-64619","1":"product","2":"type-product","3":"status-publish","4":"has-post-thumbnail","6":"product_cat-formazione-kata","7":"product_cat-kaiten-chaqueta-bordado-it","8":"product_cat-kaiten-giacca-su-misura","9":"product_cat-kaiten-pantaloni-ricamo","10":"product_cat-kaiten-pantaloni-su-misura","11":"product_cat-karategi-it","12":"product_cat-karategi-kaiten","13":"product_cat-kaiten-competizione","14":"product_cat-kaiten-tradizionale","15":"product_cat-karate-competizione","16":"product_cat-karate-tradizionale-it","17":"product_tag-club-20-it","19":"first","20":"instock","21":"taxable","22":"shipping-taxable","23":"purchasable","24":"product-type-variable"},"_links":{"self":[{"href":"https:\/\/hajimekarate.com\/it\/wp-json\/wp\/v2\/product\/64619","targetHints":{"allow":["GET"]}}],"collection":[{"href":"https:\/\/hajimekarate.com\/it\/wp-json\/wp\/v2\/product"}],"about":[{"href":"https:\/\/hajimekarate.com\/it\/wp-json\/wp\/v2\/types\/product"}],"wp:featuredmedia":[{"embeddable":true,"href":"https:\/\/hajimekarate.com\/it\/wp-json\/wp\/v2\/media\/61017"}],"wp:attachment":[{"href":"https:\/\/hajimekarate.com\/it\/wp-json\/wp\/v2\/media?parent=64619"}],"wp:term":[{"taxonomy":"product_brand","embeddable":true,"href":"https:\/\/hajimekarate.com\/it\/wp-json\/wp\/v2\/product_brand?post=64619"},{"taxonomy":"product_cat","embeddable":true,"href":"https:\/\/hajimekarate.com\/it\/wp-json\/wp\/v2\/product_cat?post=64619"},{"taxonomy":"product_tag","embeddable":true,"href":"https:\/\/hajimekarate.com\/it\/wp-json\/wp\/v2\/product_tag?post=64619"}],"curies":[{"name":"wp","href":"https:\/\/api.w.org\/{rel}","templated":true}]}}