{"id":63710,"date":"2023-11-21T11:50:14","date_gmt":"2023-11-21T10:50:14","guid":{"rendered":"https:\/\/hajimekarate.com\/?post_type=product&#038;p=63710"},"modified":"2025-11-11T17:12:31","modified_gmt":"2025-11-11T16:12:31","slug":"2-karategui-kaiten-spirit-rosso-e-blu","status":"publish","type":"product","link":"https:\/\/hajimekarate.com\/it\/acquistare\/2-karategui-kaiten-spirit-rosso-e-blu\/","title":{"rendered":"Karategui Kaiten Spirit Set | 2 karategui completi | Rosso e Blu"},"content":{"rendered":"","protected":false},"excerpt":{"rendered":"<p style=\"color: red;\">ULTIME TAGLIE DISPONIBILI.<\/p>\n<p>Set di <strong>2 completi da karate rosso e blu Kaiten Spirit<\/strong>, taglio slim e taglio regolare.<br \/>\nIl Karategui Kaiten Spirit \u00e8 realizzato in 100% cotone, 12 once. Un&#8217;opzione economica e di alta qualit\u00e0 per competere nel Kata. \u00c8 ideale anche per l&#8217;allenamento o per gli esami Dan. Disponibile in due tipi di taglio. La versione slim \u00e8 adatta a persone molto magre e alte perch\u00e9 presenta maniche, pantaloni e giacca pi\u00f9 lunghi e leggermente pi\u00f9 stretti. Il logo Kaiten \u00e8 ricamato sul petto, sul collo e sulle spalle in rosso o in blu.<\/p>\n<p>Non omologato dalla WKF.<\/p>\n<p><strong><span style=\"color: #76b82a;\">REFERENCIA TALLAS: <\/span><\/strong><span style=\"color: #76b82a;\"><em>(Elige el corte, la talla y el color para visualizar la foto)<\/em><\/span><strong><span style=\"color: #76b82a;\"><br \/>\nCorte Slim<br \/>\n<\/span><\/strong><span style=\"color: #76b82a;\">El modelo con el karategui azul mide 133cm, pesa 25kg y lleva la talla 0\/130.<\/span><span style=\"color: #76b82a;\"><br \/>\nEl modelo con el karategui rojo mide 132cm, pesa 30kg y lleva la talla 0\/130.<br \/>\n<strong>Corte Regular<\/strong><br \/>\nEl modelo con el karategui azul mide 155cm y lleva talla 2\/150.<br \/>\nEl modelo con el karategui rojo mide 130cm, pesa 23kg y lleva la talla 0\/130<\/span><\/p>\n<p>&nbsp;<\/p>\n","protected":false},"featured_media":65783,"template":"","meta":{"_joinchat":[]},"product_brand":[],"product_cat":[2663,2641,2664,2655,3141,3133,2750,1376,2953],"product_tag":[2654],"class_list":{"0":"post-63710","1":"product","2":"type-product","3":"status-publish","4":"has-post-thumbnail","6":"product_cat-kaiten-it","7":"product_cat-karategi-it","8":"product_cat-karategi-kaiten","9":"product_cat-marche","10":"product_cat-kaiten-competizione","11":"product_cat-karate-competizione","12":"product_cat-non-classificato","13":"product_cat-offerte-it","14":"product_cat-packs","15":"product_tag-club-15-it","17":"first","18":"instock","19":"sale","20":"taxable","21":"shipping-taxable","22":"purchasable","23":"product-type-variable"},"_links":{"self":[{"href":"https:\/\/hajimekarate.com\/it\/wp-json\/wp\/v2\/product\/63710","targetHints":{"allow":["GET"]}}],"collection":[{"href":"https:\/\/hajimekarate.com\/it\/wp-json\/wp\/v2\/product"}],"about":[{"href":"https:\/\/hajimekarate.com\/it\/wp-json\/wp\/v2\/types\/product"}],"wp:featuredmedia":[{"embeddable":true,"href":"https:\/\/hajimekarate.com\/it\/wp-json\/wp\/v2\/media\/65783"}],"wp:attachment":[{"href":"https:\/\/hajimekarate.com\/it\/wp-json\/wp\/v2\/media?parent=63710"}],"wp:term":[{"taxonomy":"product_brand","embeddable":true,"href":"https:\/\/hajimekarate.com\/it\/wp-json\/wp\/v2\/product_brand?post=63710"},{"taxonomy":"product_cat","embeddable":true,"href":"https:\/\/hajimekarate.com\/it\/wp-json\/wp\/v2\/product_cat?post=63710"},{"taxonomy":"product_tag","embeddable":true,"href":"https:\/\/hajimekarate.com\/it\/wp-json\/wp\/v2\/product_tag?post=63710"}],"curies":[{"name":"wp","href":"https:\/\/api.w.org\/{rel}","templated":true}]}}