{"id":62243,"date":"2023-10-18T17:25:30","date_gmt":"2023-10-18T15:25:30","guid":{"rendered":"https:\/\/hajimekarate.com\/comprar\/nuovo-karategi-kaiten-saizen-kata-modello-plain\/"},"modified":"2026-04-28T11:07:07","modified_gmt":"2026-04-28T09:07:07","slug":"nuovo-karategi-kaiten-saizen-kata-modello-plain","status":"publish","type":"product","link":"https:\/\/hajimekarate.com\/it\/acquistare\/nuovo-karategi-kaiten-saizen-kata-modello-plain\/","title":{"rendered":"Nuovo karategi Kaiten Saizen | Kata | modello plain"},"content":{"rendered":"<p style=\"color: red;\"><strong><em>*Il nostro consiglio per la scelta della taglia:<\/em><\/strong><\/p>\n<p>Per le taglie<strong> inferiori alla taglia 160:<\/strong><\/p>\n<ul>\n<li>Se siete di <strong>corporatura normale<\/strong>, vi consigliamo di scegliere la stessa misura della vostra altezza.<\/li>\n<li>Se siete <strong>molto magri o molto pesanti<\/strong>, consultateci e vi consiglieremo la taglia giusta per voi.<\/li>\n<\/ul>\n<p>Per taglie <strong>uguali o superiori alla taglia 160:<\/strong> <\/p>\n<ul>\n<li>Se siete di <strong>corporatura normale<\/strong>, vi consigliamo una mezza taglia in pi\u00f9 rispetto alla vostra altezza.<\/li>\n<li>Se siete di <strong>corporatura esile<\/strong>, vi consigliamo di scegliere la stessa taglia della vostra altezza.<\/li>\n<li>Se siete <strong>molto magri,<\/strong> vi consigliamo una mezza taglia in meno rispetto alla vostra altezza.<\/li>\n<li>Se siete <strong>pi\u00f9 pesanti<\/strong>, consultateci e vi consiglieremo.<\/li>\n<\/ul>\n<p>Tuttavia, \u00e8 la nostra raccomandazione. La scelta dipender\u00e0 anche dal vostro gusto, se lo preferite pi\u00f9 stretto o pi\u00f9 largo.<\/p>\n<p><a href=\"https:\/\/hajimekarate.com\/it\/guida-visiva-trovare-la-taglia-perfetta-per-karategui-kaiten-saizen\/\">Consultate la guida visiva per trovare la vostra taglia ideale.<\/a><\/p>\n<p><img loading=\"lazy\" decoding=\"async\" class=\"alignnone wp-image-61876 size-large\" src=\"https:\/\/hajimekarate.com\/wp-content\/uploads\/2023\/10\/SAIZEN_MEDIDAS_DEFINITIVAS_WEB-1024x494.jpg\" alt=\"\" width=\"1024\" height=\"494\" srcset=\"https:\/\/hajimekarate.com\/wp-content\/uploads\/2023\/10\/SAIZEN_MEDIDAS_DEFINITIVAS_WEB-1024x494.jpg 1024w, https:\/\/hajimekarate.com\/wp-content\/uploads\/2023\/10\/SAIZEN_MEDIDAS_DEFINITIVAS_WEB-300x145.jpg 300w, https:\/\/hajimekarate.com\/wp-content\/uploads\/2023\/10\/SAIZEN_MEDIDAS_DEFINITIVAS_WEB-768x370.jpg 768w, https:\/\/hajimekarate.com\/wp-content\/uploads\/2023\/10\/SAIZEN_MEDIDAS_DEFINITIVAS_WEB-1536x741.jpg 1536w, https:\/\/hajimekarate.com\/wp-content\/uploads\/2023\/10\/SAIZEN_MEDIDAS_DEFINITIVAS_WEB-2048x988.jpg 2048w, https:\/\/hajimekarate.com\/wp-content\/uploads\/2023\/10\/SAIZEN_MEDIDAS_DEFINITIVAS_WEB-600x289.jpg 600w\" sizes=\"auto, (max-width: 1024px) 100vw, 1024px\" \/><\/p>\n<p><iframe loading=\"lazy\" title=\"SNAP Karategui Kaiten Saizen\" width=\"1080\" height=\"608\" src=\"https:\/\/www.youtube.com\/embed\/NKcGT7mGGk0?feature=oembed\" frameborder=\"0\" allow=\"accelerometer; autoplay; clipboard-write; encrypted-media; gyroscope; picture-in-picture; web-share\" allowfullscreen><\/iframe><\/p>\n<p>&nbsp;<\/p>\n","protected":false},"excerpt":{"rendered":"<p>Nuovo karategi specializzato per la Kata, modello semplice senza loghi.<\/p>\n<p>Questo karategi \u00e8 realizzato con un modello appositamente studiato per gli agonisti di kata, con i pantaloni pi\u00f9 larghi e la giacca pi\u00f9 aderente al corpo, per consentire la massima libert\u00e0 di movimento. <em><span style=\"color: red;\">*Vedere le raccomandazioni sulle taglie nella descrizione del prodotto. <\/span><\/em><\/p>\n<p>Inoltre, questo nuovo modello Saizen \u00e8 realizzato con un nuovo tessuto sviluppato esclusivamente per Kaiten per produrre uno SNAP spettacolare. Non si restringe quasi mai dopo il lavaggio e mantiene un aspetto straordinariamente bianco pi\u00f9 a lungo.<\/p>\n<p>Il modello Saizen karategui \u00e8 realizzato con una vita alta e cuciture di 5 centimetri su maniche, polsini e gonna.<\/p>\n<p>In breve, una karategui top di gamma a un prezzo incredibile.<\/p>\n<p><a href=\"https:\/\/hajimekarate.com\/it\/guida-visiva-trovare-la-taglia-perfetta-per-karategui-kaiten-saizen\/\"><i>Trova la tua taglia ideale qui<\/i><\/a><\/p>\n","protected":false},"featured_media":67589,"template":"","meta":{"_joinchat":[]},"product_brand":[],"product_cat":[2650,2927,2926,2929,2928,2641,2664,3129,3112],"product_tag":[2670],"class_list":{"0":"post-62243","1":"product","2":"type-product","3":"status-publish","4":"has-post-thumbnail","6":"product_cat-formazione-kata","7":"product_cat-kaiten-chaqueta-bordado-it","8":"product_cat-kaiten-giacca-su-misura","9":"product_cat-kaiten-pantaloni-ricamo","10":"product_cat-kaiten-pantaloni-su-misura","11":"product_cat-karategi-it","12":"product_cat-karategi-kaiten","13":"product_cat-kaiten-tradizionale","14":"product_cat-karate-tradizionale-it","15":"product_tag-club-20-it","17":"first","18":"onbackorder","19":"taxable","20":"shipping-taxable","21":"purchasable","22":"product-type-variable"},"_links":{"self":[{"href":"https:\/\/hajimekarate.com\/it\/wp-json\/wp\/v2\/product\/62243","targetHints":{"allow":["GET"]}}],"collection":[{"href":"https:\/\/hajimekarate.com\/it\/wp-json\/wp\/v2\/product"}],"about":[{"href":"https:\/\/hajimekarate.com\/it\/wp-json\/wp\/v2\/types\/product"}],"wp:featuredmedia":[{"embeddable":true,"href":"https:\/\/hajimekarate.com\/it\/wp-json\/wp\/v2\/media\/67589"}],"wp:attachment":[{"href":"https:\/\/hajimekarate.com\/it\/wp-json\/wp\/v2\/media?parent=62243"}],"wp:term":[{"taxonomy":"product_brand","embeddable":true,"href":"https:\/\/hajimekarate.com\/it\/wp-json\/wp\/v2\/product_brand?post=62243"},{"taxonomy":"product_cat","embeddable":true,"href":"https:\/\/hajimekarate.com\/it\/wp-json\/wp\/v2\/product_cat?post=62243"},{"taxonomy":"product_tag","embeddable":true,"href":"https:\/\/hajimekarate.com\/it\/wp-json\/wp\/v2\/product_tag?post=62243"}],"curies":[{"name":"wp","href":"https:\/\/api.w.org\/{rel}","templated":true}]}}