{"id":59445,"date":"2023-06-20T16:32:13","date_gmt":"2023-06-20T14:32:13","guid":{"rendered":"https:\/\/hajimekarate.com\/comprar\/sais-shureido\/"},"modified":"2025-05-26T10:19:58","modified_gmt":"2025-05-26T08:19:58","slug":"sais-shureido","status":"publish","type":"product","link":"https:\/\/hajimekarate.com\/it\/acquistare\/sais-shureido\/","title":{"rendered":"Sais Shureido"},"content":{"rendered":"<p><em><span style=\"color: red;\">NOTA IMPORTANTE: tutti i nostri strumenti sono venduti come oggetti da collezione e non possono essere usati o portati come armi.<\/span><\/em><\/p>\n<p>Realizzato a mano a Okinawa, in Giappone. Ha una corda<span class=\"a-list-item\">di presa sull&#8217;impugnatura. Forma<\/span><span class=\"a-list-item\">ottagonale.<\/span><\/p>\n<p><em><span style=\"color: red;\">*NOTA: I sais sono rivestiti con una vernice nera per proteggere il prodotto. Si tratta di uno strato deperibile che cade con l&#8217;uso e si sbiadisce nel tempo. Ma non si tratta mai di un difetto del prodotto. Si tratta semplicemente di un bagno di tintura nera che lo protegge, soprattutto durante il trasporto (essendo un prodotto artigianale che importiamo da Okinawa), e che cadr\u00e0 con l&#8217;uso. Pertanto, la ricezione di questo prodotto con parti su cui la vernice si \u00e8 staccata non sar\u00e0 in alcun caso motivo di restituzione. <\/span><\/em><\/p>\n<p><strong>Come conservare il sais dopo ogni utilizzo:<br \/>\n<\/strong><\/p>\n<ul>\n<li>Pulire bene con un panno asciutto per eliminare l&#8217;umidit\u00e0 residua sul prodotto.<\/li>\n<li>Applicare un po&#8217; di olio sul sais.<\/li>\n<li>Rimuovere l&#8217;olio in eccesso con un panno morbido.<\/li>\n<\/ul>\n<h2>Storia del sais<\/h2>\n<p>Il SAI giapponese, noto anche come &#8220;SAI Juko&#8221; o &#8220;SAI Ki&#8221;, \u00e8 un tipo di attrezzo tradizionale giapponese utilizzato nelle arti marziali come il Kobudo e il Ninjutsu. Il &#8220;SAI&#8221; si traduce come &#8220;punta&#8221; o &#8220;pugnalata&#8221; ed \u00e8 uno strumento di percussione e difesa originariamente progettato per bloccare e deviare gli attacchi di spade o altri strumenti.<\/p>\n<p>Il &#8216;SAI&#8217; giapponese \u00e8 costituito da un&#8217;asta metallica, solitamente in ferro o acciaio, della lunghezza di circa 50-60 centimetri. Ha una lama corta e larga a un&#8217;estremit\u00e0, utilizzata per bloccare o colpire, e un manico lungo e dritto all&#8217;altra estremit\u00e0. Alcune varianti del SAI possono avere una o due punte aggiuntive ai lati dell&#8217;elsa, che possono essere utilizzate per intrappolare o deviare le armi nemiche.<\/p>\n<p>Il SAI \u00e8 uno strumento versatile che consente di bloccare e deviare gli attacchi, nonch\u00e9 di eseguire colpi contundenti e controlli articolari nel combattimento ravvicinato. Il SAI \u00e8 uno strumento versatile che consente di bloccare e deviare gli attacchi, nonch\u00e9 di eseguire colpi contundenti e controlli articolari nel combattimento ravvicinato.<\/p>\n<p>Oggi il SAI giapponese \u00e8 utilizzato principalmente nella pratica delle arti marziali tradizionali e nelle esibizioni di arti marziali.<\/p>\n","protected":false},"excerpt":{"rendered":"<p>Sai ottagonale nero Shureido. Realizzato a mano e importato da Okinawa, Giappone. Venduto in coppia.<\/p>\n<p><em>*Prodotto non disponibile al di fuori dell&#8217;UE.<\/em><\/p>\n<p>NOTA IMPORTANTE: tutti i nostri strumenti sono venduti come oggetti da collezione e non possono essere usati o portati come armi.<\/p>\n<p>MISURE:<br \/>\nTaglia S &#8211; A: 30 cm \/ B: 8,5 cm<br \/>\nTaglia M &#8211; A:: 34 cm \/ B: 9,5 cm<br \/>\nTaglia L &#8211; A:: 37 cm \/ B: 10 cm<br \/>\nTaglia XL &#8211; A:: 42 cm \/ B: 11,5 cm<br \/>\n<img loading=\"lazy\" decoding=\"async\" class=\"alignnone size-medium wp-image-85032\" src=\"https:\/\/hajimekarate.com\/wp-content\/uploads\/2023\/06\/Sai-A-B-OK-300x131.jpg\" alt=\"\" width=\"300\" height=\"131\" srcset=\"https:\/\/hajimekarate.com\/wp-content\/uploads\/2023\/06\/Sai-A-B-OK-300x131.jpg 300w, https:\/\/hajimekarate.com\/wp-content\/uploads\/2023\/06\/Sai-A-B-OK-1024x446.jpg 1024w, https:\/\/hajimekarate.com\/wp-content\/uploads\/2023\/06\/Sai-A-B-OK-768x335.jpg 768w, https:\/\/hajimekarate.com\/wp-content\/uploads\/2023\/06\/Sai-A-B-OK-600x261.jpg 600w, https:\/\/hajimekarate.com\/wp-content\/uploads\/2023\/06\/Sai-A-B-OK-80x35.jpg 80w, https:\/\/hajimekarate.com\/wp-content\/uploads\/2023\/06\/Sai-A-B-OK.jpg 1402w\" sizes=\"auto, (max-width: 300px) 100vw, 300px\" \/><\/p>\n","protected":false},"featured_media":59435,"template":"","meta":{"_joinchat":[]},"product_brand":[],"product_cat":[2750,2749,2767],"product_tag":[2653],"class_list":{"0":"post-59445","1":"product","2":"type-product","3":"status-publish","4":"has-post-thumbnail","6":"product_cat-non-classificato","7":"product_cat-strumenti-it","8":"product_cat-strumenti-shureido","9":"product_tag-club-10-it","10":"product_shipping_class-tools_metal","12":"first","13":"onbackorder","14":"taxable","15":"shipping-taxable","16":"purchasable","17":"product-type-variable"},"_links":{"self":[{"href":"https:\/\/hajimekarate.com\/it\/wp-json\/wp\/v2\/product\/59445","targetHints":{"allow":["GET"]}}],"collection":[{"href":"https:\/\/hajimekarate.com\/it\/wp-json\/wp\/v2\/product"}],"about":[{"href":"https:\/\/hajimekarate.com\/it\/wp-json\/wp\/v2\/types\/product"}],"wp:featuredmedia":[{"embeddable":true,"href":"https:\/\/hajimekarate.com\/it\/wp-json\/wp\/v2\/media\/59435"}],"wp:attachment":[{"href":"https:\/\/hajimekarate.com\/it\/wp-json\/wp\/v2\/media?parent=59445"}],"wp:term":[{"taxonomy":"product_brand","embeddable":true,"href":"https:\/\/hajimekarate.com\/it\/wp-json\/wp\/v2\/product_brand?post=59445"},{"taxonomy":"product_cat","embeddable":true,"href":"https:\/\/hajimekarate.com\/it\/wp-json\/wp\/v2\/product_cat?post=59445"},{"taxonomy":"product_tag","embeddable":true,"href":"https:\/\/hajimekarate.com\/it\/wp-json\/wp\/v2\/product_tag?post=59445"}],"curies":[{"name":"wp","href":"https:\/\/api.w.org\/{rel}","templated":true}]}}