{"id":59402,"date":"2019-10-06T21:55:45","date_gmt":"2023-06-19T15:19:50","guid":{"rendered":"https:\/\/hajimekarate.com\/comprar\/shimenawa-shide\/"},"modified":"2023-06-19T17:19:50","modified_gmt":"2023-06-19T15:19:50","slug":"shimenawa-shide","status":"publish","type":"product","link":"https:\/\/hajimekarate.com\/it\/acquistare\/shimenawa-shide\/","title":{"rendered":"Shimenawa + Shide"},"content":{"rendered":"<p>Shimenawa in polipropilene intrecciato e legato con nastri di sparto di 70 mm (L) x 60 mm (L) x 60 mm (P). Shomen \u00e8 spesso accostato a Kamidana, poich\u00e9 nello Shintoismo indica un luogo sacro o puro. Lo shide \u00e8 una carta piegata che viene posta tra le corde intrecciate.<\/p>\n","protected":false},"excerpt":{"rendered":"<p>Shimenawa in polipropilene intrecciato e legato con nastri di sparto di 70 mm (L) x 60 mm (L) x 60 mm (P). Shide \u00e8 una carta piegata e plastificata per resistere a tutte le condizioni atmosferiche. Peso: 400 gr.<\/p>\n","protected":false},"featured_media":38731,"template":"","meta":{"_joinchat":[]},"product_brand":[],"product_cat":[1329,1330],"product_tag":[],"class_list":{"0":"post-59402","1":"product","2":"type-product","3":"status-publish","4":"has-post-thumbnail","6":"product_cat-decoracion-it","7":"product_cat-exclusivos-hajime-it","9":"first","10":"outofstock","11":"taxable","12":"shipping-taxable","13":"purchasable","14":"product-type-simple"},"_links":{"self":[{"href":"https:\/\/hajimekarate.com\/it\/wp-json\/wp\/v2\/product\/59402","targetHints":{"allow":["GET"]}}],"collection":[{"href":"https:\/\/hajimekarate.com\/it\/wp-json\/wp\/v2\/product"}],"about":[{"href":"https:\/\/hajimekarate.com\/it\/wp-json\/wp\/v2\/types\/product"}],"wp:featuredmedia":[{"embeddable":true,"href":"https:\/\/hajimekarate.com\/it\/wp-json\/wp\/v2\/media\/38731"}],"wp:attachment":[{"href":"https:\/\/hajimekarate.com\/it\/wp-json\/wp\/v2\/media?parent=59402"}],"wp:term":[{"taxonomy":"product_brand","embeddable":true,"href":"https:\/\/hajimekarate.com\/it\/wp-json\/wp\/v2\/product_brand?post=59402"},{"taxonomy":"product_cat","embeddable":true,"href":"https:\/\/hajimekarate.com\/it\/wp-json\/wp\/v2\/product_cat?post=59402"},{"taxonomy":"product_tag","embeddable":true,"href":"https:\/\/hajimekarate.com\/it\/wp-json\/wp\/v2\/product_tag?post=59402"}],"curies":[{"name":"wp","href":"https:\/\/api.w.org\/{rel}","templated":true}]}}