{"id":51002,"date":"2023-02-22T17:06:18","date_gmt":"2023-02-22T16:06:18","guid":{"rendered":"https:\/\/hajimekarate.com\/?post_type=product&#038;p=51002"},"modified":"2026-01-21T10:53:03","modified_gmt":"2026-01-21T09:53:03","slug":"solo-pantaloni-shureido-waza-plain-o-wkf-approved","status":"publish","type":"product","link":"https:\/\/hajimekarate.com\/it\/acquistare\/solo-pantaloni-shureido-waza-plain-o-wkf-approved\/","title":{"rendered":"Solo pantaloni | Shureido Waza | Opzione [Plain] o [WKF Approved 2025 -2029]"},"content":{"rendered":"<p>Aumentiamo le possibilit\u00e0 di rinnovare e adattare il vostro equipaggiamento per le competizioni internazionali WKF senza dover acquistare il karategui completo. Con questa opzione \u00e8 possibile scegliere solo i pantaloni del proprio Shureido Waza karategui. \u00c8 possibile selezionare l&#8217;opzione dell&#8217;etichetta o meno a seconda dell&#8217;uso che se ne intende fare. Da Hajime Karate \u00e8 possibile acquistare solo la giacca con le nuove regole e il logo ricamato sulle spalle, se non \u00e8 necessario rinnovare l&#8217;intera tuta. Oppure potete acquistare un pantalone largo nel caso in cui dobbiate rinnovare solo questa parte del vostro Gi.<\/p>\n","protected":false},"excerpt":{"rendered":"<p>Pantaloni Solo Karategi Shureido Waza Kumite &#8211; Scegliere l&#8217;opzione dell&#8217;etichetta WKF se si desidera l&#8217;omologazione della <strong>World Karate Federation,<\/strong> per poter competere negli eventi ufficiali WKF. Gli SHUREIDO Karateguis hanno il certificato <strong>\u201cWKF Approved<\/strong>\u201d 2025 \u2013 2029. <a href=\"https:\/\/hajimekarate.com\/wp-content\/uploads\/2024\/12\/PHOTO-2024-12-04-16-12-42.jpg\" target=\"_blank\" rel=\"noopener\">Visualizza il certificato<\/a><\/p>\n<p style=\"color: #e7110b;\"><strong>AVVISO<br \/>\n<\/strong><span style=\"color: #333333;\">Tutti i capi Shureido hanno una tintura bluastra molto tenue per proteggere il karategui e farlo rimanere pi\u00f9 bianco a lungo. Ecco perch\u00e9 i modelli di Shureido sono di un bianco sorprendente. Questa tintura sbiadisce con il lavaggio e il bianco si uniformer\u00e0 a quello di altri capi con un uso maggiore.<\/span><\/p>\n","protected":false},"featured_media":51035,"template":"","meta":{"_joinchat":[]},"product_brand":[],"product_cat":[2910,2651,2641,2691,2652,2643,2642,2655,2649,2916,2915,3133,3137],"product_tag":[2653],"class_list":{"0":"post-51002","1":"product","2":"type-product","3":"status-publish","4":"has-post-thumbnail","6":"product_cat-attrezzature-personalizzate-per-il-karate","7":"product_cat-competizione-di-kumite","8":"product_cat-karategi-it","9":"product_cat-karategi-kumite-it","10":"product_cat-karategi-kumite-wkf","11":"product_cat-karategi-shureido","12":"product_cat-karategi-wkf","13":"product_cat-marche","14":"product_cat-shureido-it","15":"product_cat-shureido-pantaloni-ricamo","16":"product_cat-shureido-pantaloni-su-misura","17":"product_cat-karate-competizione","18":"product_cat-shureido-competizione","19":"product_tag-club-10-it","21":"first","22":"instock","23":"taxable","24":"shipping-taxable","25":"purchasable","26":"product-type-variable","27":"has-default-attributes"},"_links":{"self":[{"href":"https:\/\/hajimekarate.com\/it\/wp-json\/wp\/v2\/product\/51002","targetHints":{"allow":["GET"]}}],"collection":[{"href":"https:\/\/hajimekarate.com\/it\/wp-json\/wp\/v2\/product"}],"about":[{"href":"https:\/\/hajimekarate.com\/it\/wp-json\/wp\/v2\/types\/product"}],"wp:featuredmedia":[{"embeddable":true,"href":"https:\/\/hajimekarate.com\/it\/wp-json\/wp\/v2\/media\/51035"}],"wp:attachment":[{"href":"https:\/\/hajimekarate.com\/it\/wp-json\/wp\/v2\/media?parent=51002"}],"wp:term":[{"taxonomy":"product_brand","embeddable":true,"href":"https:\/\/hajimekarate.com\/it\/wp-json\/wp\/v2\/product_brand?post=51002"},{"taxonomy":"product_cat","embeddable":true,"href":"https:\/\/hajimekarate.com\/it\/wp-json\/wp\/v2\/product_cat?post=51002"},{"taxonomy":"product_tag","embeddable":true,"href":"https:\/\/hajimekarate.com\/it\/wp-json\/wp\/v2\/product_tag?post=51002"}],"curies":[{"name":"wp","href":"https:\/\/api.w.org\/{rel}","templated":true}]}}