{"id":48083,"date":"2022-11-30T12:25:35","date_gmt":"2022-11-30T11:25:35","guid":{"rendered":"https:\/\/hajimekarate.com\/?post_type=product&#038;p=48083"},"modified":"2026-01-20T15:48:57","modified_gmt":"2026-01-20T14:48:57","slug":"tonfa-shureido-copia","status":"publish","type":"product","link":"https:\/\/hajimekarate.com\/it\/acquistare\/tonfa-shureido-copia\/","title":{"rendered":"Eku Shureido"},"content":{"rendered":"[vc_row type=&#8221;in_container&#8221; full_screen_row_position=&#8221;middle&#8221; column_margin=&#8221;default&#8221; column_direction=&#8221;default&#8221; column_direction_tablet=&#8221;default&#8221; column_direction_phone=&#8221;default&#8221; scene_position=&#8221;center&#8221; text_color=&#8221;dark&#8221; text_align=&#8221;left&#8221; row_border_radius=&#8221;none&#8221; row_border_radius_applies=&#8221;bg&#8221; overflow=&#8221;visible&#8221; overlay_strength=&#8221;0.3&#8243; gradient_direction=&#8221;left_to_right&#8221; shape_divider_position=&#8221;bottom&#8221; bg_image_animation=&#8221;none&#8221;][vc_column column_padding=&#8221;no-extra-padding&#8221; column_padding_tablet=&#8221;inherit&#8221; column_padding_phone=&#8221;inherit&#8221; column_padding_position=&#8221;all&#8221; column_element_spacing=&#8221;default&#8221; background_color_opacity=&#8221;1&#8243; background_hover_color_opacity=&#8221;1&#8243; column_shadow=&#8221;none&#8221; column_border_radius=&#8221;none&#8221; column_link_target=&#8221;_self&#8221; column_position=&#8221;default&#8221; gradient_direction=&#8221;left_to_right&#8221; overlay_strength=&#8221;0.3&#8243; width=&#8221;1\/1&#8243; tablet_width_inherit=&#8221;default&#8221; tablet_text_alignment=&#8221;default&#8221; phone_text_alignment=&#8221;default&#8221; animation_type=&#8221;default&#8221; bg_image_animation=&#8221;none&#8221; border_type=&#8221;simple&#8221; column_border_width=&#8221;none&#8221; column_border_style=&#8221;solid&#8221;][vc_column_text]L&#8217;origine dell&#8217;eku o remo \u00e8 molto antica. \u00c8 stato ideato dai pescatori di Okinawa per proteggersi da una possibile invasione cinese e hanno adattato i remi a strumento di autodifesa. Il risultato \u00e8 un eccellente utensile da taglio ad aria compressa con un elevato potere distruttivo. L&#8217;uso di questo strumento \u00e8 simile a quello del B\u014d, anche se a causa della sua fisionomia, con il baricentro spostato, e del peso maggiore, \u00e8 pi\u00f9 difficile da usare. Originariamente era stata progettata per i combattimenti sulla spiaggia, in quanto il lato piatto permetteva di accecare l&#8217;avversario per attaccarlo gettandogli la sabbia negli occhi.<\/p>\n","protected":false},"excerpt":{"rendered":"<p>Eku Shureido in legno di quercia rossa. Realizzato a mano a Okinawa (Giappone). Possibilit\u00e0 di aggiungere una fondina con marchio Shureido.<\/p>\n<p>NOTA IMPORTANTE: tutti i nostri strumenti sono venduti come oggetti da collezione e non possono essere usati o portati come armi.<\/p>\n","protected":false},"featured_media":38672,"template":"","meta":{"_joinchat":[]},"product_brand":[],"product_cat":[2749,2767],"product_tag":[3333,3145,2653],"class_list":{"0":"post-48083","1":"product","2":"type-product","3":"status-publish","4":"has-post-thumbnail","6":"product_cat-strumenti-it","7":"product_cat-strumenti-shureido","8":"product_tag-blackfriday-club-15-it","9":"product_tag-blackfriday-it","10":"product_tag-club-10-it","11":"product_shipping_class-tools_vol","13":"first","14":"onbackorder","15":"taxable","16":"shipping-taxable","17":"purchasable","18":"product-type-variable"},"_links":{"self":[{"href":"https:\/\/hajimekarate.com\/it\/wp-json\/wp\/v2\/product\/48083","targetHints":{"allow":["GET"]}}],"collection":[{"href":"https:\/\/hajimekarate.com\/it\/wp-json\/wp\/v2\/product"}],"about":[{"href":"https:\/\/hajimekarate.com\/it\/wp-json\/wp\/v2\/types\/product"}],"wp:featuredmedia":[{"embeddable":true,"href":"https:\/\/hajimekarate.com\/it\/wp-json\/wp\/v2\/media\/38672"}],"wp:attachment":[{"href":"https:\/\/hajimekarate.com\/it\/wp-json\/wp\/v2\/media?parent=48083"}],"wp:term":[{"taxonomy":"product_brand","embeddable":true,"href":"https:\/\/hajimekarate.com\/it\/wp-json\/wp\/v2\/product_brand?post=48083"},{"taxonomy":"product_cat","embeddable":true,"href":"https:\/\/hajimekarate.com\/it\/wp-json\/wp\/v2\/product_cat?post=48083"},{"taxonomy":"product_tag","embeddable":true,"href":"https:\/\/hajimekarate.com\/it\/wp-json\/wp\/v2\/product_tag?post=48083"}],"curies":[{"name":"wp","href":"https:\/\/api.w.org\/{rel}","templated":true}]}}