{"id":47281,"date":"2019-10-06T21:55:46","date_gmt":"2019-10-06T19:55:46","guid":{"rendered":"https:\/\/hajimekarate.com\/comprar\/supporto-tavolo-per-3-armi\/"},"modified":"2024-03-28T18:02:43","modified_gmt":"2024-03-28T17:02:43","slug":"armero-3-apoyos-sobremesa","status":"publish","type":"product","link":"https:\/\/hajimekarate.com\/it\/acquistare\/armero-3-apoyos-sobremesa\/","title":{"rendered":"Supporto tavolo per 3 Armi"},"content":{"rendered":"<p>Artigianale. Dimensioni: 320 mm (L) x 100 mm (P) x 365 mm (H). Con 3 sezioni. Sta in piedi, non \u00e8 necessario appenderlo alla parete. Grazie al suo design, \u00e8 molto versatile e pu\u00f2 essere utilizzato per diverse armi.<\/p>\n","protected":false},"excerpt":{"rendered":"<p>Artigianale. Dimensioni: 320 mm (L) x 100 mm (P) x 365 mm (H). Peso: 640 gr.<\/p>\n<p><em>*Prodotto artigianale realizzato su ordinazione, quindi a volte, se non abbiamo scorte, potrebbero essere necessari alcuni giorni.<\/em><\/p>\n<p>NOTA IMPORTANTE: tutti i nostri strumenti sono venduti come oggetti da collezione e non possono essere usati o portati come armi.<\/p>\n","protected":false},"featured_media":38757,"template":"","meta":{"_joinchat":[]},"product_brand":[],"product_cat":[2760,2749,2756,2763],"product_tag":[2741],"class_list":{"0":"post-47281","1":"product","2":"type-product","3":"status-publish","4":"has-post-thumbnail","6":"product_cat-kobudo-it","7":"product_cat-strumenti-it","8":"product_cat-strumenti-linea-miyabi","9":"product_cat-supporti","10":"product_tag-club-05-it","12":"first","13":"outofstock","14":"taxable","15":"shipping-taxable","16":"purchasable","17":"product-type-simple"},"_links":{"self":[{"href":"https:\/\/hajimekarate.com\/it\/wp-json\/wp\/v2\/product\/47281","targetHints":{"allow":["GET"]}}],"collection":[{"href":"https:\/\/hajimekarate.com\/it\/wp-json\/wp\/v2\/product"}],"about":[{"href":"https:\/\/hajimekarate.com\/it\/wp-json\/wp\/v2\/types\/product"}],"wp:featuredmedia":[{"embeddable":true,"href":"https:\/\/hajimekarate.com\/it\/wp-json\/wp\/v2\/media\/38757"}],"wp:attachment":[{"href":"https:\/\/hajimekarate.com\/it\/wp-json\/wp\/v2\/media?parent=47281"}],"wp:term":[{"taxonomy":"product_brand","embeddable":true,"href":"https:\/\/hajimekarate.com\/it\/wp-json\/wp\/v2\/product_brand?post=47281"},{"taxonomy":"product_cat","embeddable":true,"href":"https:\/\/hajimekarate.com\/it\/wp-json\/wp\/v2\/product_cat?post=47281"},{"taxonomy":"product_tag","embeddable":true,"href":"https:\/\/hajimekarate.com\/it\/wp-json\/wp\/v2\/product_tag?post=47281"}],"curies":[{"name":"wp","href":"https:\/\/api.w.org\/{rel}","templated":true}]}}