{"id":47278,"date":"2019-10-06T21:55:47","date_gmt":"2019-10-06T19:55:47","guid":{"rendered":"https:\/\/hajimekarate.com\/comprar\/ishi-sashi-ferro\/"},"modified":"2026-01-28T12:44:22","modified_gmt":"2026-01-28T11:44:22","slug":"ishi-sashi-granito","status":"publish","type":"product","link":"https:\/\/hajimekarate.com\/it\/acquistare\/ishi-sashi-granito\/","title":{"rendered":"Ishi Sashi Ferro"},"content":{"rendered":"<p><span style=\"font-weight: 400;\">Questo strumento di allenamento tradizionale delle arti marziali giapponesi \u00e8 utilizzato in alcuni sotto-stili di karate. E serve a sviluppare la forza di mani, polsi, braccia e spalle. Questo \u00e8 noto come Hojo Undo, ovvero l&#8217;allenamento tradizionale della forza.<\/span><\/p>\n<p><span style=\"font-weight: 400;\">L&#8217;Ishi Sashi \u00e8 solitamente costituito da pesi di ferro, pietra o cemento per rafforzare la mano. Gli studenti di arti marziali devono afferrare l&#8217;Ishi Sashi e far oscillare il peso o tenere l&#8217;Ishi Sashi fermo con il peso esteso. L&#8217;allenamento con un Ishi Sashi \u00e8 modestamente pi\u00f9 facile di quello con un Chishi, poich\u00e9 gli studenti non devono gestire un peso elevato. L&#8217;esercizio con Ishi Sashi e\/o Chishi fornisce un allenamento simile a quello delle campane moderne.<\/span><\/p>\n","protected":false},"excerpt":{"rendered":"<p>Artigianali.<br \/>\nRealizzati in ferro di prima qualit\u00e0.<br \/>\nPeso: 5 kg ciascuno. Chiedeteci i dettagli!<\/p>\n<p>Uno strumento di formazione tradizionale. Elemento essenziale di Hojo Undo.<\/p>\n<p><em>*Prodotto artigianale realizzato su ordinazione, quindi a volte, se non abbiamo scorte, potrebbero essere necessari alcuni giorni.<\/em><\/p>\n<p>NOTA IMPORTANTE: tutti i nostri strumenti sono venduti come oggetti da collezione e non possono essere usati o portati come armi.<\/p>\n","protected":false},"featured_media":22651,"template":"","meta":{"_joinchat":[]},"product_brand":[],"product_cat":[2759,2757,2749,2756],"product_tag":[2741],"class_list":{"0":"post-47278","1":"product","2":"type-product","3":"status-publish","4":"has-post-thumbnail","6":"product_cat-altri-strumenti","7":"product_cat-hojo-undo-it","8":"product_cat-strumenti-it","9":"product_cat-strumenti-linea-miyabi","10":"product_tag-club-05-it","11":"product_shipping_class-tools_vol","13":"first","14":"onbackorder","15":"taxable","16":"shipping-taxable","17":"purchasable","18":"product-type-simple"},"_links":{"self":[{"href":"https:\/\/hajimekarate.com\/it\/wp-json\/wp\/v2\/product\/47278","targetHints":{"allow":["GET"]}}],"collection":[{"href":"https:\/\/hajimekarate.com\/it\/wp-json\/wp\/v2\/product"}],"about":[{"href":"https:\/\/hajimekarate.com\/it\/wp-json\/wp\/v2\/types\/product"}],"wp:featuredmedia":[{"embeddable":true,"href":"https:\/\/hajimekarate.com\/it\/wp-json\/wp\/v2\/media\/22651"}],"wp:attachment":[{"href":"https:\/\/hajimekarate.com\/it\/wp-json\/wp\/v2\/media?parent=47278"}],"wp:term":[{"taxonomy":"product_brand","embeddable":true,"href":"https:\/\/hajimekarate.com\/it\/wp-json\/wp\/v2\/product_brand?post=47278"},{"taxonomy":"product_cat","embeddable":true,"href":"https:\/\/hajimekarate.com\/it\/wp-json\/wp\/v2\/product_cat?post=47278"},{"taxonomy":"product_tag","embeddable":true,"href":"https:\/\/hajimekarate.com\/it\/wp-json\/wp\/v2\/product_tag?post=47278"}],"curies":[{"name":"wp","href":"https:\/\/api.w.org\/{rel}","templated":true}]}}