{"id":47269,"date":"2019-10-06T21:55:53","date_gmt":"2019-10-06T19:55:53","guid":{"rendered":"https:\/\/hajimekarate.com\/comprar\/jo-uniforme-rotondo-127-cm\/"},"modified":"2024-03-28T17:55:32","modified_gmt":"2024-03-28T16:55:32","slug":"jo-uniforme-redondo-127-cm","status":"publish","type":"product","link":"https:\/\/hajimekarate.com\/it\/acquistare\/jo-uniforme-redondo-127-cm\/","title":{"rendered":"Jo Uniforme Rotondo 127 cm"},"content":{"rendered":"<p><span style=\"font-weight: 400;\">Il Jo \u00e8 un bastone di legno che, secondo la leggenda, fu creato nel XVII secolo dal guerriero samurai Katsuyoshi dopo essere stato sconfitto con un Bo rinforzato in ferro contro i due bokken di Musashi, il pi\u00f9 famoso dei samurai. <\/span><span style=\"font-weight: 400;\">Dopo un sogno ispiratore, Katsuyoshi cre\u00f2 quest&#8217;arma pi\u00f9 corta e svilupp\u00f2 diverse tecniche con le quali riusc\u00ec finalmente a sconfiggere Musashi.<\/span><\/p>\n<p>Artigianale. Realizzato in legno di faggio di alta qualit\u00e0 con una forma diritta. Levigato a mano con applicazione di una mano di olio di lino. Ideale per il lavoro di Kata e gli esercizi di contatto grazie alla sua durezza, leggerezza e durata.<\/p>\n","protected":false},"excerpt":{"rendered":"<p>Artigianale. Legno di faggio di prima qualit\u00e0. Levigato a mano con applicazione di una mano di olio di lino. Peso: 650 gr.<\/p>\n<p><em>*Prodotto artigianale realizzato su ordinazione, quindi a volte, se non abbiamo scorte, potrebbero essere necessari alcuni giorni.<\/em><\/p>\n<p>NOTA IMPORTANTE: tutti i nostri strumenti sono venduti come oggetti da collezione e non possono essere usati o portati come armi.<\/p>\n","protected":false},"featured_media":38669,"template":"","meta":{"_joinchat":[]},"product_brand":[],"product_cat":[2761,2760,2749,2748,2756],"product_tag":[2741],"class_list":{"0":"post-47269","1":"product","2":"type-product","3":"status-publish","4":"has-post-thumbnail","6":"product_cat-in-legno","7":"product_cat-kobudo-it","8":"product_cat-strumenti-it","9":"product_cat-strumenti-spesa-it","10":"product_cat-strumenti-linea-miyabi","11":"product_tag-club-05-it","12":"product_shipping_class-tools_vol","14":"first","15":"outofstock","16":"taxable","17":"shipping-taxable","18":"purchasable","19":"product-type-simple"},"_links":{"self":[{"href":"https:\/\/hajimekarate.com\/it\/wp-json\/wp\/v2\/product\/47269","targetHints":{"allow":["GET"]}}],"collection":[{"href":"https:\/\/hajimekarate.com\/it\/wp-json\/wp\/v2\/product"}],"about":[{"href":"https:\/\/hajimekarate.com\/it\/wp-json\/wp\/v2\/types\/product"}],"wp:featuredmedia":[{"embeddable":true,"href":"https:\/\/hajimekarate.com\/it\/wp-json\/wp\/v2\/media\/38669"}],"wp:attachment":[{"href":"https:\/\/hajimekarate.com\/it\/wp-json\/wp\/v2\/media?parent=47269"}],"wp:term":[{"taxonomy":"product_brand","embeddable":true,"href":"https:\/\/hajimekarate.com\/it\/wp-json\/wp\/v2\/product_brand?post=47269"},{"taxonomy":"product_cat","embeddable":true,"href":"https:\/\/hajimekarate.com\/it\/wp-json\/wp\/v2\/product_cat?post=47269"},{"taxonomy":"product_tag","embeddable":true,"href":"https:\/\/hajimekarate.com\/it\/wp-json\/wp\/v2\/product_tag?post=47269"}],"curies":[{"name":"wp","href":"https:\/\/api.w.org\/{rel}","templated":true}]}}