{"id":47268,"date":"2019-10-06T21:55:53","date_gmt":"2019-10-06T19:55:53","guid":{"rendered":"https:\/\/hajimekarate.com\/comprar\/bokken\/"},"modified":"2026-01-28T12:38:23","modified_gmt":"2026-01-28T11:38:23","slug":"bokken","status":"publish","type":"product","link":"https:\/\/hajimekarate.com\/it\/acquistare\/bokken\/","title":{"rendered":"Bokken"},"content":{"rendered":"<p><span style=\"font-weight: 400;\">\u00c8 una katana di legno, chiamata anche bokuto. Il suo uso divenne popolare nel periodo Muromachi (1336-1600), quando i guerrieri iniziarono a usarlo nell&#8217;arte del duello piuttosto che sul campo di battaglia. Attualmente \u00e8 utilizzato nello Iaijutsu o Kenjutsu, documentato nel XVII secolo. Il Kenjutsu \u00e8 una tecnica del Kobujutsu ed \u00e8 l&#8217;origine del Kendo. \u00c8 essenziale nell&#8217;allenamento del Kata. \u00c8 essenziale nell&#8217;allenamento del Kata. <\/span><\/p>\n<p>Realizzato in faggio di alta qualit\u00e0 e interamente lavorato a mano con sgorbia e pennello nel rispetto della tradizione, ha le misure tradizionali del bokken giapponese: 1023 mm (L) e 40 mm (L), con un&#8217;impugnatura ellittica di 270 mm (L) e 40 mm (L), ideale per la pratica a contatto grazie alla sua leggerezza, all&#8217;equilibrio e all&#8217;elevata resistenza, ed \u00e8 rifinito in un elegante color noce.<\/p>\n","protected":false},"excerpt":{"rendered":"<p>Legno di faggio di prima qualit\u00e0. 1023 mm (L) e 40 mm (W), con un manico di 270 mm (L) e 40 mm (W) di forma ellittica. Peso: 450 gr.<\/p>\n<p><em>*Prodotto artigianale realizzato su ordinazione, quindi a volte, se non abbiamo scorte, potrebbero essere necessari alcuni giorni.<br \/>\n<\/em><\/p>\n<p>NOTA IMPORTANTE: tutti i nostri strumenti sono venduti come oggetti da collezione e non possono essere usati o portati come armi.<\/p>\n","protected":false},"featured_media":38763,"template":"","meta":{"_joinchat":[]},"product_brand":[],"product_cat":[2743,2761,2760,2749,2756],"product_tag":[2741],"class_list":{"0":"post-47268","1":"product","2":"type-product","3":"status-publish","4":"has-post-thumbnail","6":"product_cat-aikido-it","7":"product_cat-in-legno","8":"product_cat-kobudo-it","9":"product_cat-strumenti-it","10":"product_cat-strumenti-linea-miyabi","11":"product_tag-club-05-it","12":"product_shipping_class-tools_vol","14":"first","15":"onbackorder","16":"taxable","17":"shipping-taxable","18":"purchasable","19":"product-type-simple"},"_links":{"self":[{"href":"https:\/\/hajimekarate.com\/it\/wp-json\/wp\/v2\/product\/47268","targetHints":{"allow":["GET"]}}],"collection":[{"href":"https:\/\/hajimekarate.com\/it\/wp-json\/wp\/v2\/product"}],"about":[{"href":"https:\/\/hajimekarate.com\/it\/wp-json\/wp\/v2\/types\/product"}],"wp:featuredmedia":[{"embeddable":true,"href":"https:\/\/hajimekarate.com\/it\/wp-json\/wp\/v2\/media\/38763"}],"wp:attachment":[{"href":"https:\/\/hajimekarate.com\/it\/wp-json\/wp\/v2\/media?parent=47268"}],"wp:term":[{"taxonomy":"product_brand","embeddable":true,"href":"https:\/\/hajimekarate.com\/it\/wp-json\/wp\/v2\/product_brand?post=47268"},{"taxonomy":"product_cat","embeddable":true,"href":"https:\/\/hajimekarate.com\/it\/wp-json\/wp\/v2\/product_cat?post=47268"},{"taxonomy":"product_tag","embeddable":true,"href":"https:\/\/hajimekarate.com\/it\/wp-json\/wp\/v2\/product_tag?post=47268"}],"curies":[{"name":"wp","href":"https:\/\/api.w.org\/{rel}","templated":true}]}}