{"id":47267,"date":"2019-10-06T21:55:54","date_gmt":"2019-10-06T19:55:54","guid":{"rendered":"https:\/\/hajimekarate.com\/comprar\/eku-168-cm\/"},"modified":"2026-01-28T12:02:49","modified_gmt":"2026-01-28T11:02:49","slug":"eku-168-cm","status":"publish","type":"product","link":"https:\/\/hajimekarate.com\/it\/acquistare\/eku-168-cm\/","title":{"rendered":"Eku 168 cm"},"content":{"rendered":"[vc_row type=&#8221;in_container&#8221; full_screen_row_position=&#8221;middle&#8221; column_margin=&#8221;default&#8221; column_direction=&#8221;default&#8221; column_direction_tablet=&#8221;default&#8221; column_direction_phone=&#8221;default&#8221; scene_position=&#8221;center&#8221; text_color=&#8221;dark&#8221; text_align=&#8221;left&#8221; row_border_radius=&#8221;none&#8221; row_border_radius_applies=&#8221;bg&#8221; overlay_strength=&#8221;0.3&#8243; gradient_direction=&#8221;left_to_right&#8221; shape_divider_position=&#8221;bottom&#8221; bg_image_animation=&#8221;none&#8221;][vc_column column_padding=&#8221;no-extra-padding&#8221; column_padding_tablet=&#8221;inherit&#8221; column_padding_phone=&#8221;inherit&#8221; column_padding_position=&#8221;all&#8221; column_element_spacing=&#8221;default&#8221; background_color_opacity=&#8221;1&#8243; background_hover_color_opacity=&#8221;1&#8243; column_shadow=&#8221;none&#8221; column_border_radius=&#8221;none&#8221; column_link_target=&#8221;_self&#8221; gradient_direction=&#8221;left_to_right&#8221; overlay_strength=&#8221;0.3&#8243; width=&#8221;1\/1&#8243; tablet_width_inherit=&#8221;default&#8221; tablet_text_alignment=&#8221;default&#8221; phone_text_alignment=&#8221;default&#8221; bg_image_animation=&#8221;none&#8221; border_type=&#8221;simple&#8221; column_border_width=&#8221;none&#8221; column_border_style=&#8221;solid&#8221;][vc_column_text]<span style=\"font-weight: 400;\">L&#8217;origine di quest&#8217;arma \u00e8 molto antica. \u00c8 stato ideato dai pescatori di Okinawa per proteggersi da una possibile invasione cinese e hanno adattato i remi a un&#8217;arma di autodifesa. Il risultato \u00e8 un&#8217;eccellente arma da taglio ad aria compressa con un elevato potere distruttivo. L&#8217;uso di quest&#8217;arma \u00e8 simile a quello del B\u014d, anche se a causa della sua fisionomia, con il centro di gravit\u00e0 spostato e il peso maggiore, \u00e8 un&#8217;arma pi\u00f9 difficile da usare. Originariamente era stata progettata per i combattimenti sulla spiaggia, in quanto il lato piatto permetteva di accecare l&#8217;avversario per poterlo attaccare gettandogli la sabbia negli occhi. <\/span><\/p>\n<p><span style=\"font-weight: 400;\">Con una lunghezza di 168 cm, \u00e8 realizzato a mano in Spagna con legno di faggio.<\/span> Levigato a mano con applicazione di una mano di olio di lino. La lama misura 9 cm (L) e 59 cm (L) e il manico misura 107 cm con un diametro di 28 mm. La lunghezza totale \u00e8 di 168 cm.[\/vc_column_text][\/vc_column][\/vc_row]\n","protected":false},"excerpt":{"rendered":"<p><span style=\"font-weight: 400;\">Realizzato a mano da un artigiano spagnolo con legno di faggio.<\/span> La lama misura 9 cm (L) e 59 cm (L); il manico misura 107 cm con un diametro di 28 mm. Lunghezza totale: 168 cm. Peso: circa 1,6 kg . Finitura lino, mogano o noce senza sovrapprezzo.<\/p>\n<p><em>*Prodotto artigianale realizzato su ordinazione, quindi a volte, se non abbiamo scorte, potrebbero essere necessari alcuni giorni.NOTA IMPORTANTE: tutti i nostri strumenti sono venduti come oggetti da collezione e non possono essere usati o portati come armi.<br \/>\n<\/em><\/p>\n","protected":false},"featured_media":38672,"template":"","meta":{"_joinchat":[]},"product_brand":[],"product_cat":[2761,2760,2749,2748,2756],"product_tag":[2741],"class_list":{"0":"post-47267","1":"product","2":"type-product","3":"status-publish","4":"has-post-thumbnail","6":"product_cat-in-legno","7":"product_cat-kobudo-it","8":"product_cat-strumenti-it","9":"product_cat-strumenti-spesa-it","10":"product_cat-strumenti-linea-miyabi","11":"product_tag-club-05-it","12":"product_shipping_class-tools_vol","14":"first","15":"onbackorder","16":"taxable","17":"shipping-taxable","18":"purchasable","19":"product-type-simple"},"_links":{"self":[{"href":"https:\/\/hajimekarate.com\/it\/wp-json\/wp\/v2\/product\/47267","targetHints":{"allow":["GET"]}}],"collection":[{"href":"https:\/\/hajimekarate.com\/it\/wp-json\/wp\/v2\/product"}],"about":[{"href":"https:\/\/hajimekarate.com\/it\/wp-json\/wp\/v2\/types\/product"}],"wp:featuredmedia":[{"embeddable":true,"href":"https:\/\/hajimekarate.com\/it\/wp-json\/wp\/v2\/media\/38672"}],"wp:attachment":[{"href":"https:\/\/hajimekarate.com\/it\/wp-json\/wp\/v2\/media?parent=47267"}],"wp:term":[{"taxonomy":"product_brand","embeddable":true,"href":"https:\/\/hajimekarate.com\/it\/wp-json\/wp\/v2\/product_brand?post=47267"},{"taxonomy":"product_cat","embeddable":true,"href":"https:\/\/hajimekarate.com\/it\/wp-json\/wp\/v2\/product_cat?post=47267"},{"taxonomy":"product_tag","embeddable":true,"href":"https:\/\/hajimekarate.com\/it\/wp-json\/wp\/v2\/product_tag?post=47267"}],"curies":[{"name":"wp","href":"https:\/\/api.w.org\/{rel}","templated":true}]}}